{"id":11,"date":"2017-08-03T08:37:17","date_gmt":"2017-08-03T08:37:17","guid":{"rendered":"http:\/\/46.41.149.137\/tmfwarszawa\/?page_id=11"},"modified":"2017-08-05T08:43:21","modified_gmt":"2017-08-05T08:43:21","slug":"organizacja-zawodow","status":"publish","type":"page","link":"https:\/\/tmfwarszawa.pl\/index.php\/organizacja-zawodow\/","title":{"rendered":"Organizacja zawod\u00f3w"},"content":{"rendered":"<p>Na pocz\u0105tku roku, zaraz po zako\u0144czeniu uprzedniej edycji turnieju, zostaje opublikowana lista\u00a0<a title=\"Zadania 2015 (ang)\" href=\"http:\/\/tmfwarszawa.pl\/index.php\/problems-2018\/\">17 problem\u00f3w<\/a>\u00a0na nowy rok. S\u0105 to otwarte problemy badawcze i przyst\u0119puj\u0105c do ich rozwi\u0105zania mo\u017cna korzysta\u0107 ze wszystkich dost\u0119pnych \u017ar\u00f3de\u0142. Na opracowanie zada\u0144 jest rok, jednak ka\u017cdy kraj ma obowi\u0105zek wybra\u0107 dru\u017cyn\u0119 go reprezentuj\u0105c\u0105. Taka selekcja w ka\u017cdym kraju wygl\u0105da inaczej i zazwyczaj sk\u0142adaj\u0105 si\u0119 na ni\u0105 konkursy krajowe.<\/p>\n<p>Zawody Turnieju M\u0142odych Fizyk\u00f3w s\u0105 Polskimi eliminacjami do zawod\u00f3w mi\u0119dzynarodowych. Dru\u017cyna, kt\u00f3ra przejdzie przez wszystkie etapy i wygra fina\u0142y og\u00f3lnopolskie zostaje reprezentacj\u0105 Polski na arenie mi\u0119dzynarodowej. Szczeg\u00f3\u0142owy opis ka\u017cdego etapu jest przedstawiony poni\u017cej.<\/p>\n<h4>Etap korespondencyjny (pisemny)<\/h4>\n<p>Pierwszym etapem eliminacji krajowych jest etap korespondencyjny. Dru\u017cyny opracowuj\u0105 wybrane 10 zagadnie\u0144 turniejowych i przesy\u0142aj\u0105 swoje rozwi\u0105zania do wybranego komitetu okr\u0119gowego. Obecnie istniej\u0105 trzy komitety okr\u0119gowe: Warszawski, Katowicki i Wroc\u0142awski. Dru\u017cyna jest kwalifikowana do zawod\u00f3w p\u00f3\u0142fina\u0142owych do okr\u0119gu do kt\u00f3rego zg\u0142osi\u0142a swoje opracowania. Ka\u017cde rozwi\u0105zanie powinno mie\u015bci\u0107 si\u0119 na 6 stornach A4 i przypomina\u0107 form\u0105 artyku\u0142 naukowy. Prace oceniane s\u0105 przez recenzent\u00f3w w skali od 1 do 10 punkt\u00f3w. Do zawod\u00f3w p\u00f3\u0142fina\u0142owych klasyfikowane jest zazwyczaj 4\u20136 dru\u017cyn, kt\u00f3re uzyska\u0142y najwi\u0119ksz\u0105 sumaryczn\u0105 liczb\u0119 punkt\u00f3w. Przyst\u0119puj\u0105c do pracy nad zadaniami warto zapozna\u0107 si\u0119 z\u00a0<a title=\"Instrukcja przygotowania prac\" href=\"http:\/\/tmfwarszawa.pl\/index.php\/istrukcja-przygotowania-prac\/\">instrukcj\u0105 przygotowania prac<\/a>. Przyk\u0142adowe prace wysy\u0142ane na etap korespondencyjny mo\u017cna znale\u017a\u0107\u00a0tutaj.<\/p>\n<h4>Zawody p\u00f3\u0142fina\u0142owe<\/h4>\n<p>Podczas zawod\u00f3w p\u00f3\u0142fina\u0142owych nast\u0119puje starcie mi\u0119dzy r\u00f3\u017cnymi dru\u017cynami w formie Walk Fizycznych. Do tego czasu dru\u017cyny powinny mie\u0107 opracowane 14 zada\u0144 i by\u0107 gotowe przedstawi\u0107 je na scenie w formie 10min. prezentacji (multimedialnej). W jednej walce fizycznej bior\u0105 udzia\u0142 3 dru\u017cyny, przyjmuj\u0105c rol\u0119\u00a0<strong>referenta, oponenta i recenzenta<\/strong>. Ka\u017cda z tych r\u00f3l ma swoje zadanie podczas Walki Fizycznej i jest realizowana przez jedn\u0105 osob\u0119 z dru\u017cyny. Walka zaczyna si\u0119 od oponenta wyzywaj\u0105cego referenta z jednego z 17 problem\u00f3w turniejowych. Reporter mo\u017ce przyj\u0105\u0107 b\u0105d\u017a odrzuci\u0107 to zadanie, przy czym odrzucenie wi\u0119cej ni\u017c 3 zada\u0144 wi\u0105\u017ce si\u0119 ze strat\u0105 punkt\u00f3w (mno\u017cnik zmniejsza si\u0119 o 0.2pkt. z ka\u017cdym kolejnym odrzuconym zadaniem \u2013\u00a0<a title=\"Regulamin TMF\" href=\"http:\/\/tmfwarszawa.pl\/index.php\/regulamin-tmf\/\">patrz regulamin<\/a>). Po zaakceptowaniu zadania, referent ma chwil\u0119 na przygotowanie i zaczyna swoj\u0105 prezentacje. Po wyg\u0142oszeniu referatu oponent ma 3 min. na zadanie pyta\u0144 referentowi. Potem przedstawia krytyczn\u0105 ocen\u0119 opracowania referenta w postaci 4 min. prezentacji. Nast\u0119pnie nawi\u0105zuje si\u0119 dyskusja mi\u0119dzy referentem i oponentem. Na ko\u0144cu recenzent zadaje pytania obu przedstawicielom i wyg\u0142asza swoj\u0105 ocen\u0119. Na samym ko\u0144cu referent ma 2 min. na swoje ostanie s\u0142owo, jurorzy zadaj\u0105 pytania i wystawiaj\u0105 swoje oceny. Juror\u00f3w zazwyczaj jest od 5 do 11, ich oceny s\u0105 u\u015bredniane z wag\u0105 0.5 dla ocen skrajnych.<\/p>\n<h4>Zawody fina\u0142owe<\/h4>\n<p>Do zawod\u00f3w fina\u0142owych kwalifikowane s\u0105 po dwie dru\u017cyny z ka\u017cdego z okr\u0119g\u00f3w. Zawody s\u0105 rozgrywane podobnie jak zawody p\u00f3\u0142fina\u0142owe, z ta r\u00f3\u017cnic\u0105, \u017ce przedmiotem zawod\u00f3w fina\u0142owych jest 10 zada\u0144. Zadnia te s\u0105 wybierane na podstawie preferencji dru\u017cyn zakwalifikowanych do fina\u0142\u00f3w \u2013 ka\u017cda dru\u017cyna ma do dyspozycji 100pkt., kt\u00f3re przyporz\u0105dkowuje wybranym zdaniom. 10 zada\u0144 sumarycznie najlepiej ocenionych przez dru\u017cyny jest przedmiotem zawod\u00f3w fina\u0142owych. Dru\u017cyna, kt\u00f3ra zwyci\u0119\u017cy w zawodach fina\u0142owych zostaje reprezentacja polski na zawody Mi\u0119dzynarodowego Turnieju M\u0142odych Fizyk\u00f3w. (chyba, \u017ce komitet uzna inaczej)<\/p>\n<h4>Zawody mi\u0119dzynarodowe<\/h4>\n<p>Podczas zawod\u00f3w mi\u0119dzynarodowych spotykaj\u0105 si\u0119 dru\u017cyny z r\u00f3\u017cnych kraj\u00f3w \u2013 obecnie jest to 28 dru\u017cyn z ca\u0142ego \u015bwiata (dane z IYPT 2014). W trakcie 5 potyczek, zostaje wyselekcjonowana tr\u00f3jka najlepszych dru\u017cyn, kt\u00f3re spotykaj\u0105 si\u0119 w \u015bcis\u0142ym finale i maj\u0105 zaszczyt zaprezentowania wybranego przez siebie zadania (procedura wyzywania jest pomini\u0119ta). Medale s\u0105 przyznawane wszystkim dru\u017cynom, kt\u00f3re znalaz\u0142y si\u0119 w pierwsze po\u0142owie stawki, przy czym z\u0142oty medal jest wr\u0119czany dru\u017cynom zakwalifikowanym do \u015bcis\u0142ych fina\u0142\u00f3w, srebrny kolejnym pi\u0119ciu dru\u017cynom. Zwyci\u0119scy turnieju jest wr\u0119czany puchar, kt\u00f3ry jest przechodzi.<\/p>\n<p>o historii udzia\u0142u Warszawskiej dru\u017cyny w zawodach mo\u017cna przeczyta\u0107 w\u00a0<a title=\"Archiwum\" href=\"http:\/\/tmfwarszawa.pl\/index.php\/archiwum\/\">archiwum<\/a> <\/p>\n","protected":false},"excerpt":{"rendered":"<p>Na pocz\u0105tku roku, zaraz po zako\u0144czeniu uprzedniej edycji turnieju, zostaje opublikowana lista\u00a017 problem\u00f3w\u00a0na nowy rok. S\u0105 to otwarte problemy badawcze i przyst\u0119puj\u0105c do ich rozwi\u0105zania mo\u017cna korzysta\u0107 ze wszystkich dost\u0119pnych \u017ar\u00f3de\u0142. Na opracowanie zada\u0144 jest rok, jednak ka\u017cdy kraj ma obowi\u0105zek wybra\u0107 dru\u017cyn\u0119 go reprezentuj\u0105c\u0105. Taka selekcja w ka\u017cdym kraju wygl\u0105da inaczej i zazwyczaj sk\u0142adaj\u0105 [&hellip;]<\/p>\n","protected":false},"author":1,"featured_media":0,"parent":0,"menu_order":0,"comment_status":"closed","ping_status":"closed","template":"page-fullwidth.php","meta":{"jetpack_post_was_ever_published":false,"footnotes":""},"class_list":["post-11","page","type-page","status-publish","hentry"],"jetpack_sharing_enabled":true,"jetpack_shortlink":"https:\/\/wp.me\/P4R8YU-b","jetpack-related-posts":[],"jetpack_likes_enabled":true,"_links":{"self":[{"href":"https:\/\/tmfwarszawa.pl\/index.php\/wp-json\/wp\/v2\/pages\/11","targetHints":{"allow":["GET"]}}],"collection":[{"href":"https:\/\/tmfwarszawa.pl\/index.php\/wp-json\/wp\/v2\/pages"}],"about":[{"href":"https:\/\/tmfwarszawa.pl\/index.php\/wp-json\/wp\/v2\/types\/page"}],"author":[{"embeddable":true,"href":"https:\/\/tmfwarszawa.pl\/index.php\/wp-json\/wp\/v2\/users\/1"}],"replies":[{"embeddable":true,"href":"https:\/\/tmfwarszawa.pl\/index.php\/wp-json\/wp\/v2\/comments?post=11"}],"version-history":[{"count":3,"href":"https:\/\/tmfwarszawa.pl\/index.php\/wp-json\/wp\/v2\/pages\/11\/revisions"}],"predecessor-version":[{"id":260,"href":"https:\/\/tmfwarszawa.pl\/index.php\/wp-json\/wp\/v2\/pages\/11\/revisions\/260"}],"wp:attachment":[{"href":"https:\/\/tmfwarszawa.pl\/index.php\/wp-json\/wp\/v2\/media?parent=11"}],"curies":[{"name":"wp","href":"https:\/\/api.w.org\/{rel}","templated":true}]}}