{"id":13,"date":"2017-08-03T08:37:29","date_gmt":"2017-08-03T08:37:29","guid":{"rendered":"http:\/\/46.41.149.137\/tmfwarszawa\/?page_id=13"},"modified":"2024-07-27T18:54:53","modified_gmt":"2024-07-27T18:54:53","slug":"regulamin-tmf","status":"publish","type":"page","link":"https:\/\/tmfwarszawa.pl\/index.php\/regulamin-tmf\/","title":{"rendered":"Regulamin TMF"},"content":{"rendered":"\n<p><\/p>\n\n\n<div id=\"pl-gb13-69de33c2b3e2d\"  class=\"panel-layout wp-block-siteorigin-panels-layout-block\" ><div id=\"pg-gb13-69de33c2b3e2d-0\"  class=\"panel-grid panel-no-style\" ><div id=\"pgc-gb13-69de33c2b3e2d-0-0\"  class=\"panel-grid-cell\" ><div id=\"panel-gb13-69de33c2b3e2d-0-0-0\" class=\"so-panel widget widget_sow-editor panel-first-child\" data-index=\"0\" ><div class=\"panel-widget-style panel-widget-style-for-gb13-69de33c2b3e2d-0-0-0\" ><div\n\t\t\t\n\t\t\tclass=\"so-widget-sow-editor so-widget-sow-editor-base\"\n\t\t\t\n\t\t><h3 class=\"widget-title\">1. Zasady rozgrywek-potyczek<\/h3>\n<div class=\"siteorigin-widget-tinymce textwidget\">\n\t<p>Przed rozpocz\u0119ciem zawod\u00f3w nast\u0119puje przedstawienie Jury oraz sk\u0142adu poszczeg\u00f3lnych dru\u017cyn. Ka\u017cdej dru\u017cynie przewodniczy kapitan, kt\u00f3ry jest jej oficjalnym przedstawicielem podczas zawod\u00f3w.<\/p>\n<p>W potyczce turniejowej uczestniczy od trzech do pi\u0119ciu dru\u017cyn (zale\u017cy to od og\u00f3lnej liczby dru\u017cyn). Potyczka sk\u0142ada si\u0119 z kilku star\u0107, kt\u00f3rych liczba jest r\u00f3wna liczbie startuj\u0105cych w potyczce dru\u017cyn. W ka\u017cdym starciu dru\u017cyna wyst\u0119puje w roli Referenta, Oponenta lub Recenzenta, ewentualnie Obserwatora. W kolejnych starciach nast\u0119puje zmiana r\u00f3l wed\u0142ug jednego z poni\u017cszych schemat\u00f3w. Symbole literowe zostaj\u0105 przydzielone dru\u017cynom w drodze losowania.<\/p>\n<p>W trakcie starcia zawodnicy mog\u0105 si\u0119 kontaktowa\u0107 tylko w obr\u0119bie w\u0142asnej dru\u017cyny. Filmowa\u0107 (tak\u017ce robi\u0107 zdj\u0119cia seryjne) oraz nagrywa\u0107 wolno wy\u0142\u0105cznie wyst\u0105pienia w\u0142asnej dru\u017cyny.<\/p>\n<h4><\/h4>\n<\/div>\n<\/div><\/div><\/div><div id=\"panel-gb13-69de33c2b3e2d-0-0-1\" class=\"so-panel widget widget_sow-editor\" data-index=\"1\" ><div class=\"panel-widget-style panel-widget-style-for-gb13-69de33c2b3e2d-0-0-1\" ><div\n\t\t\t\n\t\t\tclass=\"so-widget-sow-editor so-widget-sow-editor-base\"\n\t\t\t\n\t\t><h3 class=\"widget-title\">2. Regulamin Starcia<\/h3>\n<div class=\"siteorigin-widget-tinymce textwidget\">\n\t<p>Starcie turniejowe odbywa si\u0119 wed\u0142ug poni\u017cszej kolejno\u015bci dzia\u0142a\u0144 z zachowaniem podanych limit\u00f3w czasowych:<\/p>\n<table  class=\" table table-hover\" >\n<tbody>\n<tr>\n<th>Faza rozgrywki<\/th>\n<th>Czas<\/th>\n<\/tr>\n<tr>\n<td>Oponent rzuca wyzwanie Referentowi podaj\u0105c problem (numer zadania)<\/td>\n<td>1 min.<\/td>\n<\/tr>\n<tr>\n<td>Referent przyjmuje lub odrzuca wyzwanie<\/td>\n<td>1 min.<\/td>\n<\/tr>\n<tr>\n<td>Przygotowanie si\u0119 Referenta do wyst\u0105pienia<\/td>\n<td>4 min.<\/td>\n<\/tr>\n<tr>\n<td>Wyg\u0142oszenie referatu<\/td>\n<td>10 min.<\/td>\n<\/tr>\n<tr>\n<td>Pytania Oponenta do Referenta i odpowiedzi tego\u017c<\/td>\n<td>2 min.<\/td>\n<\/tr>\n<tr>\n<td>Przygotowanie si\u0119 Oponenta<\/td>\n<td>2 min.<\/td>\n<\/tr>\n<tr>\n<td>Wyst\u0105pienie Oponenta maksymalnie 4 min. oraz<br \/>\nDyskusja pomi\u0119dzy Referentem a Oponentem \u2013 razem wyst\u0105pieniem Oponenta<\/td>\n<td>11 min.<\/td>\n<\/tr>\n<tr>\n<td>Oponent podsumowuje dyskusj\u0119<\/td>\n<td>1 min.<\/td>\n<\/tr>\n<tr>\n<td>Pytania Recenzenta do Referenta i Oponenta oraz ich odpowiedzi<\/td>\n<td>2 min.<\/td>\n<\/tr>\n<tr>\n<td>Przygotowanie si\u0119 Recenzenta<\/td>\n<td>2 min.<\/td>\n<\/tr>\n<tr>\n<td>Wyst\u0105pienie Recenzenta<\/td>\n<td>3 min.<\/td>\n<\/tr>\n<tr>\n<td>Podsumowuj\u0105ce uwagi Referenta<\/td>\n<td>2 min.<\/td>\n<\/tr>\n<tr>\n<td>Pytania Jury i ocena<\/td>\n<td>2 min.<\/td>\n<\/tr>\n<\/tbody>\n<\/table>\n<\/div>\n<\/div><\/div><\/div><div id=\"panel-gb13-69de33c2b3e2d-0-0-2\" class=\"so-panel widget widget_sow-editor\" data-index=\"2\" ><div class=\"panel-widget-style panel-widget-style-for-gb13-69de33c2b3e2d-0-0-2\" ><div\n\t\t\t\n\t\t\tclass=\"so-widget-sow-editor so-widget-sow-editor-base\"\n\t\t\t\n\t\t><h3 class=\"widget-title\">3. Wyst\u0105pienia dru\u017cyn podczas rozgrywek<\/h3>\n<div class=\"siteorigin-widget-tinymce textwidget\">\n\t<p>W imieniu dru\u017cyny jako Referent, Oponent lub Recenzent wyst\u0119puje jeden z zawodnik\u00f3w (kt\u00f3ry przed wyst\u0105pieniem podaje swoje nazwisko). Pozostali cz\u0142onkowie dru\u017cyny mog\u0105 wypowiada\u0107 kr\u00f3tkie uwagi, bra\u0107 udzia\u0142 w demonstracji do\u015bwiadczenia, wy\u015bwietlaniu prezentacji itp. W dyskusji oraz pytaniach i odpowiedziach mo\u017ce bra\u0107 udzia\u0142 ca\u0142a dru\u017cyna.<\/p>\n<p><strong>Referent<\/strong> przedstawia istot\u0119 rozwi\u0105zania problemu (zadania), skupiaj\u0105c uwag\u0119 s\u0142uchaczy na g\u0142\u00f3wnych ideach fizycznych oraz wnioskach. W przypadku problemu do\u015bwiadczalnego po\u017c\u0105dane jest demonstrowanie do\u015bwiadcze\u0144. Informacja o tym, jakie \u015brodki techniczne s\u0105 do dyspozycji referent\u00f3w podczas zawod\u00f3w, znajduje si\u0119 na stronie internetowej Turnieju; ewentualne zmiany powinny by\u0107 zakomunikowane dru\u017cynom najp\u00f3\u017aniej wraz z zawiadomieniem o dopuszczeniu do zawod\u00f3w. W sprawie dodatkowych urz\u0105dze\u0144, kt\u00f3re mog\u0105 by\u0107 potrzebne podczas demonstracji do\u015bwiadcze\u0144, dru\u017cyna powinna si\u0119 zwr\u00f3ci\u0107 do organizator\u00f3w zawod\u00f3w na co najmniej dwa tygodnie przed zawodami.<\/p>\n<p><strong>Oponent<\/strong> \u201erzuca wyzwanie\u201d Referentowi, czyli wyznacza problem do referowania, zadaje pytania Referentowi i krytykuje referat, skupiaj\u0105c si\u0119 na ewentualnych nie\u015bcis\u0142o\u015bciach i b\u0142\u0119dach w rozumieniu problemu oraz w jego rozwi\u0105zaniu. Oponent analizuje zar\u00f3wno zalety, jak i wady rozwi\u0105zania oraz jego prezentacji przez Referenta. Wyst\u0105pienie Oponenta nie mo\u017ce sta\u0107 si\u0119 prezentacj\u0105 w\u0142asnego rozwi\u0105zania. W dyskusji omawia si\u0119 rozwi\u0105zanie przedstawione przez Referenta.<\/p>\n<p><strong>Recenzent<\/strong> dokonuje kr\u00f3tkiej oceny wyst\u0105pie\u0144 Referenta oraz Oponenta. Podczas potyczki ka\u017cdy z zawodnik\u00f3w mo\u017ce wyst\u0105pi\u0107 jako Reporter, Oponent lub Recenzent najwy\u017cej dwa razy, natomiast podczas zawod\u00f3w turniejowych (jednego etapu Turnieju) ka\u017cdego z zawodnik\u00f3w obowi\u0105zuje ograniczenie do trzech wyst\u0105pie\u0144, w tym tylko jednego w roli Referenta.<\/p>\n<\/div>\n<\/div><\/div><\/div><div id=\"panel-gb13-69de33c2b3e2d-0-0-3\" class=\"so-panel widget widget_sow-editor\" data-index=\"3\" ><div class=\"panel-widget-style panel-widget-style-for-gb13-69de33c2b3e2d-0-0-3\" ><div\n\t\t\t\n\t\t\tclass=\"so-widget-sow-editor so-widget-sow-editor-base\"\n\t\t\t\n\t\t><h3 class=\"widget-title\">4. Regu\u0142y wyzwania i odmowy<\/h3>\n<div class=\"siteorigin-widget-tinymce textwidget\">\n\t<p>Podczas jednej potyczki nie mo\u017ce by\u0107 prezentowany dwukrotnie ten sam problem.<\/p>\n<p>Wyzwanie, jakie Oponent rzuca Referentowi, mo\u017ce dotyczy\u0107 dowolnego problemu z ustalonego zestawu (obejmuj\u0105cego wszystkie zadania lub ich cz\u0119\u015b\u0107), z wyj\u0105tkiem tych, kt\u00f3re w danych zawodach turniejowych:<br \/>\na) by\u0142y wcze\u015bniej odrzucone przez dru\u017cyn\u0119 Referenta,<br \/>\nb) by\u0142y wcze\u015bniej przedstawiane przez dru\u017cyn\u0119 Referenta,<br \/>\nc) by\u0142y wcze\u015bniej \u201eoponowane\u201d przez dru\u017cyn\u0119 Oponenta,<br \/>\nd) by\u0142y wcze\u015bniej przedstawiane przez dru\u017cyn\u0119 Oponenta.<br \/>\nJe\u017celi liczba pozosta\u0142ych do \u201eoponowania\u201d problem\u00f3w jest mniejsza od trzech, warunki d), c), b), a) s\u0105 kolejno uniewa\u017cniane.<\/p>\n<p>Podczas zawod\u00f3w turniejowych dru\u017cynie przys\u0142uguje prawo odmowy referowania (odrzucenia wyzwania) trzech r\u00f3\u017cnych problem\u00f3w bez podlegania karze. Przy odrzuceniu ka\u017cdego nast\u0119pnego zadania nast\u0119puje obni\u017cenie wsp\u00f3\u0142czynnika Referenta o 0,2 (patrz punkt 5), obowi\u0105zuj\u0105ce do ko\u0144ca zawod\u00f3w.<\/p>\n<h4><\/h4>\n<\/div>\n<\/div><\/div><\/div><div id=\"panel-gb13-69de33c2b3e2d-0-0-4\" class=\"so-panel widget widget_sow-editor\" data-index=\"4\" ><div class=\"panel-widget-style panel-widget-style-for-gb13-69de33c2b3e2d-0-0-4\" ><div\n\t\t\t\n\t\t\tclass=\"so-widget-sow-editor so-widget-sow-editor-base\"\n\t\t\t\n\t\t><h3 class=\"widget-title\">5. Ocenianie<\/h3>\n<div class=\"siteorigin-widget-tinymce textwidget\">\n\t<p>Po ka\u017cdym starciu Jury ocenia dru\u017cyny, bior\u0105c pod uwag\u0119 wszystkie wyst\u0105pienia zawodnik\u00f3w, zadawane pytania i odpowiedzi oraz uczestnictwo w dyskusji. Ka\u017cdy cz\u0142onek Jury pokazuje swoj\u0105 ocen\u0119 w postaci punkt\u00f3w od 1 do 10 (najwy\u017csza ocena). Na podstawie tych ocen oblicza si\u0119 ocen\u0119 \u015bredni\u0105 . Przy obliczaniu oceny \u015bredniej odrzuca si\u0119 ocen\u0119 najni\u017csz\u0105, gdy Jury sk\u0142ada si\u0119 co najmniej z pi\u0119ciu os\u00f3b oraz dodatkowo ocen\u0119 najwy\u017csz\u0105, gdy Jury liczy co najmniej siedem os\u00f3b. Po pomno\u017ceniu ocen \u015brednich przez odpowiednie wsp\u00f3\u0142czynniki \u2013 3,0 lub mniej (patrz punkt 4) dla Referenta, 2,0 dla Oponenta i 1,0 dla Recenzenta \u2013 uzyskuje si\u0119 punkty.<\/p>\n<\/div>\n<\/div><\/div><\/div><div id=\"panel-gb13-69de33c2b3e2d-0-0-5\" class=\"so-panel widget widget_sow-editor\" data-index=\"5\" ><div class=\"panel-widget-style panel-widget-style-for-gb13-69de33c2b3e2d-0-0-5\" ><div\n\t\t\t\n\t\t\tclass=\"so-widget-sow-editor so-widget-sow-editor-base\"\n\t\t\t\n\t\t><h3 class=\"widget-title\">6. Punktacja<\/h3>\n<div class=\"siteorigin-widget-tinymce textwidget\">\n\t<p>Suma punkt\u00f3w (SP) jest sum\u0105 \u015brednich ocen pomno\u017conych przez odpowiednie wsp\u00f3\u0142czynniki i zaokr\u0105glonych do jednej dziesi\u0105tej. O miejscu zaj\u0119tym przez dru\u017cyn\u0119 w potyczce decyduje suma punkt\u00f3w uzyskanych w danej potyczce (w kolejno\u015bci od najwy\u017cszej do najni\u017cszej warto\u015bci SP).<\/p>\n<p>Kolejno\u015b\u0107 miejsc zaj\u0119tych w zawodach jest ustalana na podstawie ca\u0142kowitej sumy punkt\u00f3w (CSP) uzyskanych we wszystkich potyczkach. Je\u015bli jednak cz\u0119\u015b\u0107 potyczek jest rozgrywana w systemie grup r\u00f3wnoleg\u0142ych, to przy obliczaniu warto\u015bci CSP nale\u017cy warto\u015bci SP z takich potyczek mno\u017cy\u0107 przez wsp\u00f3\u0142czynnik 0,75. W przypadku, gdy zachodzi konieczno\u015b\u0107 ustalenia kolejno\u015bci dru\u017cyn, kt\u00f3re uzyska\u0142y jednakowe warto\u015bci CSP (np. przy kwalifikacji do wy\u017cszego etapu Turnieju) bierze si\u0119 pod uwag\u0119 wyniki uzyskane w poprzednim etapie Turnieju; w ostateczno\u015bci dokonuje si\u0119 rozstrzygni\u0119cia za pomoc\u0105 losowania.<\/p>\n<h4><\/h4>\n<\/div>\n<\/div><\/div><\/div><div id=\"panel-gb13-69de33c2b3e2d-0-0-6\" class=\"so-panel widget widget_sow-editor panel-last-child\" data-index=\"6\" ><div class=\"panel-widget-style panel-widget-style-for-gb13-69de33c2b3e2d-0-0-6\" ><div\n\t\t\t\n\t\t\tclass=\"so-widget-sow-editor so-widget-sow-editor-base\"\n\t\t\t\n\t\t><h3 class=\"widget-title\">7. Zawody fina\u0142owe<\/h3>\n<div class=\"siteorigin-widget-tinymce textwidget\">\n\t<p>Dru\u017cyny zakwalifikowane do fina\u0142u sporz\u0105dzaj\u0105 listy preferencji problem\u00f3w wed\u0142ug schematu:\u00a0<em>&lt;Numer zadania&gt;<\/em> <em>&lt;Liczba ca\u0142kowita z przedzia\u0142u 0-100&gt;<\/em> tak, aby suma liczb przyporz\u0105dkowanych poszczeg\u00f3lnym zadaniom by\u0142a r\u00f3wna 100. Przedmiotem zawod\u00f3w fina\u0142owych jest dziesi\u0119\u0107 problem\u00f3w (zada\u0144), kt\u00f3rym odpowiadaj\u0105 najwy\u017csze liczby na sumarycznej li\u015bcie preferencji dru\u017cyn fina\u0142owych.<\/p>\n<p>We wszystkich wyst\u0105pieniach podczas zawod\u00f3w fina\u0142owych obowi\u0105zuje j\u0119zyk angielski.<\/p>\n<\/div>\n<\/div><\/div><\/div><\/div><\/div><\/div>","protected":false},"excerpt":{"rendered":"","protected":false},"author":1,"featured_media":0,"parent":0,"menu_order":0,"comment_status":"closed","ping_status":"closed","template":"page-fullwidth.php","meta":{"jetpack_post_was_ever_published":false,"footnotes":""},"class_list":["post-13","page","type-page","status-publish","hentry"],"jetpack_sharing_enabled":true,"jetpack_shortlink":"https:\/\/wp.me\/P4R8YU-d","jetpack-related-posts":[],"jetpack_likes_enabled":true,"_links":{"self":[{"href":"https:\/\/tmfwarszawa.pl\/index.php\/wp-json\/wp\/v2\/pages\/13","targetHints":{"allow":["GET"]}}],"collection":[{"href":"https:\/\/tmfwarszawa.pl\/index.php\/wp-json\/wp\/v2\/pages"}],"about":[{"href":"https:\/\/tmfwarszawa.pl\/index.php\/wp-json\/wp\/v2\/types\/page"}],"author":[{"embeddable":true,"href":"https:\/\/tmfwarszawa.pl\/index.php\/wp-json\/wp\/v2\/users\/1"}],"replies":[{"embeddable":true,"href":"https:\/\/tmfwarszawa.pl\/index.php\/wp-json\/wp\/v2\/comments?post=13"}],"version-history":[{"count":6,"href":"https:\/\/tmfwarszawa.pl\/index.php\/wp-json\/wp\/v2\/pages\/13\/revisions"}],"predecessor-version":[{"id":2311,"href":"https:\/\/tmfwarszawa.pl\/index.php\/wp-json\/wp\/v2\/pages\/13\/revisions\/2311"}],"wp:attachment":[{"href":"https:\/\/tmfwarszawa.pl\/index.php\/wp-json\/wp\/v2\/media?parent=13"}],"curies":[{"name":"wp","href":"https:\/\/api.w.org\/{rel}","templated":true}]}}