{"id":1490,"date":"2018-09-25T11:27:36","date_gmt":"2018-09-25T11:27:36","guid":{"rendered":"http:\/\/tmfwarszawa.pl\/?page_id=1490"},"modified":"2019-02-09T23:00:27","modified_gmt":"2019-02-09T23:00:27","slug":"zadania-2019-pol-new","status":"publish","type":"page","link":"https:\/\/tmfwarszawa.pl\/index.php\/zadania-2019-pol-new\/","title":{"rendered":"Zadania 2019 (pol) &#8211; new"},"content":{"rendered":"<div id=\"pl-1490\"  class=\"panel-layout\" ><div id=\"pg-1490-0\"  class=\"panel-grid panel-no-style\" ><div id=\"pgc-1490-0-0\"  class=\"panel-grid-cell\" ><div id=\"panel-1490-0-0-0\" class=\"so-panel widget widget_sow-editor panel-first-child panel-last-child\" data-index=\"0\" ><div\n\t\t\t\n\t\t\tclass=\"so-widget-sow-editor so-widget-sow-editor-base\"\n\t\t\t\n\t\t>\n<div class=\"siteorigin-widget-tinymce textwidget\">\n\t<p><a href=\"http:\/\/tmfwarszawa.pl\/tmfwarszawa\/wp-content\/uploads\/2018\/09\/ProblemyTMF2019.pdf\" target=\"_blank\" rel=\"noopener\">Pobierz zadania - pdf<\/a><\/p>\n<\/div>\n<\/div><\/div><\/div><\/div><div id=\"pg-1490-1\"  class=\"panel-grid panel-no-style\" ><div id=\"pgc-1490-1-0\"  class=\"panel-grid-cell\" ><div id=\"panel-1490-1-0-0\" class=\"so-panel widget widget_sow-editor panel-first-child panel-last-child\" data-index=\"1\" ><div\n\t\t\t\n\t\t\tclass=\"so-widget-sow-editor so-widget-sow-editor-base\"\n\t\t\t\n\t\t><h3 class=\"widget-title\">6. Tornado kulek<\/h3>\n<div class=\"siteorigin-widget-tinymce textwidget\">\n\t<p style=\"text-align: left;\">Dwie po\u0142\u0105czone stalowe kulki mog\u0105 wirowa\u0107 z zaskakuj\u0105co du\u017c\u0105 cz\u0119stotliwo\u015bci\u0105, gdy najpierw zostan\u0105 rozkr\u0119cone r\u0119k\u0105, a nast\u0119pnie b\u0119dzie si\u0119 na nie dmucha\u0107 przez rurk\u0119 (np. s\u0142omk\u0119). Wyja\u015bnij i zbadaj to zjawisko.<\/p>\n<p><iframe loading=\"lazy\" width=\"872\" height=\"400\" src=\"https:\/\/www.youtube.com\/embed\/cvq8laPb498?start=22\" frameborder=\"0\" allow=\"autoplay; encrypted-media\" allowfullscreen><\/iframe><\/p>\n<\/div>\n<\/div><\/div><\/div><\/div><div id=\"pg-1490-2\"  class=\"panel-grid panel-no-style\" ><div id=\"pgc-1490-2-0\"  class=\"panel-grid-cell\" ><div id=\"panel-1490-2-0-0\" class=\"so-panel widget widget_sow-editor panel-first-child panel-last-child\" data-index=\"2\" ><div\n\t\t\t\n\t\t\tclass=\"so-widget-sow-editor so-widget-sow-editor-base\"\n\t\t\t\n\t\t><h3 class=\"widget-title\">14. Kr\u0119c\u0105ce si\u0119 wahad\u0142o<\/h3>\n<div class=\"siteorigin-widget-tinymce textwidget\">\n\t<p style=\"text-align: left;\">Po\u0142\u0105cz dwa obci\u0105\u017cniki \u2013 jeden o du\u017cej masie, drugi o ma\u0142ej \u2013 sznurkiem i przerzu\u0107 sznurek przez poziomy pr\u0119t. Unie\u015b ci\u0119\u017cszy obci\u0105\u017cnik ci\u0105gn\u0105\u0107 l\u017cejszy do do\u0142u. Nast\u0119pnie uwolnij l\u017cejszy, kt\u00f3ry b\u0119dzie si\u0119 owija\u0107 wok\u00f3\u0142 pr\u0119ta, uniemo\u017cliwiaj\u0105c ci\u0119\u017cszemu upadek na pod\u0142o\u017ce. Zbadaj to zjawisko.<\/p>\n<p><iframe loading=\"lazy\" src=\"https:\/\/www.youtube.com\/embed\/SXQ9VaYm3yQ?start=14\" width=\"1163\" height=\"400\" frameborder=\"0\" allowfullscreen=\"allowfullscreen\"><\/iframe><\/p>\n<\/div>\n<\/div><\/div><\/div><\/div><div id=\"pg-1490-3\"  class=\"panel-grid panel-no-style\" ><div id=\"pgc-1490-3-0\"  class=\"panel-grid-cell\" ><div id=\"panel-1490-3-0-0\" class=\"so-panel widget widget_sow-editor panel-first-child panel-last-child\" data-index=\"3\" ><div\n\t\t\t\n\t\t\tclass=\"so-widget-sow-editor so-widget-sow-editor-base\"\n\t\t\t\n\t\t><h3 class=\"widget-title\">17. Patyczkowa reakcja \u0142a\u0144cuchowa<\/h3>\n<div class=\"siteorigin-widget-tinymce textwidget\">\n\t<p style=\"text-align: left;\">Drewniane patyczki do lod\u00f3w mo\u017cna po\u0142\u0105czy\u0107 poprzez delikatne zgi\u0119cie ka\u017cdego z nich tak, \u017ce uplot\u0105 \u0142a\u0144cuch tzw. \u201csplot cobra\u201d. Gdy jeden z ko\u0144c\u00f3w takiego \u0142a\u0144cucha zostanie uwolniony, patyczki gwa\u0142townie si\u0119 roz\u0142\u0105cz\u0105, a czo\u0142o fali b\u0119dzie porusza\u0107 si\u0119 wzd\u0142u\u017c \u0142a\u0144cucha. Zbadaj to zjawisko.<\/p>\n<div style=\"width: 648px;\" class=\"wp-video\"><!--[if lt IE 9]><script>document.createElement('video');<\/script><![endif]-->\n<video class=\"wp-video-shortcode\" id=\"video-1490-1\" width=\"648\" height=\"361\" preload=\"metadata\" controls=\"controls\"><source type=\"video\/mp4\" src=\"http:\/\/tmfwarszawa.pl\/tmfwarszawa\/wp-content\/uploads\/2018\/09\/video1.mp4?_=1\" \/><a href=\"http:\/\/tmfwarszawa.pl\/tmfwarszawa\/wp-content\/uploads\/2018\/09\/video1.mp4\">http:\/\/tmfwarszawa.pl\/tmfwarszawa\/wp-content\/uploads\/2018\/09\/video1.mp4<\/a><\/video><\/div>\n<\/div>\n<\/div><\/div><\/div><\/div><\/div>","protected":false},"excerpt":{"rendered":"<p>Pobierz zadania &#8211; pdf Dwie po\u0142\u0105czone stalowe kulki mog\u0105 wirowa\u0107 z zaskakuj\u0105co du\u017c\u0105 cz\u0119stotliwo\u015bci\u0105, gdy najpierw zostan\u0105 rozkr\u0119cone r\u0119k\u0105, a nast\u0119pnie b\u0119dzie si\u0119 na nie dmucha\u0107 przez rurk\u0119 (np. s\u0142omk\u0119). Wyja\u015bnij i zbadaj to zjawisko.<\/p>\n","protected":false},"author":1,"featured_media":0,"parent":0,"menu_order":0,"comment_status":"closed","ping_status":"closed","template":"","meta":{"jetpack_post_was_ever_published":false,"footnotes":""},"class_list":["post-1490","page","type-page","status-publish","hentry"],"jetpack_sharing_enabled":true,"jetpack_shortlink":"https:\/\/wp.me\/P4R8YU-o2","jetpack-related-posts":[],"jetpack_likes_enabled":true,"_links":{"self":[{"href":"https:\/\/tmfwarszawa.pl\/index.php\/wp-json\/wp\/v2\/pages\/1490","targetHints":{"allow":["GET"]}}],"collection":[{"href":"https:\/\/tmfwarszawa.pl\/index.php\/wp-json\/wp\/v2\/pages"}],"about":[{"href":"https:\/\/tmfwarszawa.pl\/index.php\/wp-json\/wp\/v2\/types\/page"}],"author":[{"embeddable":true,"href":"https:\/\/tmfwarszawa.pl\/index.php\/wp-json\/wp\/v2\/users\/1"}],"replies":[{"embeddable":true,"href":"https:\/\/tmfwarszawa.pl\/index.php\/wp-json\/wp\/v2\/comments?post=1490"}],"version-history":[{"count":19,"href":"https:\/\/tmfwarszawa.pl\/index.php\/wp-json\/wp\/v2\/pages\/1490\/revisions"}],"predecessor-version":[{"id":1592,"href":"https:\/\/tmfwarszawa.pl\/index.php\/wp-json\/wp\/v2\/pages\/1490\/revisions\/1592"}],"wp:attachment":[{"href":"https:\/\/tmfwarszawa.pl\/index.php\/wp-json\/wp\/v2\/media?parent=1490"}],"curies":[{"name":"wp","href":"https:\/\/api.w.org\/{rel}","templated":true}]}}