{"id":15,"date":"2017-08-03T08:37:54","date_gmt":"2017-08-03T08:37:54","guid":{"rendered":"http:\/\/46.41.149.137\/tmfwarszawa\/?page_id=15"},"modified":"2017-08-05T10:02:36","modified_gmt":"2017-08-05T10:02:36","slug":"archiwum","status":"publish","type":"page","link":"https:\/\/tmfwarszawa.pl\/index.php\/archiwum\/","title":{"rendered":"Archiwum"},"content":{"rendered":"<p>Historia turnieju w Polsce si\u0119ga 1989 roku, kiedy po raz pierwszy dru\u017cyna z Polski wzi\u0119\u0142a udzia\u0142 w zawodach Mi\u0119dzynarodowego Turnieju M\u0142odych Fizyk\u00f3w (ang. IYPT). Od tamtego czasu Polska nieprzerwanie uczestniczy w zawodach i zdobywa liczne sukcesy. W ostatnich latach (od 2001r.) w turnieju uczestniczy\u0142y dru\u017cyny z Grupy tw\u00f3rczej Quark z Katowic i XIV LO im. S. Staszica z Warszawy. Dru\u017cyn\u0119 z Katowic od 1990 roku przygotowuje pani. Urszula Wo\u017anikowska-Bezak. Dru\u017cyn\u0119 z warszawy w latach 2001-2012 przygotowywa\u0142 \u015bp. S. Lipi\u0144ski (w roku 2011 wpiera\u0142 go jego syn Micha\u0142 Oszmaniec), w latach 2012 \u2013 2017 dru\u017cyn\u0119 przygotowywa\u0142 \u0141ukasz G\u0142adczuk.<\/p>\n<p>W ci\u0105gu wszystkich lat Polska zdoby\u0142a wiele sukces\u00f3w na arenie Mi\u0119dzynarodowej (pogrubieniem zaznaczono sukcesy dru\u017cyny z Warszawy):<\/p>\n<ul>\n<li>z\u0142ote medale w latach: 2000, <strong>2002<\/strong>, <strong>2004<\/strong>,\u00a0<strong>2014<\/strong>, <strong>2015<\/strong>, <strong>2017<\/strong>,<\/li>\n<li>srebrne medale w latach: 1991, 1998, <strong>2003<\/strong>, <strong>2013<\/strong>,<\/li>\n<li>br\u0105zowe medale w latach: \u201989, \u201990, \u201993, \u201995, \u201996, \u201997, 99\u2032, \u201900, <strong>\u201901<\/strong>, <strong>\u201905<\/strong>, <strong>\u201906<\/strong>, \u201907, \u201908, <strong>\u201909<\/strong>, <strong>\u201911<\/strong>, <strong>&#8217;16<\/strong><\/li>\n<\/ul>\n<p>Wi\u0119cej informacji o udziale warszawskiej dru\u017cyny mo\u017cna znale\u017a\u0107 w menu po prawej. <\/p>\n","protected":false},"excerpt":{"rendered":"<p>Historia turnieju w Polsce si\u0119ga 1989 roku, kiedy po raz pierwszy dru\u017cyna z Polski wzi\u0119\u0142a udzia\u0142 w zawodach Mi\u0119dzynarodowego Turnieju M\u0142odych Fizyk\u00f3w (ang. IYPT). Od tamtego czasu Polska nieprzerwanie uczestniczy w zawodach i zdobywa liczne sukcesy. W ostatnich latach (od 2001r.) w turnieju uczestniczy\u0142y dru\u017cyny z Grupy tw\u00f3rczej Quark z Katowic i XIV LO im. [&hellip;]<\/p>\n","protected":false},"author":1,"featured_media":0,"parent":0,"menu_order":0,"comment_status":"closed","ping_status":"closed","template":"","meta":{"jetpack_post_was_ever_published":false,"footnotes":""},"class_list":["post-15","page","type-page","status-publish","hentry"],"jetpack_sharing_enabled":true,"jetpack_shortlink":"https:\/\/wp.me\/P4R8YU-f","jetpack-related-posts":[],"jetpack_likes_enabled":true,"_links":{"self":[{"href":"https:\/\/tmfwarszawa.pl\/index.php\/wp-json\/wp\/v2\/pages\/15","targetHints":{"allow":["GET"]}}],"collection":[{"href":"https:\/\/tmfwarszawa.pl\/index.php\/wp-json\/wp\/v2\/pages"}],"about":[{"href":"https:\/\/tmfwarszawa.pl\/index.php\/wp-json\/wp\/v2\/types\/page"}],"author":[{"embeddable":true,"href":"https:\/\/tmfwarszawa.pl\/index.php\/wp-json\/wp\/v2\/users\/1"}],"replies":[{"embeddable":true,"href":"https:\/\/tmfwarszawa.pl\/index.php\/wp-json\/wp\/v2\/comments?post=15"}],"version-history":[{"count":2,"href":"https:\/\/tmfwarszawa.pl\/index.php\/wp-json\/wp\/v2\/pages\/15\/revisions"}],"predecessor-version":[{"id":333,"href":"https:\/\/tmfwarszawa.pl\/index.php\/wp-json\/wp\/v2\/pages\/15\/revisions\/333"}],"wp:attachment":[{"href":"https:\/\/tmfwarszawa.pl\/index.php\/wp-json\/wp\/v2\/media?parent=15"}],"curies":[{"name":"wp","href":"https:\/\/api.w.org\/{rel}","templated":true}]}}