{"id":1513,"date":"2018-10-08T15:14:16","date_gmt":"2018-10-08T15:14:16","guid":{"rendered":"http:\/\/tmfwarszawa.pl\/?page_id=1513"},"modified":"2019-03-01T07:56:08","modified_gmt":"2019-03-01T07:56:08","slug":"terminarz-2019","status":"publish","type":"page","link":"https:\/\/tmfwarszawa.pl\/index.php\/terminarz-2019\/","title":{"rendered":"Terminarz 2019"},"content":{"rendered":"<h3>Etap korespondencyjny<\/h3>\n<p>Prace na etap korespondencyjny nale\u017cy wys\u0142a\u0107 do p\u00f3\u0142nocy\u00a0<strong>15 stycznia<\/strong>\u00a0Wi\u0119cej informacji na temat przygotowania prac i sposobu dostarczenia ich do komitet\u00f3w okr\u0119gowych znajduje si\u0119 na stronie\u00a0<a href=\"http:\/\/tmf.org.pl\" target=\"_blank\" rel=\"noopener\">Polskiego TMF.<\/a><\/p>\n<h3>P\u00f3\u0142fina\u0142y<\/h3>\n<p>Warszawa:<strong> 3\u00a0marca o godz. 9:00<\/strong>\u00a0w Warszawie (Instytut Fizyki Polskiej Akademii Nauk)<\/p>\n<h3>Fina\u0142y og\u00f3lnopolskie<\/h3>\n<p>Fina\u0142 Turnieju zostanie rozegrany w dniu <strong>30 marca\u00a0<\/strong>w Warszawie (Instytut Fizyki Polskiej Akademii Nauk).<\/p>\n<h3>Fina\u0142y\u00a0mi\u0119dzynarodowe<\/h3>\n<p>Tegoroczne zawody mi\u0119dzynarodowe odb\u0119d\u0105 si\u0119 w Warszawie w dniach <b>6 lipca &#8211; 12 lipca<\/b> <\/p>\n","protected":false},"excerpt":{"rendered":"<p>Etap korespondencyjny Prace na etap korespondencyjny nale\u017cy wys\u0142a\u0107 do p\u00f3\u0142nocy\u00a015 stycznia\u00a0Wi\u0119cej informacji na temat przygotowania prac i sposobu dostarczenia ich do komitet\u00f3w okr\u0119gowych znajduje si\u0119 na stronie\u00a0Polskiego TMF. P\u00f3\u0142fina\u0142y Warszawa: 3\u00a0marca o godz. 9:00\u00a0w Warszawie (Instytut Fizyki Polskiej Akademii Nauk) Fina\u0142y og\u00f3lnopolskie Fina\u0142 Turnieju zostanie rozegrany w dniu 30 marca\u00a0w Warszawie (Instytut Fizyki Polskiej Akademii [&hellip;]<\/p>\n","protected":false},"author":1,"featured_media":0,"parent":0,"menu_order":0,"comment_status":"closed","ping_status":"closed","template":"","meta":{"jetpack_post_was_ever_published":false,"footnotes":""},"class_list":["post-1513","page","type-page","status-publish","hentry"],"jetpack_sharing_enabled":true,"jetpack_shortlink":"https:\/\/wp.me\/P4R8YU-op","jetpack-related-posts":[],"jetpack_likes_enabled":true,"_links":{"self":[{"href":"https:\/\/tmfwarszawa.pl\/index.php\/wp-json\/wp\/v2\/pages\/1513","targetHints":{"allow":["GET"]}}],"collection":[{"href":"https:\/\/tmfwarszawa.pl\/index.php\/wp-json\/wp\/v2\/pages"}],"about":[{"href":"https:\/\/tmfwarszawa.pl\/index.php\/wp-json\/wp\/v2\/types\/page"}],"author":[{"embeddable":true,"href":"https:\/\/tmfwarszawa.pl\/index.php\/wp-json\/wp\/v2\/users\/1"}],"replies":[{"embeddable":true,"href":"https:\/\/tmfwarszawa.pl\/index.php\/wp-json\/wp\/v2\/comments?post=1513"}],"version-history":[{"count":2,"href":"https:\/\/tmfwarszawa.pl\/index.php\/wp-json\/wp\/v2\/pages\/1513\/revisions"}],"predecessor-version":[{"id":1603,"href":"https:\/\/tmfwarszawa.pl\/index.php\/wp-json\/wp\/v2\/pages\/1513\/revisions\/1603"}],"wp:attachment":[{"href":"https:\/\/tmfwarszawa.pl\/index.php\/wp-json\/wp\/v2\/media?parent=1513"}],"curies":[{"name":"wp","href":"https:\/\/api.w.org\/{rel}","templated":true}]}}