{"id":1629,"date":"2019-04-02T11:04:11","date_gmt":"2019-04-02T11:04:11","guid":{"rendered":"http:\/\/tmfwarszawa.pl\/?page_id=1629"},"modified":"2019-04-02T11:04:11","modified_gmt":"2019-04-02T11:04:11","slug":"sklad-druzyny-2019","status":"publish","type":"page","link":"https:\/\/tmfwarszawa.pl\/index.php\/sklad-druzyny-2019\/","title":{"rendered":"Sk\u0142ad dru\u017cyny 2019"},"content":{"rendered":"<div id=\"pl-1629\"  class=\"panel-layout\" ><div id=\"pg-1629-0\"  class=\"panel-grid panel-no-style\" ><div id=\"pgc-1629-0-0\"  class=\"panel-grid-cell\" ><div id=\"panel-1629-0-0-0\" class=\"so-panel widget widget_sow-image panel-first-child\" data-index=\"0\" ><div\n\t\t\t\n\t\t\tclass=\"so-widget-sow-image so-widget-sow-image-default-8b5b6f678277-1629\"\n\t\t\t\n\t\t>\n<div class=\"sow-image-container\">\n\t\t<img loading=\"lazy\" decoding=\"async\" src=\"https:\/\/i0.wp.com\/tmfwarszawa.pl\/wp-content\/uploads\/2019\/04\/55597531_1063061860563960_8067740188840820736_n.jpg?fit=960%2C541&amp;ssl=1\" width=\"960\" height=\"541\" srcset=\"https:\/\/i0.wp.com\/tmfwarszawa.pl\/wp-content\/uploads\/2019\/04\/55597531_1063061860563960_8067740188840820736_n.jpg?w=960&amp;ssl=1 960w, https:\/\/i0.wp.com\/tmfwarszawa.pl\/wp-content\/uploads\/2019\/04\/55597531_1063061860563960_8067740188840820736_n.jpg?resize=300%2C169&amp;ssl=1 300w, https:\/\/i0.wp.com\/tmfwarszawa.pl\/wp-content\/uploads\/2019\/04\/55597531_1063061860563960_8067740188840820736_n.jpg?resize=768%2C433&amp;ssl=1 768w\" title=\"Team 2019\" alt=\"Team 2019\" \t\tclass=\"so-widget-image\"\/>\n\t<\/div>\n\n<\/div><\/div><div id=\"panel-1629-0-0-1\" class=\"so-panel widget widget_sow-editor panel-last-child\" data-index=\"1\" ><div\n\t\t\t\n\t\t\tclass=\"so-widget-sow-editor so-widget-sow-editor-base\"\n\t\t\t\n\t\t>\n<div class=\"siteorigin-widget-tinymce textwidget\">\n\t<h3>Sk\u0142ad reprezentacji:<\/h3>\n<p>Hubert Supe\u0142 (kapitan)<br \/>\nSzymon Petyniak<br \/>\nPawe\u0142 Mucha<br \/>\n\u0141ukasz Zalewski<\/p>\n<h3>Opiekun dru\u017cyny:<\/h3>\n<p>\u0141ukasz G\u0142adczuk<br \/>\nRadost Waszkiewicz<\/p>\n<p><strong>Afiliacja dru\u017cyny:<\/strong><\/p>\n<p><a href=\"https:\/\/web.archive.org\/web\/20160610165745\/http:\/\/fenix.club\/\">Klub Naukowy Fenix<\/a><\/p>\n<\/div>\n<\/div><\/div><\/div><\/div><\/div>","protected":false},"excerpt":{"rendered":"<p>Sk\u0142ad reprezentacji: Hubert Supe\u0142 (kapitan) Szymon Petyniak Pawe\u0142 Mucha \u0141ukasz Zalewski Opiekun dru\u017cyny: \u0141ukasz G\u0142adczuk Radost Waszkiewicz Afiliacja dru\u017cyny: Klub Naukowy Fenix<\/p>\n","protected":false},"author":1,"featured_media":0,"parent":0,"menu_order":0,"comment_status":"closed","ping_status":"closed","template":"","meta":{"jetpack_post_was_ever_published":false,"footnotes":""},"class_list":["post-1629","page","type-page","status-publish","hentry"],"jetpack_sharing_enabled":true,"jetpack_shortlink":"https:\/\/wp.me\/P4R8YU-qh","jetpack-related-posts":[],"jetpack_likes_enabled":true,"_links":{"self":[{"href":"https:\/\/tmfwarszawa.pl\/index.php\/wp-json\/wp\/v2\/pages\/1629","targetHints":{"allow":["GET"]}}],"collection":[{"href":"https:\/\/tmfwarszawa.pl\/index.php\/wp-json\/wp\/v2\/pages"}],"about":[{"href":"https:\/\/tmfwarszawa.pl\/index.php\/wp-json\/wp\/v2\/types\/page"}],"author":[{"embeddable":true,"href":"https:\/\/tmfwarszawa.pl\/index.php\/wp-json\/wp\/v2\/users\/1"}],"replies":[{"embeddable":true,"href":"https:\/\/tmfwarszawa.pl\/index.php\/wp-json\/wp\/v2\/comments?post=1629"}],"version-history":[{"count":2,"href":"https:\/\/tmfwarszawa.pl\/index.php\/wp-json\/wp\/v2\/pages\/1629\/revisions"}],"predecessor-version":[{"id":1632,"href":"https:\/\/tmfwarszawa.pl\/index.php\/wp-json\/wp\/v2\/pages\/1629\/revisions\/1632"}],"wp:attachment":[{"href":"https:\/\/tmfwarszawa.pl\/index.php\/wp-json\/wp\/v2\/media?parent=1629"}],"curies":[{"name":"wp","href":"https:\/\/api.w.org\/{rel}","templated":true}]}}