{"id":1638,"date":"2019-04-02T11:13:47","date_gmt":"2019-04-02T11:13:47","guid":{"rendered":"http:\/\/tmfwarszawa.pl\/?page_id=1638"},"modified":"2019-04-02T11:41:47","modified_gmt":"2019-04-02T11:41:47","slug":"wyniki-2019","status":"publish","type":"page","link":"https:\/\/tmfwarszawa.pl\/index.php\/wyniki-2019\/","title":{"rendered":"Wyniki 2019"},"content":{"rendered":"<h4>Fina\u0142y Mi\u0119dzynarodowe IYPT 2019 (6 &#8211; 13 Lipca):<\/h4>\n<p>Dru\u017cna Klubu Naukowego Fenix b\u0119dzie reprezentowa\u0107 Polsk\u0119 podczas zawod\u00f3w Mi\u0119dzynarodowego Turnieju M\u0142odych Fizyk\u00f3w, kt\u00f3ry w tym roku odbywa si\u0119 w Warszawie. Wszystkich zainteresowanych zapraszamy do kibicowania dru\u017cynom.<\/p>\n<h4>Fina\u0142y Polskie (30 Marca):<\/h4>\n<table  class=\" table table-hover\" >\n<tbody>\n<tr>\n<td><strong>Miejsce<\/strong><\/td>\n<td><strong>God\u0142o<\/strong><\/td>\n<td><strong>Nazwa<\/strong> <strong>dru\u017cyny<\/strong><\/td>\n<td><strong>Punkty<\/strong><\/td>\n<\/tr>\n<tr>\n<td style=\"text-align: center;\">1<\/td>\n<td style=\"text-align: center;\">Fenix<\/td>\n<td>Klub Naukowy Fenix w Warszawie<\/td>\n<td style=\"text-align: center;\">89.5<\/td>\n<\/tr>\n<tr>\n<td style=\"text-align: center;\">2<\/td>\n<td style=\"text-align: center;\">\u00a0Nikiel<\/td>\n<td>Klub Naukowy Nikiel w Gda\u0144sku<\/td>\n<td style=\"text-align: center;\">89.4<\/td>\n<\/tr>\n<tr>\n<td style=\"text-align: center;\">3<\/td>\n<td style=\"text-align: center;\">DK4WB<\/td>\n<td>ZS UMK Gimnazjum i Liceum Akademickie w Toruniu<\/td>\n<td style=\"text-align: center;\">82.3<\/td>\n<\/tr>\n<\/tbody>\n<\/table>\n<h4>P\u00f3\u0142fina\u0142y (3 Marca):<\/h4>\n<table  class=\" table table-hover\" >\n<tbody>\n<tr>\n<td><strong>Miejsce<\/strong><\/td>\n<td><strong>God\u0142o<\/strong><\/td>\n<td><strong>Nazwa<\/strong> <strong>dru\u017cyny<\/strong><\/td>\n<td><strong>Punkty<\/strong><\/td>\n<\/tr>\n<tr>\n<td style=\"text-align: center;\">1<\/td>\n<td style=\"text-align: center;\">Fenix<\/td>\n<td>Klub Naukowy Fenix w Warszawie<\/td>\n<td style=\"text-align: center;\">92.4<\/td>\n<\/tr>\n<tr>\n<td style=\"text-align: center;\">2<\/td>\n<td style=\"text-align: center;\">DK4WB<\/td>\n<td>ZS UMK Gimnazjum i Liceum Akademickie w Toruniu<\/td>\n<td style=\"text-align: center;\">78.2<\/td>\n<\/tr>\n<tr>\n<td style=\"text-align: center;\">3<\/td>\n<td style=\"text-align: center;\">Nikiel<\/td>\n<td>Klub Naukowy Nikiel w Gda\u0144sku<\/td>\n<td style=\"text-align: center;\">78.1<\/td>\n<\/tr>\n<tr>\n<td style=\"text-align: center;\">4<\/td>\n<td style=\"text-align: center;\">LZK2019<\/td>\n<td>Zesp\u00f3\u0142 Szko\u0142 Og\u00f3lnokszta\u0142c\u0105cych Nr 5 we Wroc\u0142awiu<\/td>\n<td style=\"text-align: center;\">70.3<\/td>\n<\/tr>\n<tr>\n<td style=\"text-align: center;\">5<\/td>\n<td style=\"text-align: center;\">KNFTorun<\/td>\n<td>Liceum Og\u00f3lnokszta\u0142c\u0105ce im. Ziemi Kujawskiej we W\u0142oc\u0142awku<\/td>\n<td style=\"text-align: center;\">70.0<\/td>\n<\/tr>\n<\/tbody>\n<\/table>\n<h4>Etap korespondencyjny (15 stycznia):<\/h4>\n<table  class=\" table table-hover\" >\n<tbody>\n<tr>\n<td><strong>Miejsce<\/strong><\/td>\n<td><strong>God\u0142o<\/strong><\/td>\n<td><strong>Nazwa<\/strong> <strong>dru\u017cyny<\/strong><\/td>\n<td><strong>Punkty<\/strong><\/td>\n<\/tr>\n<tr>\n<td style=\"text-align: center;\">1<\/td>\n<td style=\"text-align: center;\">Fenix<\/td>\n<td>Klub Naukowy Fenix w Warszawie<\/td>\n<td style=\"text-align: center;\">144<\/td>\n<\/tr>\n<tr>\n<td style=\"text-align: center;\">2<\/td>\n<td style=\"text-align: center;\">DK4WB<\/td>\n<td>Zesp\u00f3\u0142 Szko\u0142 Og\u00f3lnokszta\u0142c\u0105cych Nr 5 we Wroc\u0142awiu<\/td>\n<td style=\"text-align: center;\">123<\/td>\n<\/tr>\n<tr>\n<td style=\"text-align: center;\">3<\/td>\n<td style=\"text-align: center;\">Nikiel<\/td>\n<td>Klub Naukowy Nikiel w Gda\u0144sku<\/td>\n<td style=\"text-align: center;\">99<\/td>\n<\/tr>\n<tr>\n<td style=\"text-align: center;\">4<\/td>\n<td style=\"text-align: center;\">LZK2019<\/td>\n<td>Liceum Og\u00f3lnokszta\u0142c\u0105ce im. Ziemi Kujawskiej we W\u0142oc\u0142awku<\/td>\n<td style=\"text-align: center;\">93<\/td>\n<\/tr>\n<tr>\n<td style=\"text-align: center;\">5<\/td>\n<td style=\"text-align: center;\">KNFTorun<\/td>\n<td>ZS UMK Gimnazjum i Liceum Akademickie w Toruniu<\/td>\n<td style=\"text-align: center;\">83<\/td>\n<\/tr>\n<tr>\n<td style=\"text-align: center;\">6<\/td>\n<td style=\"text-align: center;\">Somsiedzi<\/td>\n<td>Liceum Og\u00f3lnokszta\u0142c\u0105ce nr IX we Wroc\u0142awiu<\/td>\n<td style=\"text-align: center;\">36<\/td>\n<\/tr>\n<tr>\n<td style=\"text-align: center;\">7<\/td>\n<td style=\"text-align: center;\">ROBACZKI<\/td>\n<td>Zesp\u00f3\u0142 Szko\u0142 Og\u00f3lnokszta\u0142c\u0105cych Nr 5 we Wroc\u0142awiu<\/td>\n<td style=\"text-align: center;\">30<\/td>\n<\/tr>\n<tr>\n<td style=\"text-align: center;\">8<\/td>\n<td style=\"text-align: center;\">WorkPower<\/td>\n<td>II Liceum Og\u00f3lnokszta\u0142c\u0105ce z Oddzia\u0142ami Dwuj\u0119zycznymi im. Adama Mickiewicza<\/td>\n<td style=\"text-align: center;\">17<\/td>\n<\/tr>\n<\/tbody>\n<\/table>\n","protected":false},"excerpt":{"rendered":"<p>Fina\u0142y Mi\u0119dzynarodowe IYPT 2019 (6 &#8211; 13 Lipca): Dru\u017cna Klubu Naukowego Fenix b\u0119dzie reprezentowa\u0107 Polsk\u0119 podczas zawod\u00f3w Mi\u0119dzynarodowego Turnieju M\u0142odych Fizyk\u00f3w, kt\u00f3ry w tym roku odbywa si\u0119 w Warszawie. Wszystkich zainteresowanych zapraszamy do kibicowania dru\u017cynom. Fina\u0142y Polskie (30 Marca): Miejsce God\u0142o Nazwa dru\u017cyny Punkty 1 Fenix Klub Naukowy Fenix w Warszawie 89.5 2 \u00a0Nikiel Klub [&hellip;]<\/p>\n","protected":false},"author":1,"featured_media":0,"parent":0,"menu_order":0,"comment_status":"closed","ping_status":"closed","template":"","meta":{"jetpack_post_was_ever_published":false,"footnotes":""},"class_list":["post-1638","page","type-page","status-publish","hentry"],"jetpack_sharing_enabled":true,"jetpack_shortlink":"https:\/\/wp.me\/P4R8YU-qq","jetpack-related-posts":[],"jetpack_likes_enabled":true,"_links":{"self":[{"href":"https:\/\/tmfwarszawa.pl\/index.php\/wp-json\/wp\/v2\/pages\/1638","targetHints":{"allow":["GET"]}}],"collection":[{"href":"https:\/\/tmfwarszawa.pl\/index.php\/wp-json\/wp\/v2\/pages"}],"about":[{"href":"https:\/\/tmfwarszawa.pl\/index.php\/wp-json\/wp\/v2\/types\/page"}],"author":[{"embeddable":true,"href":"https:\/\/tmfwarszawa.pl\/index.php\/wp-json\/wp\/v2\/users\/1"}],"replies":[{"embeddable":true,"href":"https:\/\/tmfwarszawa.pl\/index.php\/wp-json\/wp\/v2\/comments?post=1638"}],"version-history":[{"count":3,"href":"https:\/\/tmfwarszawa.pl\/index.php\/wp-json\/wp\/v2\/pages\/1638\/revisions"}],"predecessor-version":[{"id":1642,"href":"https:\/\/tmfwarszawa.pl\/index.php\/wp-json\/wp\/v2\/pages\/1638\/revisions\/1642"}],"wp:attachment":[{"href":"https:\/\/tmfwarszawa.pl\/index.php\/wp-json\/wp\/v2\/media?parent=1638"}],"curies":[{"name":"wp","href":"https:\/\/api.w.org\/{rel}","templated":true}]}}