{"id":1654,"date":"2019-07-13T10:09:29","date_gmt":"2019-07-13T10:09:29","guid":{"rendered":"http:\/\/tmfwarszawa.pl\/?page_id=1654"},"modified":"2019-07-13T10:10:07","modified_gmt":"2019-07-13T10:10:07","slug":"wyniki-iypt-2019-2","status":"publish","type":"page","link":"https:\/\/tmfwarszawa.pl\/index.php\/wyniki-iypt-2019-2\/","title":{"rendered":"Wyniki IYPT 2019"},"content":{"rendered":"<p>W tym roku zawody zawod\u00f3w Mi\u0119dzynarodowego Turnieju M\u0142odych Fizyk\u00f3w 2019 odby\u0142y si\u0119 w Warszawie. W zawodach bra\u0142o udzia\u0142 34 zespo\u0142\u00f3w oraz dwa zespo\u0142y w charakterze go\u015bcia. Ranking dru\u017cyn jest dost\u0119pny poni\u017cej, dru\u017cyna Polski zaj\u0119\u0142a 23 miejsce:<\/p>\n<p><img decoding=\"async\" src=\"https:\/\/scontent-waw1-1.xx.fbcdn.net\/v\/t1.0-9\/66268224_867339796968107_4283681423321202688_n.png?_nc_cat=105&amp;_nc_oc=AQlaEEGcuHCmij6e34-gZ1FaMXDQWnzxzYt1gYwKpd-klJjEEE6d1CZ2y__E7yz7sp8&amp;_nc_ht=scontent-waw1-1.xx&amp;oh=9fc75eb11cb43a57969590239b821115&amp;oe=5DC4E506\" alt=\"Brak dost\u00c4\u0099pnego opisu zdj\u00c4\u0099cia.\"> <\/p>\n","protected":false},"excerpt":{"rendered":"<p>W tym roku zawody zawod\u00f3w Mi\u0119dzynarodowego Turnieju M\u0142odych Fizyk\u00f3w 2019 odby\u0142y si\u0119 w Warszawie. W zawodach bra\u0142o udzia\u0142 34 zespo\u0142\u00f3w oraz dwa zespo\u0142y w charakterze go\u015bcia. Ranking dru\u017cyn jest dost\u0119pny poni\u017cej, dru\u017cyna Polski zaj\u0119\u0142a 23 miejsce:<\/p>\n","protected":false},"author":1,"featured_media":1651,"parent":0,"menu_order":0,"comment_status":"closed","ping_status":"closed","template":"","meta":{"jetpack_post_was_ever_published":false,"footnotes":""},"class_list":["post-1654","page","type-page","status-publish","has-post-thumbnail","hentry"],"jetpack_sharing_enabled":true,"jetpack_shortlink":"https:\/\/wp.me\/P4R8YU-qG","jetpack-related-posts":[],"jetpack_likes_enabled":true,"_links":{"self":[{"href":"https:\/\/tmfwarszawa.pl\/index.php\/wp-json\/wp\/v2\/pages\/1654","targetHints":{"allow":["GET"]}}],"collection":[{"href":"https:\/\/tmfwarszawa.pl\/index.php\/wp-json\/wp\/v2\/pages"}],"about":[{"href":"https:\/\/tmfwarszawa.pl\/index.php\/wp-json\/wp\/v2\/types\/page"}],"author":[{"embeddable":true,"href":"https:\/\/tmfwarszawa.pl\/index.php\/wp-json\/wp\/v2\/users\/1"}],"replies":[{"embeddable":true,"href":"https:\/\/tmfwarszawa.pl\/index.php\/wp-json\/wp\/v2\/comments?post=1654"}],"version-history":[{"count":2,"href":"https:\/\/tmfwarszawa.pl\/index.php\/wp-json\/wp\/v2\/pages\/1654\/revisions"}],"predecessor-version":[{"id":1656,"href":"https:\/\/tmfwarszawa.pl\/index.php\/wp-json\/wp\/v2\/pages\/1654\/revisions\/1656"}],"wp:featuredmedia":[{"embeddable":true,"href":"https:\/\/tmfwarszawa.pl\/index.php\/wp-json\/wp\/v2\/media\/1651"}],"wp:attachment":[{"href":"https:\/\/tmfwarszawa.pl\/index.php\/wp-json\/wp\/v2\/media?parent=1654"}],"curies":[{"name":"wp","href":"https:\/\/api.w.org\/{rel}","templated":true}]}}