{"id":1730,"date":"2020-02-10T20:32:13","date_gmt":"2020-02-10T20:32:13","guid":{"rendered":"http:\/\/tmfwarszawa.pl\/?page_id=1730"},"modified":"2020-10-31T15:14:42","modified_gmt":"2020-10-31T15:14:42","slug":"terminarz-2020","status":"publish","type":"page","link":"https:\/\/tmfwarszawa.pl\/index.php\/terminarz-2020\/","title":{"rendered":"Terminarz 2020"},"content":{"rendered":"<h3>Etap korespondencyjny<\/h3>\n<p>Prace na etap korespondencyjny nale\u017cy wys\u0142a\u0107 do p\u00f3\u0142nocy\u00a0<strong>17 stycznia<\/strong>\u00a0Wi\u0119cej informacji na temat przygotowania prac i sposobu dostarczenia ich do komitet\u00f3w okr\u0119gowych znajduje si\u0119 na stronie\u00a0<a href=\"http:\/\/tmf.org.pl\" target=\"_blank\" rel=\"noopener noreferrer\">Polskiego TMF.<\/a><\/p>\n<h3>P\u00f3\u0142fina\u0142y<\/h3>\n<p>Warszawa: <strong>29 lutego<\/strong>\u00a0o godz.<strong> 9:00<\/strong> w Instytucie Fizyki Polskiej Akademii Nauk.<\/p>\n<p>Wroc\u0142aw: <strong>07 marca<\/strong>\u00a0w\u00a0Instytucie Dydaktyki Fizyki Uniwersytetu Wroc\u0142awskiego.<\/p>\n<h3>Fina\u0142y og\u00f3lnopolskie<\/h3>\n<p>Fina\u0142 Turnieju mia\u0142y zosta\u0107 rozegrane na Wydziale Fizyki, Astronomii i Informatyki Stosowanej Uniwersytetu Jagiello\u0144skiego <strong>w Krakowie<\/strong> (ul. prof.\u00a0 S. \u0141ojasiewicza 11, 30-348 Krak\u00f3w). W zwi\u0105zku <em>z zagro\u017ceniem korona-wirusem COVID-19 <\/em>zawody zosta\u0142y odwo\u0142ane.<\/p>\n<h3>Fina\u0142y\u00a0mi\u0119dzynarodowe<\/h3>\n<p>Zawody mi\u0119dzynarodowe mia\u0142y si\u0119 odby\u0107 w <strong>Timi\u0219oarze <\/strong>w<strong> Rumunii <\/strong>\u00a0w dniach <strong>9<\/strong><b> lipca &#8211; 16 lipca. <\/b>W zwi\u0105zku <em>z zagro\u017ceniem koronawirusem COVID-19 <\/em>zawody zosta\u0142y odwo\u0142ane.<\/p>\n","protected":false},"excerpt":{"rendered":"<p>Etap korespondencyjny Prace na etap korespondencyjny nale\u017cy wys\u0142a\u0107 do p\u00f3\u0142nocy\u00a017 stycznia\u00a0Wi\u0119cej informacji na temat przygotowania prac i sposobu dostarczenia ich do komitet\u00f3w okr\u0119gowych znajduje si\u0119 na stronie\u00a0Polskiego TMF. P\u00f3\u0142fina\u0142y Warszawa: 29 lutego\u00a0o godz. 9:00 w Instytucie Fizyki Polskiej Akademii Nauk. Wroc\u0142aw: 07 marca\u00a0w\u00a0Instytucie Dydaktyki Fizyki Uniwersytetu Wroc\u0142awskiego. Fina\u0142y og\u00f3lnopolskie Fina\u0142 Turnieju mia\u0142y zosta\u0107 rozegrane na [&hellip;]<\/p>\n","protected":false},"author":1,"featured_media":0,"parent":0,"menu_order":0,"comment_status":"closed","ping_status":"closed","template":"","meta":{"jetpack_post_was_ever_published":false,"footnotes":""},"class_list":["post-1730","page","type-page","status-publish","hentry"],"jetpack_sharing_enabled":true,"jetpack_shortlink":"https:\/\/wp.me\/P4R8YU-rU","jetpack-related-posts":[],"jetpack_likes_enabled":true,"_links":{"self":[{"href":"https:\/\/tmfwarszawa.pl\/index.php\/wp-json\/wp\/v2\/pages\/1730","targetHints":{"allow":["GET"]}}],"collection":[{"href":"https:\/\/tmfwarszawa.pl\/index.php\/wp-json\/wp\/v2\/pages"}],"about":[{"href":"https:\/\/tmfwarszawa.pl\/index.php\/wp-json\/wp\/v2\/types\/page"}],"author":[{"embeddable":true,"href":"https:\/\/tmfwarszawa.pl\/index.php\/wp-json\/wp\/v2\/users\/1"}],"replies":[{"embeddable":true,"href":"https:\/\/tmfwarszawa.pl\/index.php\/wp-json\/wp\/v2\/comments?post=1730"}],"version-history":[{"count":4,"href":"https:\/\/tmfwarszawa.pl\/index.php\/wp-json\/wp\/v2\/pages\/1730\/revisions"}],"predecessor-version":[{"id":1853,"href":"https:\/\/tmfwarszawa.pl\/index.php\/wp-json\/wp\/v2\/pages\/1730\/revisions\/1853"}],"wp:attachment":[{"href":"https:\/\/tmfwarszawa.pl\/index.php\/wp-json\/wp\/v2\/media?parent=1730"}],"curies":[{"name":"wp","href":"https:\/\/api.w.org\/{rel}","templated":true}]}}