{"id":1819,"date":"2020-09-30T11:07:01","date_gmt":"2020-09-30T11:07:01","guid":{"rendered":"http:\/\/tmfwarszawa.pl\/?page_id=1819"},"modified":"2020-09-30T11:11:47","modified_gmt":"2020-09-30T11:11:47","slug":"zadania-2019-pol-2","status":"publish","type":"page","link":"https:\/\/tmfwarszawa.pl\/index.php\/zadania-2019-pol-2\/","title":{"rendered":"Zadania 2019 (pol)"},"content":{"rendered":"<p><strong>1. Wymy\u015bl sam<\/strong><br \/>\nZbuduj prosty silnik, kt\u00f3rego nap\u0119d bazuje na wy\u0142adowaniu koronowym. Zbadaj jak ruch wirnika zale\u017cy od istotnych parametr\u00f3w oraz ulepsz swoj\u0105 konstrukcj\u0119 tak, aby przy ustalonym napi\u0119ciu zasilania osi\u0105gana pr\u0119dko\u015b\u0107 by\u0142a maksymalna.<\/p>\n<p><strong>2. Aerozol<\/strong><br \/>\nWoda przep\u0142ywaj\u0105ca przez ma\u0142y otw\u00f3r mo\u017ce utworzy\u0107 aerozol. Zbadaj parametry, kt\u00f3re okre\u015blaj\u0105 warunki powstawania aerozolu zamiast, na przyk\u0142ad, strumienia. Jakie s\u0105 w\u0142a\u015bciwo\u015bci otrzymanego aerozolu?<\/p>\n<p><strong>3. Pod\u017awi\u0119k<\/strong><br \/>\nUmie\u015b\u0107 drgaj\u0105cy kamerton lub inny prosty oscylator tak, by delikatnie dotyka\u0142 kartki papieru. Cz\u0119stotliwo\u015b\u0107 powstaj\u0105cego w ten spos\u00f3b d\u017awi\u0119ku mo\u017ce by\u0107 mniejsza ni\u017c cz\u0119stotliwo\u015b\u0107 drga\u0144 w\u0142asnych kamertonu. Zbadaj to zjawisko.<\/p>\n<p><strong>4. Lejek i pi\u0142ka<\/strong><br \/>\nLekka pi\u0142ka (np. pi\u0142ka pingpongowa) mo\u017ce zosta\u0107 uniesiona przy u\u017cyciu lejka, gdy przep\u0142ywa przez niego powietrze. Wyja\u015bnij to zjawisko i zbadaj istotne parametry.<\/p>\n<p><strong>5. Nape\u0142nianie butelki<\/strong><br \/>\nPionowy strumie\u0144 wody wpadaj\u0105cy do butelki mo\u017ce wytworzy\u0107 d\u017awi\u0119k, a gdy butelka si\u0119 nape\u0142nia charakterystyki d\u017awi\u0119ku mog\u0105 ulec zmianie. Zbadaj, jak istotne parametry uk\u0142adu, takie jak pr\u0119dko\u015b\u0107 i wymiary strumienia, wielko\u015b\u0107 i kszta\u0142t butelki oraz temperatura wody, wp\u0142ywaj\u0105 na powstaj\u0105cy d\u017awi\u0119k.<\/p>\n<p><strong>6. Tornado kulek<\/strong><br \/>\nDwie po\u0142\u0105czone stalowe kulki mog\u0105 wirowa\u0107 z zaskakuj\u0105co du\u017c\u0105 cz\u0119stotliwo\u015bci\u0105, gdy najpierw zostan\u0105 rozkr\u0119cone r\u0119k\u0105, a nast\u0119pnie b\u0119dzie si\u0119 na nie dmucha\u0107 przez rurk\u0119 (np. s\u0142omk\u0119). Wyja\u015bnij i zbadaj to zjawisko.<\/p>\n<p><strong>7. G\u0142o\u015bnie d\u017awi\u0119ki.<\/strong><br \/>\nProsty obiekt w kszta\u0142cie sto\u017cka lub rogu mo\u017ce zosta\u0107 u\u017cyty do poprawy parametr\u00f3w przekazu ludzkiego g\u0142osu do oddalonego s\u0142uchacza. Zbadaj jak sygna\u0142 akustyczny zale\u017cy od istotnych parametr\u00f3w takich jak kszta\u0142t, rozmiar i materia\u0142 sto\u017cka.<\/p>\n<p><strong>8. Kosmiczne d\u017awi\u0119ki<\/strong><br \/>\nUderzaj\u0105c spr\u0119\u017cyn\u0119 \u015brubow\u0105 mo\u017cna uzyska\u0107 d\u017awi\u0119k przypominaj\u0105cy \u201estrzelania laserem\u201d w filmach science-fiction. Zbadaj i wyja\u015bnij to zjawisko.<\/p>\n<p><strong>9. Optyka sosu sojowego<\/strong><br \/>\nEfekt soczewki termicznej mo\u017cna zaobserwowa\u0107 podczas przej\u015bcia wi\u0105zki laserowej przez cienk\u0105 (oko\u0142o 200 \u03bcm) warstw\u0119 sosu sojowego. Zbadaj to zjawisko.<\/p>\n<p><strong>10. Wisz\u0105ce m\u0142y\u0144skie ko\u0142o<\/strong><br \/>\nOstro\u017cnie umie\u015b\u0107 lekki przedmiot, np. dysk styropianowy, blisko kraw\u0119dzi skierowanego do g\u00f3ry strumienia wody. W pewnych warunkach zawieszony przedmiot zacznie si\u0119 obraca\u0107. Zbadaj to zjawisko i jego niezale\u017cno\u015b\u0107 od zewn\u0119trznych zaburze\u0144.<\/p>\n<p><strong>11. P\u0142aski samoporz\u0105dek<\/strong><br \/>\nUmie\u015b\u0107 wiele identycznych, twardych cz\u0105stek, o regularnym kszta\u0142cie na powierzchni wibruj\u0105cej p\u0142yty, tak by tworzy\u0142y p\u0142ask\u0105 warstw\u0119. W zale\u017cno\u015bci od liczby cz\u0105stek na jednostk\u0119 powierzchni mog\u0105 one, lub nie, formowa\u0107 porz\u0105dek przypominaj\u0105cy struktur\u0119 krystaliczn\u0105. Zbadaj to zjawisko.<\/p>\n<p><strong>12. Teslometr \u017cyroskopowy<\/strong><br \/>\nWiruj\u0105cy \u017cyroskop zrobiony z przewodz\u0105cego, ale niemagnetycznego materia\u0142u zwalnia, gdy zostanie umieszczony w polu magnetycznym. Zbadaj, jak jego op\u00f3\u017anienie zale\u017cy od istotnych parametr\u00f3w.<\/p>\n<p><strong>13. Licznik niciowy Moire<\/strong><br \/>\nGdy wz\u00f3r z blisko umieszczonych, nie przecinaj\u0105cych si\u0119 linii (z przezroczyst\u0105 przerw\u0105 pomi\u0119dzy) zostanie na\u0142o\u017cony na tkany materia\u0142, mo\u017cna zaobserwowa\u0107 charakterystyczne pr\u0105\u017cki Moir\u00e9. Zaprojektuj pokrycie, kt\u00f3re umo\u017cliwi pomiar liczby w\u0142\u00f3kien w tkaninie. Okre\u015bl dok\u0142adno\u015b\u0107 pomiaru dla prostej tkaniny (takiej jak len) i zbadaj czy metoda jest wiarygodna dla bardziej z\u0142o\u017conych tkanin (jak np. D\u017cins lub \u017cakard).<\/p>\n<p><strong>14. Kr\u0119c\u0105ce si\u0119 wahad\u0142o<\/strong><br \/>\nPo\u0142\u0105cz dwa obci\u0105\u017cniki \u2013 jeden o du\u017cej masie, drugi o ma\u0142ej \u2013 sznurkiem i przerzu\u0107 sznurek przez poziomy pr\u0119t. Unie\u015b ci\u0119\u017cszy obci\u0105\u017cnik ci\u0105gn\u0105\u0107 l\u017cejszy do do\u0142u. Nast\u0119pnie uwolnij l\u017cejszy, kt\u00f3ry b\u0119dzie si\u0119 owija\u0107 wok\u00f3\u0142 pr\u0119ta, uniemo\u017cliwiaj\u0105c ci\u0119\u017cszemu upadek na pod\u0142o\u017ce. Zbadaj to zjawisko.<\/p>\n<p><strong>15. Ko\u0142yska Newtona<\/strong><br \/>\nWahania ko\u0142yski Newtona b\u0119d\u0105 stopniowo zanika\u0142y, a\u017c do chwili, gdy kule si\u0119 zatrzymaj\u0105. Zbadaj jak szybko\u015b\u0107 zaniku waha\u0144 ko\u0142yski Newtona zale\u017cy od istotnych parametr\u00f3w, takich jak liczba, materia\u0142 i ustawienie kul.<\/p>\n<p><strong>16. Ton\u0105ce b\u0105belki<\/strong><br \/>\nGdy naczynie z ciecz\u0105 (np. wod\u0105) drga w pionie, mo\u017cliwe jest, \u017ce b\u0105belki powietrza w cieczy poruszaj\u0105 si\u0119 do do\u0142u zamiast do g\u00f3ry. Zbadaj to zjawisko.<\/p>\n<p><strong>17. Patyczkowa reakcja \u0142a\u0144cuchowa<\/strong><br \/>\nDrewniane patyczki do lod\u00f3w mo\u017cna po\u0142\u0105czy\u0107 poprzez delikatne zgi\u0119cie ka\u017cdego z nich tak, \u017ce uplot\u0105 \u0142a\u0144cuch tzw. \u201csplot cobra\u201d. Gdy jeden z ko\u0144c\u00f3w takiego \u0142a\u0144cucha zostanie uwolniony, patyczki gwa\u0142townie si\u0119 roz\u0142\u0105cz\u0105, a czo\u0142o fali b\u0119dzie porusza\u0107 si\u0119 wzd\u0142u\u017c \u0142a\u0144cucha. Zbadaj to zjawisko.<\/p>\n<p><a href=\"http:\/\/tmfwarszawa.pl\/wp-content\/uploads\/2020\/09\/ProblemyTMF2019.pdf\">Pobierz PDF<\/a><\/p>\n","protected":false},"excerpt":{"rendered":"<p>1. Wymy\u015bl sam Zbuduj prosty silnik, kt\u00f3rego nap\u0119d bazuje na wy\u0142adowaniu koronowym. Zbadaj jak ruch wirnika zale\u017cy od istotnych parametr\u00f3w oraz ulepsz swoj\u0105 konstrukcj\u0119 tak, aby przy ustalonym napi\u0119ciu zasilania osi\u0105gana pr\u0119dko\u015b\u0107 by\u0142a maksymalna. 2. Aerozol Woda przep\u0142ywaj\u0105ca przez ma\u0142y otw\u00f3r mo\u017ce utworzy\u0107 aerozol. Zbadaj parametry, kt\u00f3re okre\u015blaj\u0105 warunki powstawania aerozolu zamiast, na przyk\u0142ad, strumienia. [&hellip;]<\/p>\n","protected":false},"author":1,"featured_media":0,"parent":0,"menu_order":0,"comment_status":"closed","ping_status":"closed","template":"","meta":{"jetpack_post_was_ever_published":false,"footnotes":""},"class_list":["post-1819","page","type-page","status-publish","hentry"],"jetpack_sharing_enabled":true,"jetpack_shortlink":"https:\/\/wp.me\/P4R8YU-tl","jetpack-related-posts":[],"jetpack_likes_enabled":true,"_links":{"self":[{"href":"https:\/\/tmfwarszawa.pl\/index.php\/wp-json\/wp\/v2\/pages\/1819","targetHints":{"allow":["GET"]}}],"collection":[{"href":"https:\/\/tmfwarszawa.pl\/index.php\/wp-json\/wp\/v2\/pages"}],"about":[{"href":"https:\/\/tmfwarszawa.pl\/index.php\/wp-json\/wp\/v2\/types\/page"}],"author":[{"embeddable":true,"href":"https:\/\/tmfwarszawa.pl\/index.php\/wp-json\/wp\/v2\/users\/1"}],"replies":[{"embeddable":true,"href":"https:\/\/tmfwarszawa.pl\/index.php\/wp-json\/wp\/v2\/comments?post=1819"}],"version-history":[{"count":4,"href":"https:\/\/tmfwarszawa.pl\/index.php\/wp-json\/wp\/v2\/pages\/1819\/revisions"}],"predecessor-version":[{"id":1826,"href":"https:\/\/tmfwarszawa.pl\/index.php\/wp-json\/wp\/v2\/pages\/1819\/revisions\/1826"}],"wp:attachment":[{"href":"https:\/\/tmfwarszawa.pl\/index.php\/wp-json\/wp\/v2\/media?parent=1819"}],"curies":[{"name":"wp","href":"https:\/\/api.w.org\/{rel}","templated":true}]}}