{"id":1846,"date":"2020-10-31T15:12:53","date_gmt":"2020-10-31T15:12:53","guid":{"rendered":"http:\/\/tmfwarszawa.pl\/?page_id=1846"},"modified":"2022-01-16T13:17:13","modified_gmt":"2022-01-16T13:17:13","slug":"terminarz-2021","status":"publish","type":"page","link":"https:\/\/tmfwarszawa.pl\/index.php\/terminarz-2021\/","title":{"rendered":"Terminarz 2021"},"content":{"rendered":"<div id=\"pl-1846\"  class=\"panel-layout\" ><div id=\"pg-1846-0\"  class=\"panel-grid panel-no-style\" ><div id=\"pgc-1846-0-0\"  class=\"panel-grid-cell\" ><div id=\"panel-1846-0-0-0\" class=\"so-panel widget widget_sow-editor panel-first-child\" data-index=\"0\" ><div class=\"panel-widget-style panel-widget-style-for-1846-0-0-0\" ><div\n\t\t\t\n\t\t\tclass=\"so-widget-sow-editor so-widget-sow-editor-base\"\n\t\t\t\n\t\t><h3 class=\"widget-title\">Etap korespondencyjny<\/h3>\n<div class=\"siteorigin-widget-tinymce textwidget\">\n\t<p>Dru\u017cyny chc\u0105ce uczestniczy\u0107 w Turnieju powinny dokona\u0107 rejestracji za po\u015brednictwem strony internetowej <a href=\"http:\/\/tmf.ptf.net.pl\/\">http:\/\/tmf.ptf.net.pl\/<\/a>\u00a0do dnia\u00a0<strong>10 stycznia 2021 r.<\/strong> (w\u0142\u0105cznie). Prace na etap korespondencyjny nale\u017cy wys\u0142a\u0107 do p\u00f3\u0142nocy <strong>15 stycznia.<\/strong>\u00a0Wi\u0119cej informacji na temat przygotowania prac i sposobu dostarczenia ich do komitet\u00f3w okr\u0119gowych znajduje si\u0119 na stronie\u00a0<a href=\"http:\/\/tmf.org.pl\" target=\"_blank\" rel=\"noopener noreferrer\">Polskiego TMF.<\/a><\/p>\n<\/div>\n<\/div><\/div><\/div><div id=\"panel-1846-0-0-1\" class=\"so-panel widget widget_sow-editor\" data-index=\"1\" ><div\n\t\t\t\n\t\t\tclass=\"so-widget-sow-editor so-widget-sow-editor-base\"\n\t\t\t\n\t\t><h3 class=\"widget-title\">P\u00f3\u0142fina\u0142y<\/h3>\n<div class=\"siteorigin-widget-tinymce textwidget\">\n\t<p>P\u00f3\u0142fina\u0142owe zawody turniejowe odb\u0119d\u0105 si\u0119 w dw\u00f3ch okr\u0119gach, ze wzgl\u0119du na obostrzenia obecnie rozegranie zawod\u00f3w jest nie mo\u017cliwe, zawody zostan\u0105 rozegrane w najbli\u017cszym mo\u017cliwym terminie<\/p>\n<p><del><strong>20 lutego o<\/strong><\/del><strong><del>\u00a0godzinie 9.00<\/del>\u00a0<\/strong>w Warszawie (Instytut Fizyki Polskiej Akademii Nauk),<\/p>\n<p><del><strong>27 lutego o godzinie 10.00<\/strong><\/del>\u00a0we Wroc\u0142awiu (Instytut Fizyki Do\u015bwiadczalnej Uniwersytetu Wroc\u0142awskiego)<\/p>\n<\/div>\n<\/div><\/div><div id=\"panel-1846-0-0-2\" class=\"so-panel widget widget_sow-editor\" data-index=\"2\" ><div class=\"panel-widget-style panel-widget-style-for-1846-0-0-2\" ><div\n\t\t\t\n\t\t\tclass=\"so-widget-sow-editor so-widget-sow-editor-base\"\n\t\t\t\n\t\t><h3 class=\"widget-title\">Fina\u0142y og\u00f3lnopolskie<\/h3>\n<div class=\"siteorigin-widget-tinymce textwidget\">\n\t<p>Fina\u0142 Turnieju, z udzia\u0142em najlepszych 4 dru\u017cyn p\u00f3\u0142fina\u0142owych (po dwie dru\u017cyny z o\u015brodka), zostanie rozegrany (<del><strong>27 marca 2021 r.<\/strong><\/del>- <span style=\"color: #800000;\">termin uzgadniany<\/span>) na Wydziale Fizyki, Astronomii i Informatyki Stosowanej Uniwersytetu Jagiello\u0144skiego w Krakowie (ul. prof.\u00a0 S. \u0141ojasiewicza 11, 30-348 Krak\u00f3w). Podczas zawod\u00f3w fina\u0142owych wszystkie wyst\u0105pienia \u2013 referenta, oponenta i recenzenta \u2013 z dyskusj\u0105 w\u0142\u0105cznie odbywaj\u0105 si\u0119 w j\u0119zyku angielskim. Na podstawie wynik\u00f3w zawod\u00f3w fina\u0142owych zostanie wy\u0142oniona dru\u017cyna reprezentuj\u0105ca Polsk\u0119 w Turnieju Mi\u0119dzynarodowym.<\/p>\n<\/div>\n<\/div><\/div><\/div><div id=\"panel-1846-0-0-3\" class=\"so-panel widget widget_sow-editor\" data-index=\"3\" ><div class=\"panel-widget-style panel-widget-style-for-1846-0-0-3\" ><div\n\t\t\t\n\t\t\tclass=\"so-widget-sow-editor so-widget-sow-editor-base\"\n\t\t\t\n\t\t><h3 class=\"widget-title\">Fina\u0142y\u00a0mi\u0119dzynarodowe 2021<\/h3>\n<div class=\"siteorigin-widget-tinymce textwidget\">\n\t<p>Zawody mi\u0119dzynarodowe maj\u0105 si\u0119 odby\u0107 w <strong>Kutaisi <\/strong>w <b>Gruzji<\/b> w dniach <strong>7<\/strong><b> lipca - 14 lipca. <\/b><\/p>\n<\/div>\n<\/div><\/div><\/div><div id=\"panel-1846-0-0-4\" class=\"so-panel widget widget_sow-editor panel-last-child\" data-index=\"4\" ><div class=\"panel-widget-style panel-widget-style-for-1846-0-0-4\" ><div\n\t\t\t\n\t\t\tclass=\"so-widget-sow-editor so-widget-sow-editor-base\"\n\t\t\t\n\t\t><h3 class=\"widget-title\">Informacja o COVID-19<\/h3>\n<div class=\"siteorigin-widget-tinymce textwidget\">\n\t<p>W zwi\u0105zku z panuj\u0105c\u0105 pandemi\u0105, terminy etap\u00f3w zawod\u00f3w mog\u0105 ulec zmianie.<\/p>\n<\/div>\n<\/div><\/div><\/div><\/div><\/div><\/div>","protected":false},"excerpt":{"rendered":"<p>Dru\u017cyny chc\u0105ce uczestniczy\u0107 w Turnieju powinny dokona\u0107 rejestracji za po\u015brednictwem strony internetowej http:\/\/tmf.ptf.net.pl\/\u00a0do dnia\u00a010 stycznia 2021 r. (w\u0142\u0105cznie). Prace na etap korespondencyjny nale\u017cy wys\u0142a\u0107 do p\u00f3\u0142nocy 15 stycznia.\u00a0Wi\u0119cej informacji na temat przygotowania prac i sposobu dostarczenia ich do komitet\u00f3w okr\u0119gowych znajduje si\u0119 na stronie\u00a0Polskiego TMF. P\u00f3\u0142fina\u0142owe zawody turniejowe odb\u0119d\u0105 si\u0119 w dw\u00f3ch okr\u0119gach, ze wzgl\u0119du [&hellip;]<\/p>\n","protected":false},"author":1,"featured_media":0,"parent":0,"menu_order":0,"comment_status":"closed","ping_status":"closed","template":"","meta":{"jetpack_post_was_ever_published":false,"footnotes":""},"class_list":["post-1846","page","type-page","status-publish","hentry"],"jetpack_sharing_enabled":true,"jetpack_shortlink":"https:\/\/wp.me\/P4R8YU-tM","jetpack-related-posts":[],"jetpack_likes_enabled":true,"_links":{"self":[{"href":"https:\/\/tmfwarszawa.pl\/index.php\/wp-json\/wp\/v2\/pages\/1846","targetHints":{"allow":["GET"]}}],"collection":[{"href":"https:\/\/tmfwarszawa.pl\/index.php\/wp-json\/wp\/v2\/pages"}],"about":[{"href":"https:\/\/tmfwarszawa.pl\/index.php\/wp-json\/wp\/v2\/types\/page"}],"author":[{"embeddable":true,"href":"https:\/\/tmfwarszawa.pl\/index.php\/wp-json\/wp\/v2\/users\/1"}],"replies":[{"embeddable":true,"href":"https:\/\/tmfwarszawa.pl\/index.php\/wp-json\/wp\/v2\/comments?post=1846"}],"version-history":[{"count":14,"href":"https:\/\/tmfwarszawa.pl\/index.php\/wp-json\/wp\/v2\/pages\/1846\/revisions"}],"predecessor-version":[{"id":2133,"href":"https:\/\/tmfwarszawa.pl\/index.php\/wp-json\/wp\/v2\/pages\/1846\/revisions\/2133"}],"wp:attachment":[{"href":"https:\/\/tmfwarszawa.pl\/index.php\/wp-json\/wp\/v2\/media?parent=1846"}],"curies":[{"name":"wp","href":"https:\/\/api.w.org\/{rel}","templated":true}]}}