{"id":2020,"date":"2021-02-23T10:34:58","date_gmt":"2021-02-23T10:34:58","guid":{"rendered":"https:\/\/tmfwarszawa.pl\/?page_id=2020"},"modified":"2021-02-23T10:42:57","modified_gmt":"2021-02-23T10:42:57","slug":"zadania-2014-pol","status":"publish","type":"page","link":"https:\/\/tmfwarszawa.pl\/index.php\/zadania-2014-pol\/","title":{"rendered":"Zadania 2014 (pol)"},"content":{"rendered":"<p><strong>1. Wymy\u015bl sam<\/strong><br \/>\nWiadomo, \u017ce niekt\u00f3re obwody elektryczne wykazuj\u0105 zachowanie chaotyczne. Zbuduj prosty uk\u0142ad o takiej w\u0142a\u015bciwo\u015bci i zbadaj jego zachowanie.<\/p>\n<p><strong>2. Hologram<\/strong><br \/>\nPanuje opinia, \u017ce hologram mo\u017ce powsta\u0107 przez zarysowanie kawa\u0142ka plastiku. Wykonaj taki \u201ehologram\u201d dla napisu \u201eIYPT\u201d i zbadaj, jak on dzia\u0142a.<\/p>\n<p><strong>3. Skr\u0119cona lina<\/strong><br \/>\nPrzytrzymuj\u0105c lin\u0119 skr\u0119caj jeden z jej ko\u0144c\u00f3w. W pewnym miejscu lina uformuje si\u0119 w spiral\u0119 lub p\u0119tl\u0119. Zbadaj i wyja\u015bnij to zjawisko.<\/p>\n<p><strong>4. D\u017awi\u0119k kul<\/strong><br \/>\nGdy dwie kule z twardego materia\u0142u, np. stali s\u0105 z sob\u0105 delikatnie stykane, zdarza si\u0119 s\u0142ysze\u0107 niezwyk\u0142y d\u017awi\u0119k podobny do \u0107wierkania. Zbadaj i wyja\u015bnij natur\u0119 tego d\u017awi\u0119ku.<\/p>\n<p><strong>5. Obci\u0105\u017cona obr\u0119cz<\/strong><br \/>\nPrzymocuj ma\u0142y ci\u0119\u017carek do wewn\u0119trznej strony obr\u0119czy i pchni\u0119ciem wprowad\u017a j\u0105 w ruch tocz\u0105cy. Zbadaj ruch obr\u0119czy.<\/p>\n<p><strong>6. B\u0105belkowy kryszta\u0142<\/strong><br \/>\nDu\u017ca liczba bardzo ma\u0142ych, podobnej wielko\u015bci b\u0105belk\u00f3w powietrza p\u0142ywa na powierzchni mydlanej cieczy. B\u0105belki same uk\u0142adaj\u0105 si\u0119 w regularn\u0105 struktur\u0119 podobn\u0105 do sieci krystalicznej. Zaproponuj metod\u0119 wytwarzania b\u0105belk\u00f3w zbli\u017conej wielko\u015bci i zbadaj formowanie si\u0119 takiego b\u0105belkowego kryszta\u0142u.<\/p>\n<p><strong>7. Ch\u0142odziarka typu &#8222;garnek w garnku&#8221;<\/strong><br \/>\nCh\u0142odziarka \u201egarnek w garnku\u201d jest urz\u0105dzeniem, kt\u00f3re utrzymuje \u017cywno\u015b\u0107 w niskiej temperaturze dzi\u0119ki ch\u0142odzeniu przez parowanie. Sk\u0142ada si\u0119 ono z naczynia umieszczonego w wi\u0119kszym naczyniu z przestrzeni\u0105 mi\u0119dzy nimi wype\u0142nion\u0105 wilgotn\u0105 substancj\u0105 porowat\u0105 lub granularn\u0105, jak np. piasek. W jaki spos\u00f3b mo\u017cna uzyska\u0107 najlepszy efekt ch\u0142odzenia?<\/p>\n<p><strong>8. Zamra\u017canie kropel<\/strong><br \/>\nUmie\u015b\u0107 kropl\u0119 wody na p\u0142ytce och\u0142odzonej do oko\u0142o -20 \u00b0C. Podczas zamra\u017cania kropla mo\u017ce przybra\u0107 kszta\u0142t zbli\u017cony do sto\u017cka z ostrym wierzcho\u0142kiem. Zbadaj to zjawisko.<\/p>\n<p><strong>9. Bomby wodne<\/strong><br \/>\nUczestnikom bitew na balony wodne nie udaj\u0105 si\u0119 pewne rzuty, gdy\u017c zamiast p\u0119kn\u0105\u0107 balony odbijaj\u0105 si\u0119 z powrotem. Zbadaj ruch, odkszta\u0142cenie oraz odbicie balona wype\u0142nionego ciecz\u0105. Przy spe\u0142nieniu jakich warunk\u00f3w balon p\u0119ka?<\/p>\n<p><strong>10. Wsp\u00f3\u0142czynnik dyfuzji<\/strong><br \/>\nZa pomoc\u0105 mikroskopu obserwuj ruchy Browna wykonywane przez cz\u0105steczk\u0119 o rozmiarach rz\u0119du mikrometra. Zbadaj, jak wsp\u00f3\u0142czynnik dyfuzji zale\u017cy od rozmiar\u00f3w i kszta\u0142tu cz\u0105steczki.<\/p>\n<p><strong>11. Elektrownia na \u015bwieczk\u0119<\/strong><br \/>\nZaprojektuj urz\u0105dzenie przetwarzaj\u0105ce ciep\u0142o p\u0142omienia \u015bwiecy na energi\u0119 elektryczn\u0105. Zbadaj, jaki wp\u0142yw na sprawno\u015b\u0107 urz\u0105dzenia maj\u0105 jego poszczeg\u00f3lne cechy.<\/p>\n<p><strong>12. Zimny balonik<\/strong><br \/>\nPodczas gdy z napompowanego gumowego balonika ucieka powietrze, jego powierzchnia staje si\u0119 w dotyku ch\u0142odniejsza. Zbadaj parametry maj\u0105ce wp\u0142yw na to ch\u0142odzenie. Jak temperatura r\u00f3\u017cnych cz\u0119\u015bci balonika zale\u017cy od istotnych parametr\u00f3w.<\/p>\n<p><strong>13. Wiruj\u0105ce siod\u0142o<\/strong><br \/>\nNa \u015brodku wiruj\u0105cego siod\u0142a (powierzchni siod\u0142owej) umieszczono pi\u0142k\u0119. Zbadaj dynamik\u0119 ruchu pi\u0142ki i wyja\u015bnij warunki, w jakich pi\u0142ka nie spada z siod\u0142a.<\/p>\n<p><strong>14. Gumowy silnik<\/strong><br \/>\nW skr\u0119conej ta\u015bmie gumowej zgromadzona jest energia, kt\u00f3ra mo\u017ce by\u0107 wykorzystana np. do nap\u0119du modelu lataj\u0105cego. Zbadaj, jakie s\u0105 w\u0142a\u015bciwo\u015bci takiego \u017ar\u00f3d\u0142a energii \u2013 silnika oraz jak w czasie zmienia si\u0119 oddawana przeze\u0144 moc.<\/p>\n<p><strong>15. Olejowe gwiazdy<\/strong><br \/>\nJe\u015bli grub\u0105 warstw\u0119 lepkiej cieczy (np. oleju silikonowego) umie\u015bci si\u0119 w okr\u0105g\u0142ym pojemniku i podda j\u0105 pionowym drganiom, b\u0119dzie mo\u017cna zaobserwowa\u0107 symetryczne wzory fal stoj\u0105cych. Ile osi symetrii wyst\u0119puje w uzyskiwanych wzorach? Zbadaj i wyja\u015bnij kszta\u0142t oraz zachowanie tych wzor\u00f3w.<\/p>\n<p><strong>16. Magnetyczne hamowanie<\/strong><br \/>\nPodczas spadania silnego magnesu w metalowej, nieferromagnetycznej rurze wyst\u0119puj\u0105 si\u0142y hamuj\u0105ce jego ruch. Zbadaj to zjawisko.<\/p>\n<p><strong>17. Czekoladowa histereza<\/strong><br \/>\nW temperaturze pokojowej czekolada sprawia wra\u017cenie cia\u0142a sta\u0142ego, ale podgrzana do temperatury ludzkiego cia\u0142a ulega stopieniu. Je\u015bli ponownie och\u0142odzi si\u0119 czekolad\u0119 do temperatury pokojowej, cz\u0119sto pozostaje ona p\u0142ynna r\u00f3wnie\u017c w temperaturze pokojowej. Zbadaj przedzia\u0142 temperatury, w kt\u00f3rym czekolada mo\u017ce wyst\u0119powa\u0107 zar\u00f3wno w stanie stopionym, jak i \u201esta\u0142ym\u201d oraz jego zale\u017cno\u015b\u0107 od istotnych parametr\u00f3w.<\/p>\n","protected":false},"excerpt":{"rendered":"<p>1. Wymy\u015bl sam Wiadomo, \u017ce niekt\u00f3re obwody elektryczne wykazuj\u0105 zachowanie chaotyczne. Zbuduj prosty uk\u0142ad o takiej w\u0142a\u015bciwo\u015bci i zbadaj jego zachowanie. 2. Hologram Panuje opinia, \u017ce hologram mo\u017ce powsta\u0107 przez zarysowanie kawa\u0142ka plastiku. Wykonaj taki \u201ehologram\u201d dla napisu \u201eIYPT\u201d i zbadaj, jak on dzia\u0142a. 3. Skr\u0119cona lina Przytrzymuj\u0105c lin\u0119 skr\u0119caj jeden z jej ko\u0144c\u00f3w. W [&hellip;]<\/p>\n","protected":false},"author":1,"featured_media":0,"parent":0,"menu_order":0,"comment_status":"closed","ping_status":"closed","template":"","meta":{"jetpack_post_was_ever_published":false,"footnotes":""},"class_list":["post-2020","page","type-page","status-publish","hentry"],"jetpack_sharing_enabled":true,"jetpack_shortlink":"https:\/\/wp.me\/P4R8YU-wA","jetpack-related-posts":[],"jetpack_likes_enabled":true,"_links":{"self":[{"href":"https:\/\/tmfwarszawa.pl\/index.php\/wp-json\/wp\/v2\/pages\/2020","targetHints":{"allow":["GET"]}}],"collection":[{"href":"https:\/\/tmfwarszawa.pl\/index.php\/wp-json\/wp\/v2\/pages"}],"about":[{"href":"https:\/\/tmfwarszawa.pl\/index.php\/wp-json\/wp\/v2\/types\/page"}],"author":[{"embeddable":true,"href":"https:\/\/tmfwarszawa.pl\/index.php\/wp-json\/wp\/v2\/users\/1"}],"replies":[{"embeddable":true,"href":"https:\/\/tmfwarszawa.pl\/index.php\/wp-json\/wp\/v2\/comments?post=2020"}],"version-history":[{"count":3,"href":"https:\/\/tmfwarszawa.pl\/index.php\/wp-json\/wp\/v2\/pages\/2020\/revisions"}],"predecessor-version":[{"id":2027,"href":"https:\/\/tmfwarszawa.pl\/index.php\/wp-json\/wp\/v2\/pages\/2020\/revisions\/2027"}],"wp:attachment":[{"href":"https:\/\/tmfwarszawa.pl\/index.php\/wp-json\/wp\/v2\/media?parent=2020"}],"curies":[{"name":"wp","href":"https:\/\/api.w.org\/{rel}","templated":true}]}}