{"id":2028,"date":"2021-02-23T13:17:16","date_gmt":"2021-02-23T13:17:16","guid":{"rendered":"https:\/\/tmfwarszawa.pl\/?page_id=2028"},"modified":"2021-02-23T13:17:16","modified_gmt":"2021-02-23T13:17:16","slug":"zadania-2001-pol","status":"publish","type":"page","link":"https:\/\/tmfwarszawa.pl\/index.php\/zadania-2001-pol\/","title":{"rendered":"Zadania 2001 (pol)"},"content":{"rendered":"<p><strong>1. Silnik elektrostatyczny<\/strong><br \/>\nCzy jest mo\u017cliwe stworzenie silnika, kt\u00f3ry wykorzystuje energi\u0119 pola elektrostatycznego? Je\u015bli tak, zaproponuj jego konstrukcj\u0119 oraz oszacuj jego parametry.<\/p>\n<p><strong>2. \u015apiewaj\u0105ca pi\u0142a<\/strong><br \/>\nNiekt\u00f3rzy potrafi\u0105 gra\u0107 na pile (typu rozp\u0142atnicy). W jaki spos\u00f3b osi\u0105gaj\u0105 oni r\u00f3\u017cne wysoko\u015bci d\u017awi\u0119k\u00f3w? Podaj ilo\u015bciowy opis tego zjawiska.<\/p>\n<p><strong>3. Graj\u0105cy zakraplacz<\/strong><br \/>\nWykonaj muzyczny rezonator pokazany na rysunku. Zbadaj, jak wysoko\u015b\u0107 wytwarzanego d\u017awi\u0119ku zale\u017cy od r\u00f3\u017cnych warunk\u00f3w. Czy mo\u017cna zaobserwowa\u0107 wzmocnienie zewn\u0119trznych d\u017awi\u0119k\u00f3w? Je\u015bli tak, jak daje si\u0119 to wyja\u015bni\u0107?<br \/>\n<img data-recalc-dims=\"1\" decoding=\"async\" src=\"https:\/\/i0.wp.com\/archive.iypt.org\/problems\/14_IYPT_1.gif?w=648&#038;ssl=1\" \/><\/p>\n<p><strong>4. Ta\u0144cz\u0105ca klepsydra<\/strong><br \/>\nZbadaj przesypywanie si\u0119 piasku w klepsydrze, kt\u00f3ra zosta\u0142a umieszczona na drgaj\u0105cej podstawie.<\/p>\n<p><strong>5. Gumowa maszyna cieplna<\/strong><br \/>\nZbadaj przetwarzanie energii, jakie zachodzi w procesie odkszta\u0142cania gumy. Zbuduj maszyn\u0119 ciepln\u0105 wykorzystuj\u0105c\u0105 gum\u0119 jako element roboczy i zademonstruj jej dzia\u0142anie.<\/p>\n<p><strong>6. Dyfrakcja fraktalna<\/strong><br \/>\nWytw\u00f3rz, zademonstruj oraz przeanalizuj obrazy dyfrakcyjne struktur fraktalnych o r\u00f3\u017cnych rz\u0119dach (rz\u0119dy dotycz\u0105 struktur fraktalnych).<\/p>\n<p><strong>7. Sp\u0119kania<\/strong><br \/>\nPodczas schni\u0119cia roztworu krochmalu mo\u017cna zaobserwowa\u0107 powstawanie sp\u0119ka\u0144. Zbadaj i wyja\u015bnij to zjawisko.<\/p>\n<p><strong>8. Szybko\u015bciomierz<\/strong><br \/>\nDwie elektrody wykonane z r\u00f3\u017cnych metali s\u0105 zanurzone w roztworze elektrolitu. Zbadaj zale\u017cno\u015b\u0107 wyst\u0119puj\u0105cej mi\u0119dzy nimi r\u00f3\u017cnicy potencja\u0142\u00f3w od wzgl\u0119dnego ruchu elektrod oraz ich kszta\u0142tu.<\/p>\n<p><strong>9. Wylewanie<\/strong><br \/>\nZbadaj, w jaki spos\u00f3b mo\u017cna mo\u017cliwie jak najszybciej opr\u00f3\u017cni\u0107 butelk\u0119 nape\u0142nion\u0105 ciecz\u0105, nie u\u017cywaj\u0105c zewn\u0119trznych urz\u0105dze\u0144 technicznych.<\/p>\n<p><strong>10. Pr\u00f3\u017cniowa pompka wodna<\/strong><br \/>\nZbuduj i zademonstruj wodn\u0105 pomp\u0119 strumieniow\u0105. Jakie najni\u017csze ci\u015bnienie daje si\u0119 uzyska\u0107 za pomoc\u0105 tej pompy?<\/p>\n<p><strong>11. Tocz\u0105ce si\u0119 kule<\/strong><br \/>\nUmie\u015b\u0107 dwie jednakowe kule na poziomej (prostoliniowej) rynnie o \u015bciankach w kszta\u0142cie litery &#8222;V&#8221; tworz\u0105cych mi\u0119dzy sob\u0105 k\u0105t prosty i wprowad\u017a je w ruch toczny w kierunku ku sobie. Zbadaj i wyja\u015bnij ruch kul po zderzeniu. Wykonaj do\u015bwiadczenia z r\u00f3\u017cnymi rodzajami par kul i wyja\u015bnij ich rezultaty.<\/p>\n<p><strong>12. Reakcja<\/strong><br \/>\nSporz\u0105d\u017a wodny roztw\u00f3r \u017celatyny (10 g \u017celatyny w 90 ml wody) podgrzewaj\u0105c go do temperatury 80 \u00b0C w \u0142a\u017ani wodnej i zmieszaj z roztworem jodku potasu. Roztw\u00f3r ten wlej do prob\u00f3wki, a po och\u0142odzeniu na powierzchni\u0119 wytworzonego \u017celu nalej roztw\u00f3r siarczanu miedzi. Znajd\u017a fizyczne wyja\u015bnienie obserwowanego zjawiska.<\/p>\n<p><strong>13. Elektrolizer membranowy<\/strong><br \/>\nW urz\u0105dzeniu do elektrolizy zawieraj\u0105cym membran\u0119, kt\u00f3ra ca\u0142kowicie rozdziela przestrze\u0144 mi\u0119dzy dwiema oboj\u0119tnymi elektrodami, warto\u015b\u0107 pH rozcie\u0144czonego roztworu soli ulega znacznej zmianie po przeprowadzeniu elektrolizy. Przeanalizuj, jak ta r\u00f3\u017cnica zale\u017cy od wielko\u015bci por\u00f3w membrany.<\/p>\n<p><strong>14. Kapanie z nitki<\/strong><br \/>\nJeden koniec nici jest zanurzony w naczyniu z wod\u0105. Drugi koniec zwisa w d\u00f3\u0142 bez kontaktu z zewn\u0119trzn\u0105 \u015bciank\u0105 naczynia. Przy spe\u0142nieniu pewnych warunk\u00f3w mo\u017cna zaobserwowa\u0107 krople na drugim ko\u0144cu nici. Jakie to warunki? Okre\u015bl, jak czas ukazania si\u0119 pierwszej kropli zale\u017cy od istotnych parametr\u00f3w?<\/p>\n<p><strong>15. P\u0119cherzyki w polu magnetycznym<\/strong><br \/>\nZaobserwuj wp\u0142yw zmiennego pola magnetycznego (50 lub 60 Hz) na kinetyk\u0119 b\u0105belk\u00f3w gazowych w naczyniu wype\u0142nionym wod\u0105. B\u0105belki mo\u017cna wytwarza\u0107 przez wdmuchiwanie powietrza do wody.<\/p>\n<p><strong>16. Ta\u015bma samoprzylepna<\/strong><br \/>\nZbadaj i wyja\u015bnij zjawisko \u015bwiecenia pojawiaj\u0105ce si\u0119 podczas odrywania samoprzylepnej ta\u015bmy od g\u0142adkiej powierzchni.<\/p>\n<p><strong>17. Sejsze<\/strong><br \/>\nSejsze jest to zjawisko wyst\u0119puj\u0105ce w d\u0142ugich, w\u0105skich i g\u0142\u0119bokich jeziorach. Wskutek zmian ci\u015bnienia atmosferycznego woda w jeziorze zaczyna si\u0119 przemieszcza\u0107 w taki spos\u00f3b, \u017ce jej poziom na obu ko\u0144cach jeziora ulega okresowym wahaniom o jednakowej wielko\u015bci, lecz przeciwnej fazie. Stw\u00f3rz model, kt\u00f3ry b\u0119dzie przewidywa\u0142 okres takich drga\u0144 (w zale\u017cno\u015bci od w\u0142a\u015bciwych parametr\u00f3w) i przetestuj jego s\u0142uszno\u015b\u0107.<\/p>\n","protected":false},"excerpt":{"rendered":"<p>1. Silnik elektrostatyczny Czy jest mo\u017cliwe stworzenie silnika, kt\u00f3ry wykorzystuje energi\u0119 pola elektrostatycznego? Je\u015bli tak, zaproponuj jego konstrukcj\u0119 oraz oszacuj jego parametry. 2. \u015apiewaj\u0105ca pi\u0142a Niekt\u00f3rzy potrafi\u0105 gra\u0107 na pile (typu rozp\u0142atnicy). W jaki spos\u00f3b osi\u0105gaj\u0105 oni r\u00f3\u017cne wysoko\u015bci d\u017awi\u0119k\u00f3w? Podaj ilo\u015bciowy opis tego zjawiska. 3. Graj\u0105cy zakraplacz Wykonaj muzyczny rezonator pokazany na rysunku. Zbadaj, [&hellip;]<\/p>\n","protected":false},"author":1,"featured_media":0,"parent":0,"menu_order":0,"comment_status":"closed","ping_status":"closed","template":"","meta":{"jetpack_post_was_ever_published":false,"footnotes":""},"class_list":["post-2028","page","type-page","status-publish","hentry"],"jetpack_sharing_enabled":true,"jetpack_shortlink":"https:\/\/wp.me\/P4R8YU-wI","jetpack-related-posts":[],"jetpack_likes_enabled":true,"_links":{"self":[{"href":"https:\/\/tmfwarszawa.pl\/index.php\/wp-json\/wp\/v2\/pages\/2028","targetHints":{"allow":["GET"]}}],"collection":[{"href":"https:\/\/tmfwarszawa.pl\/index.php\/wp-json\/wp\/v2\/pages"}],"about":[{"href":"https:\/\/tmfwarszawa.pl\/index.php\/wp-json\/wp\/v2\/types\/page"}],"author":[{"embeddable":true,"href":"https:\/\/tmfwarszawa.pl\/index.php\/wp-json\/wp\/v2\/users\/1"}],"replies":[{"embeddable":true,"href":"https:\/\/tmfwarszawa.pl\/index.php\/wp-json\/wp\/v2\/comments?post=2028"}],"version-history":[{"count":1,"href":"https:\/\/tmfwarszawa.pl\/index.php\/wp-json\/wp\/v2\/pages\/2028\/revisions"}],"predecessor-version":[{"id":2029,"href":"https:\/\/tmfwarszawa.pl\/index.php\/wp-json\/wp\/v2\/pages\/2028\/revisions\/2029"}],"wp:attachment":[{"href":"https:\/\/tmfwarszawa.pl\/index.php\/wp-json\/wp\/v2\/media?parent=2028"}],"curies":[{"name":"wp","href":"https:\/\/api.w.org\/{rel}","templated":true}]}}