{"id":2033,"date":"2021-02-23T13:19:40","date_gmt":"2021-02-23T13:19:40","guid":{"rendered":"https:\/\/tmfwarszawa.pl\/?page_id=2033"},"modified":"2021-02-23T13:19:40","modified_gmt":"2021-02-23T13:19:40","slug":"zadania-2003-pol","status":"publish","type":"page","link":"https:\/\/tmfwarszawa.pl\/index.php\/zadania-2003-pol\/","title":{"rendered":"Zadania 2003 (pol)"},"content":{"rendered":"<p><strong>1. Ruch latawca<\/strong><br \/>\nPodczas wietrznych dni widuje si\u0119 latawce unosz\u0105ce si\u0119 na wietrze. Cz\u0119sto latawce mocowane na jednej lince wykonuj\u0105 ruchy po stabilnym torze o kszta\u0142cie \u00f3semki. Dlaczego latawce poruszaj\u0105 si\u0119 w taki spos\u00f3b? Czy istniej\u0105 inne stabilne tory?<\/p>\n<p><strong>2. Krople wody<\/strong><br \/>\nZbadaj poruszanie si\u0119 kropel deszczu na szybie okiennej.<\/p>\n<p><strong>3. Przezroczysta folia<\/strong><br \/>\nKawa\u0142ek przezroczystej folii polietylenowej, umieszczony na drukowanym tek\u015bcie, nie utrudnia jego odczytania. W miar\u0119 zwi\u0119kszania odleg\u0142o\u015bci mi\u0119dzy foli\u0105 a tekstem staje si\u0119 on coraz bardziej zamazany i mo\u017ce nawet przesta\u0107 by\u0107 w og\u00f3le czytelny. Zbadaj w\u0142a\u015bciwo\u015bci folii. Jakie parametry folii s\u0105 odpowiedzialne za to zjawisko?<\/p>\n<p><strong>4. Jaskrawe plamki<\/strong><br \/>\nWydmuchaj ba\u0144k\u0119 mydlan\u0105 i umie\u015b\u0107 j\u0105 na powierzchni cieczy lub na szklanej p\u0142ytce. Przy o\u015bwietleniu s\u0142onecznym mo\u017cna na powierzchni ba\u0144ki zaobserwowa\u0107 jaskrawe plamki. Zbadaj i wyja\u015bnij to zjawisko.<\/p>\n<p><strong>5. B\u0105ble na mi\u0119dzypowierzchni<\/strong><br \/>\nPewne ciecze daj\u0105 si\u0119 umie\u015bci\u0107 jedna nad drug\u0105 z wyra\u017an\u0105 granic\u0105 rozdzia\u0142u. Je\u015bli ciecze r\u00f3\u017cni\u0105 si\u0119 napi\u0119ciem powierzchniowym, mo\u017cna zaobserwowa\u0107 ciekawe zjawisko. Wdmuchuj p\u0119cherzyki powietrza o r\u00f3\u017cnej wielko\u015bci do dolnej cieczy i obserwuj ich zachowanie w pobli\u017cu powierzchni rozdzielaj\u0105cej ciecze. Zbadaj i wyja\u015bnij to zjawisko.<\/p>\n<p><strong>6. Zamarzanie napoj\u00f3w<\/strong><br \/>\nPodczas otwierania pojemnika z zimnym (gazowanym) napojem zawarta w nim ciecz czasami zamarza. Zbadaj istotne parametry i wyja\u015bnij to zjawisko.<\/p>\n<p><strong>7. Drgaj\u0105ce pude\u0142ko<\/strong><br \/>\nWe\u017a pude\u0142ko i podziel je na szereg ma\u0142ych przegr\u00f3dek, poprzedzielanych niskimi \u015bciankami. Rozmie\u015b\u0107 w przegr\u00f3dkach pewn\u0105 liczb\u0119 ma\u0142ych, stalowych kuleczek. Gdy pude\u0142ko wprawi si\u0119 w pionowe drgania, kuleczki b\u0119d\u0105 niekiedy przeskakiwa\u0107 z jednej przegr\u00f3dki do drugiej. W zale\u017cno\u015bci od cz\u0119stotliwo\u015bci i amplitudy drga\u0144 rozk\u0142ad kuleczek mo\u017ce by\u0107 stabilny lub niestabilny. Zbadaj to zjawisko i opracuj model dla jego wyja\u015bnienia.<\/p>\n<p><strong>8. Maszyna cieplna<\/strong><br \/>\nZbuduj maszyn\u0119 ciepln\u0105 z rurki w kszta\u0142cie litery U, cz\u0119\u015bciowo wype\u0142nionej wod\u0105 (lub inn\u0105 ciecz\u0105), w kt\u00f3rej jedno z ramion rurki jest po\u0142\u0105czone kawa\u0142kiem w\u0119\u017ca z podgrzewanym zbiornikiem wype\u0142nionym gazem, a drugie rami\u0119 pozostaje otwarte. Wyprowadzenie cieczy z po\u0142o\u017cenia r\u00f3wnowagi mo\u017ce spowodowa\u0107, \u017ce zacznie ona drga\u0107. Od czego zale\u017cy cz\u0119stotliwo\u015b\u0107 tych drga\u0144? Wyznacz diagram pV dla gazu roboczego.<\/p>\n<p><strong>9. Upadaj\u0105cy komin<\/strong><br \/>\nPodczas upadania wysokich komin\u00f3w obserwuje si\u0119 niekiedy, \u017ce p\u0119kaj\u0105 one na dwie cz\u0119\u015bci, zanim upadn\u0105 na ziemi\u0119. Zbadaj i wyja\u015bnij to.<\/p>\n<p><strong>10. Wolframowa \u017car\u00f3wka<\/strong><br \/>\nOp\u00f3r wolframowego w\u0142\u00f3kna \u017car\u00f3wki zale\u017cy silnie od temperatury. Zbuduj i zademonstruj urz\u0105dzenie wykorzystuj\u0105ce t\u0119 w\u0142a\u015bciwo\u015b\u0107.<\/p>\n<p><strong>11. Rozpraszanie \u015bwiat\u0142a<\/strong><br \/>\nZbuduj optyczne urz\u0105dzenie do pomiaru st\u0119\u017cenia nierozpuszczalnej substancji w wodnym roztworze koloidalnym. Wykorzystaj to urz\u0105dzenie do pomiaru zawarto\u015bci t\u0142uszczu w mleku.<\/p>\n<p><strong>12. Gotowane jajko<\/strong><br \/>\nZbuduj wiskozymetr torsyjny. Zastosuj go do zbadania i wyja\u015bnienia r\u00f3\u017cnic wyst\u0119puj\u0105cych mi\u0119dzy &#8222;lepkimi&#8221; w\u0142a\u015bciwo\u015bciami jaj kurzych, kt\u00f3re zosta\u0142y ugotowane do r\u00f3\u017cnego stopnia twardo\u015bci.<\/p>\n<p><strong>13. Elektroosmoza<\/strong><br \/>\nOpracuj urz\u0105dzenie, kt\u00f3re b\u0119dzie osusza\u0142o wilgotny piasek wykorzystuj\u0105c napi\u0119cie elektryczne, ale bez znacz\u0105cego grzania.<\/p>\n<p><strong>14. Wiruj\u0105cy kr\u0105\u017cek<\/strong><br \/>\nOpracuj optymalny spos\u00f3b rzutu kr\u0105\u017cka &#8222;frisbee&#8221;, aby uzyska\u0107 mo\u017cliwie jak najwi\u0119kszy zasi\u0119g. Wyja\u015bnij swoje opracowanie.<\/p>\n<p><strong>15. Wiry<\/strong><br \/>\nWykonaj pude\u0142ko, kt\u00f3re ma otw\u00f3r w przedniej \u015bciance, a tyln\u0105 \u015bciank\u0119 w postaci membrany. Uderzanie w membran\u0119 powoduje powstawanie wir\u00f3w, rozchodz\u0105cych si\u0119 z otworu. Zbadaj to zjawisko i wyja\u015bnij, co zachodzi podczas wzajemnego oddzia\u0142ywania dw\u00f3ch wir\u00f3w.<\/p>\n<p><strong>16. Dzbanek i l\u00f3d<\/strong><br \/>\nSpotyka si\u0119 niekiedy argumentacj\u0119, \u017ce aby efektywnie ch\u0142odzi\u0107 dzbanek lodem, powinno si\u0119 l\u00f3d umie\u015bci\u0107 nad nim. Oce\u0144, w jakim stopniu ten spos\u00f3b jest bardziej efektywny od umieszczania lodu pod dzbankiem.<\/p>\n<p><strong>17. Problem Prometeusza<\/strong><br \/>\nOpisz i zademonstruj mechanizm fizyczny, oparty na tarciu, kt\u00f3ry umo\u017cliwia\u0142 naszym przodkom rozniecanie ognia. Oce\u0144 czas niezb\u0119dny do rozniecenia ognia tym sposobem.<\/p>\n","protected":false},"excerpt":{"rendered":"<p>1. Ruch latawca Podczas wietrznych dni widuje si\u0119 latawce unosz\u0105ce si\u0119 na wietrze. Cz\u0119sto latawce mocowane na jednej lince wykonuj\u0105 ruchy po stabilnym torze o kszta\u0142cie \u00f3semki. Dlaczego latawce poruszaj\u0105 si\u0119 w taki spos\u00f3b? Czy istniej\u0105 inne stabilne tory? 2. Krople wody Zbadaj poruszanie si\u0119 kropel deszczu na szybie okiennej. 3. Przezroczysta folia Kawa\u0142ek przezroczystej [&hellip;]<\/p>\n","protected":false},"author":1,"featured_media":0,"parent":0,"menu_order":0,"comment_status":"closed","ping_status":"closed","template":"","meta":{"jetpack_post_was_ever_published":false,"footnotes":""},"class_list":["post-2033","page","type-page","status-publish","hentry"],"jetpack_sharing_enabled":true,"jetpack_shortlink":"https:\/\/wp.me\/P4R8YU-wN","jetpack-related-posts":[],"jetpack_likes_enabled":true,"_links":{"self":[{"href":"https:\/\/tmfwarszawa.pl\/index.php\/wp-json\/wp\/v2\/pages\/2033","targetHints":{"allow":["GET"]}}],"collection":[{"href":"https:\/\/tmfwarszawa.pl\/index.php\/wp-json\/wp\/v2\/pages"}],"about":[{"href":"https:\/\/tmfwarszawa.pl\/index.php\/wp-json\/wp\/v2\/types\/page"}],"author":[{"embeddable":true,"href":"https:\/\/tmfwarszawa.pl\/index.php\/wp-json\/wp\/v2\/users\/1"}],"replies":[{"embeddable":true,"href":"https:\/\/tmfwarszawa.pl\/index.php\/wp-json\/wp\/v2\/comments?post=2033"}],"version-history":[{"count":1,"href":"https:\/\/tmfwarszawa.pl\/index.php\/wp-json\/wp\/v2\/pages\/2033\/revisions"}],"predecessor-version":[{"id":2034,"href":"https:\/\/tmfwarszawa.pl\/index.php\/wp-json\/wp\/v2\/pages\/2033\/revisions\/2034"}],"wp:attachment":[{"href":"https:\/\/tmfwarszawa.pl\/index.php\/wp-json\/wp\/v2\/media?parent=2033"}],"curies":[{"name":"wp","href":"https:\/\/api.w.org\/{rel}","templated":true}]}}