{"id":2035,"date":"2021-02-23T13:20:33","date_gmt":"2021-02-23T13:20:33","guid":{"rendered":"https:\/\/tmfwarszawa.pl\/?page_id=2035"},"modified":"2021-02-23T13:20:33","modified_gmt":"2021-02-23T13:20:33","slug":"zadania-2004-pol","status":"publish","type":"page","link":"https:\/\/tmfwarszawa.pl\/index.php\/zadania-2004-pol\/","title":{"rendered":"Zadania 2004 (pol)"},"content":{"rendered":"<p><strong>1. Mg\u0142a<\/strong><br \/>\nOpracuj i zbuduj urz\u0105dzenie, kt\u00f3re umo\u017cliwi wyznaczanie rozmiar\u00f3w kropelek mg\u0142y za pomoc\u0105 generatora akustycznego.<\/p>\n<p><strong>2. Uparty l\u00f3d<\/strong><br \/>\nUmie\u015b\u0107 kawa\u0142ek (np. kostk\u0119) lodu w naczyniu z olejem ro\u015blinnym. Obserwuj ruch lodu i dokonaj ilo\u015bciowego opisu dynamiki tego ruchu.<\/p>\n<p><strong>3. Wahad\u0142o elektryczne<\/strong><br \/>\nMi\u0119dzy p\u0142ytkami kondensatora zawie\u015b na nici kulk\u0119. Po na\u0142adowaniu kondensatora kulka zacznie wykonywa\u0107 drgania. Od czego zale\u017cy okres tych drga\u0144 ?<\/p>\n<p><strong>4. Proszkowa plama<\/strong><br \/>\nOpisz i wyja\u015bnij dynamik\u0119 wzor\u00f3w, kt\u00f3re mo\u017cna zaobserwowa\u0107 po nasypaniu odrobiny suchego proszku (np. drobno zmielonej kawy lub m\u0105ki) na powierzchni\u0119 wody. Zbadaj zale\u017cno\u015b\u0107 obserwowanego zjawiska od istotnych parametr\u00f3w.<\/p>\n<p><strong>5. Muszla<\/strong><br \/>\nGdy przy\u0142o\u017cy si\u0119 morsk\u0105 muszl\u0119 do ucha, mo\u017cna us\u0142ysze\u0107 &#8222;szum morza&#8221;. Zbadaj natur\u0119 oraz charakterystyk\u0119 tego d\u017awi\u0119ku.<\/p>\n<p><strong>6. Zjawisko Seebecka<\/strong><br \/>\nDwie d\u0142ugie, metalowe ta\u015bmy, wygi\u0119te w kszta\u0142cie \u0142uku, s\u0105 po\u0142\u0105czone na ko\u0144cach. Jeden koniec jest podgrzewany. Jakie warunki musz\u0105 by\u0107 spe\u0142nione, aby ig\u0142a magnetyczna umieszczona mi\u0119dzy ta\u015bmami wykaza\u0142a najwi\u0119ksze wychylenie?<\/p>\n<p><strong>7. Moneta<\/strong><br \/>\nNa poziomej powierzchni postaw monet\u0119 na jej kraw\u0119dzi. Delikatnie zakr\u0119\u0107 monet\u0105 i zbadaj jej ruch w trakcie upadania.<\/p>\n<p><strong>8. &#8222;Kaczki&#8221; na wodzie<\/strong><br \/>\nMo\u017cliwe jest rzucenie p\u0142askiego kamyka w taki spos\u00f3b, \u017ce b\u0119dzie si\u0119 on wielokrotnie odbija\u0142 od powierzchni wody. Jakie warunki musz\u0105 by\u0107 spe\u0142nione, aby zachodzi\u0142o to zjawisko ?<\/p>\n<p><strong>9. Strumie\u0144<\/strong><br \/>\nPos\u0142uguj\u0105c si\u0119 \u017ar\u00f3d\u0142em pr\u0105du sta\u0142ego zbadaj, jak op\u00f3r mi\u0119dzy dwoma metalowymi drutami zanurzonymi w p\u0142yn\u0105cej wodzie (lub roztworze wodnym) zale\u017cy od szybko\u015bci i kierunku ruchu cieczy.<\/p>\n<p><strong>10. Dwa kominy<\/strong><br \/>\nPude\u0142ko z przezroczyst\u0105 \u015bciank\u0105 ma dwa kominki. Pod ka\u017cdym kominkiem znajduje si\u0119 \u015bwieca. Wkr\u00f3tce po zapaleniu \u015bwiec p\u0142omie\u0144 jednej z nich staje si\u0119 niestabilny. Zbadaj to i przedstaw w\u0142asn\u0105 teori\u0119 tego zjawiska.<\/p>\n<p><strong>11. Telefon sznurkowy<\/strong><br \/>\nJak nat\u0119\u017cenie d\u017awi\u0119ku przesy\u0142anego przez telefon sznurkowy (strunowy) oraz jako\u015b\u0107 przekazu mi\u0119dzy nadajnikiem a odbiornikiem zale\u017c\u0105 od odleg\u0142o\u015bci, napr\u0119\u017cenia sznurka (struny) oraz innych parametr\u00f3w ? Zaprojektuj optymaln\u0105 konstrukcj\u0119 takiego telefonu.<\/p>\n<p><strong>12. Rura Kundta<\/strong><br \/>\nW do\u015bwiadczeniu typu &#8222;rura Kundta&#8221; wytwarzane fale stoj\u0105ce s\u0105 uwidoczniane za pomoc\u0105 drobnego proszku. Bli\u017csze przyjrzenie si\u0119 uk\u0142adowi do\u015bwiadczalnemu wskazuje, \u017ce obszary proszku maj\u0105 subteln\u0105 struktur\u0119. Zbadaj natur\u0119 tej struktury.<\/p>\n<p><strong>13. Bia\u0142ko jajka<\/strong><br \/>\nBia\u0142e \u015bwiat\u0142o po przej\u015bciu przez plasterek ugotowanego bia\u0142ka jaja staje si\u0119 czerwone. Zbadaj i wyja\u015bnij to zjawisko. Znajd\u017a inne przyk\u0142ady tego rodzaju.<\/p>\n<p><strong>14. Fontanna<\/strong><br \/>\nZbuduj fontann\u0119 zasilan\u0105 ze zbiornika wody, kt\u00f3rej lustro znajduje si\u0119 1 m ponad wylotem wody z fontanny. Zoptymalizuj inne parametry fontanny &#8211; geometri\u0119 rury, roztwory wodne &#8211; tak, aby jej strumie\u0144 uzyska\u0142 maksymaln\u0105 wysoko\u015b\u0107.<\/p>\n<p><strong>15. Wi\u0119ksze g\u00f3r\u0105<\/strong><br \/>\nPodczas wstrz\u0105sania mieszaniny sta\u0142ych cz\u0105stek wi\u0119ksze z nich mog\u0105 si\u0119 wydostawa\u0107 ku g\u00f3rze, ponad cz\u0105stki drobniejsze. Zbadaj i wyja\u015bnij to zjawisko. W jakich warunkach mo\u017cna otrzyma\u0107 odwrotny efekt?<\/p>\n<p><strong>16. S\u0142abe pola<\/strong><br \/>\nZbuduj urz\u0105dzenie oparte na igle magnetycznej i zastosuj je do pomiaru ziemskiego pola magnetycznego.<\/p>\n<p><strong>17. &#8222;Didgeridoo&#8221;<\/strong><br \/>\n&#8222;Didgeridoo&#8221; jest prostym instrumentem d\u0119tym, tradycyjnie wykonywanym przez australijskich aborygen\u00f3w z wydr\u0105\u017conego pnia (kawa\u0142ka drzewa). Pomimo prostoty jest to instrument godny uwagi z powodu wielkiej r\u00f3\u017cnorodno\u015bci d\u017awi\u0119k\u00f3w, kt\u00f3re w nim mog\u0105 powstawa\u0107. Zbadaj natur\u0119 tych d\u017awi\u0119k\u00f3w oraz spos\u00f3b, w jaki si\u0119 tworz\u0105.<\/p>\n","protected":false},"excerpt":{"rendered":"<p>1. Mg\u0142a Opracuj i zbuduj urz\u0105dzenie, kt\u00f3re umo\u017cliwi wyznaczanie rozmiar\u00f3w kropelek mg\u0142y za pomoc\u0105 generatora akustycznego. 2. Uparty l\u00f3d Umie\u015b\u0107 kawa\u0142ek (np. kostk\u0119) lodu w naczyniu z olejem ro\u015blinnym. Obserwuj ruch lodu i dokonaj ilo\u015bciowego opisu dynamiki tego ruchu. 3. Wahad\u0142o elektryczne Mi\u0119dzy p\u0142ytkami kondensatora zawie\u015b na nici kulk\u0119. Po na\u0142adowaniu kondensatora kulka zacznie wykonywa\u0107 [&hellip;]<\/p>\n","protected":false},"author":1,"featured_media":0,"parent":0,"menu_order":0,"comment_status":"closed","ping_status":"closed","template":"","meta":{"jetpack_post_was_ever_published":false,"footnotes":""},"class_list":["post-2035","page","type-page","status-publish","hentry"],"jetpack_sharing_enabled":true,"jetpack_shortlink":"https:\/\/wp.me\/P4R8YU-wP","jetpack-related-posts":[],"jetpack_likes_enabled":true,"_links":{"self":[{"href":"https:\/\/tmfwarszawa.pl\/index.php\/wp-json\/wp\/v2\/pages\/2035","targetHints":{"allow":["GET"]}}],"collection":[{"href":"https:\/\/tmfwarszawa.pl\/index.php\/wp-json\/wp\/v2\/pages"}],"about":[{"href":"https:\/\/tmfwarszawa.pl\/index.php\/wp-json\/wp\/v2\/types\/page"}],"author":[{"embeddable":true,"href":"https:\/\/tmfwarszawa.pl\/index.php\/wp-json\/wp\/v2\/users\/1"}],"replies":[{"embeddable":true,"href":"https:\/\/tmfwarszawa.pl\/index.php\/wp-json\/wp\/v2\/comments?post=2035"}],"version-history":[{"count":1,"href":"https:\/\/tmfwarszawa.pl\/index.php\/wp-json\/wp\/v2\/pages\/2035\/revisions"}],"predecessor-version":[{"id":2036,"href":"https:\/\/tmfwarszawa.pl\/index.php\/wp-json\/wp\/v2\/pages\/2035\/revisions\/2036"}],"wp:attachment":[{"href":"https:\/\/tmfwarszawa.pl\/index.php\/wp-json\/wp\/v2\/media?parent=2035"}],"curies":[{"name":"wp","href":"https:\/\/api.w.org\/{rel}","templated":true}]}}