{"id":2044,"date":"2021-02-23T13:43:18","date_gmt":"2021-02-23T13:43:18","guid":{"rendered":"https:\/\/tmfwarszawa.pl\/?page_id=2044"},"modified":"2021-02-23T13:43:18","modified_gmt":"2021-02-23T13:43:18","slug":"zadania-2006-pol","status":"publish","type":"page","link":"https:\/\/tmfwarszawa.pl\/index.php\/zadania-2006-pol\/","title":{"rendered":"Zadania 2006 (pol)"},"content":{"rendered":"<p><strong>1. Piana<\/strong><br \/>\nZbadaj mechanizm zaniku piany na cieczy. W jakich warunkach piana utrzymuje si\u0119 najd\u0142u\u017cej?<\/p>\n<p><strong>2. Cienie<\/strong><br \/>\nGdy o\u015bwietla si\u0119 ma\u0142e, nieprzezroczyste przedmioty, ich cienie wykazuj\u0105 wzorzyst\u0105 struktur\u0119. Jakie informacje na temat tych obiekt\u00f3w daje si\u0119 uzyska\u0107 na podstawie obserwowanych wzor\u00f3w?<\/p>\n<p><strong>3. Kaczy sto\u017cek<\/strong><br \/>\nUk\u0142ad fal wytwarzanych przez kaczk\u0119 p\u0142yn\u0105ca po stawie przypomina uk\u0142ad fal zwi\u0105zany ze sto\u017ckiem Macha. Od jakich parametr\u00f3w zale\u017cy ten uk\u0142ad?<\/p>\n<p><b>4. Szepcz\u0105ca galeria<\/b><br \/>\nSzepcz\u0105ca galeria w katedrze \u015bw. Paw\u0142a w Londynie jest przyk\u0142adem okr\u0105g\u0142ej budowli, w kt\u00f3rej szept m\u00f3wiony do \u015bciany z jednej strony jest s\u0142yszalny ze strony przeciwnej. Zbadaj to zjawisko.<\/p>\n<p><strong>5. Prawdopodobie\u0144stwo<\/strong><br \/>\nMoneta jest utrzymywana nad poziom\u0105 powierzchni\u0105. Jakie winny by\u0107 pocz\u0105tkowe warunki, aby po upuszczeniu monety i osi\u0105gni\u0119ciu przez ni\u0105 stanu spoczynku prawdopodobie\u0144stwa znalezienia or\u0142a i reszki by\u0142y jednakowe?<\/p>\n<p><strong>6. Mycie pod\u0142ogi<\/strong><br \/>\nMokra szmata roz\u0142o\u017cona na pod\u0142odze i ci\u0105gni\u0119ta po niej daje si\u0119 z trudem przesuwa\u0107. Od czego zale\u017cy si\u0142a wyst\u0119puj\u0105cego tu oporu?<\/p>\n<p><strong>7. Powietrzny \u015blizgacz<\/strong><br \/>\nNa stole le\u017cy kartka papieru. Gdy si\u0119 dmucha wzd\u0142u\u017c powierzchni sto\u0142u, kartka zaczyna si\u0119 nad nim \u015blizga\u0107. Okre\u015bl charakterystyk\u0119 lotu tej kartki.<\/p>\n<p><strong>8. Elektrostatyka<\/strong><br \/>\nZaproponuj i wykonaj urz\u0105dzenie do pomiaru g\u0119sto\u015bci \u0142adunku, jaki wytwarza si\u0119 na plastikowej linijce po potarciu jej kawa\u0142kiem materia\u0142u.<\/p>\n<p><b>9. D\u017awi\u0119k i piana<\/b><br \/>\nZbadaj rozchodzenie si\u0119 d\u017awi\u0119ku w pianie.<\/p>\n<p><strong>10. Odwr\u00f3cone wahad\u0142o<\/strong><br \/>\nOdwr\u00f3cone wahad\u0142o daje si\u0119 ustabilizowa\u0107, tj. utrzyma\u0107 w takiej pozycji. Mo\u017cliwe jest nawet ustabilizowanie wielokrotnego odwr\u00f3conego wahad\u0142a (jedno wahad\u0142o na szczycie drugiego). Zademonstruj przyk\u0142ad takiej stabilizacji i okre\u015bl parametry, od kt\u00f3rych to zjawisko zale\u017cy.<\/p>\n<p><strong>11. \u015apiewaj\u0105ca rura<\/strong><br \/>\nW ustawionej pionowo rurze otwartej na obu ko\u0144cach mo\u017cna wytwarza\u0107 d\u017awi\u0119k za pomoc\u0105 ma\u0142ego p\u0142omienia. Zbadaj to zjawisko.<\/p>\n<p><strong>12. Tocz\u0105cy si\u0119 magnes<\/strong><br \/>\nZbadaj ruch magnesu podczas jego toczenia si\u0119 w d\u00f3\u0142 po pochy\u0142ej p\u0142aszczy\u017anie.<\/p>\n<p><strong>13. D\u017awi\u0119k<\/strong><br \/>\nZmierz pr\u0119dko\u015b\u0107 d\u017awi\u0119ku w cieczy za pomoc\u0105 \u015bwiat\u0142a.<\/p>\n<p><strong>14. Materia\u0142y kom\u00f3rkowe<\/strong><br \/>\nZbadaj zachowanie strumienia cieczy padaj\u0105cego na powierzchni\u0119 materia\u0142u o g\u0105bczastej strukturze.<\/p>\n<p><strong>15. Ciep\u0142o i temperatura<\/strong><br \/>\nPara wytwarzana w zbiorniku wrz\u0105cej wody jest doprowadzana rurk\u0105 do nasyconego roztworu soli. Czy roztw\u00f3r ten mo\u017ce by\u0107 przez par\u0119 podgrzany do temperatury powy\u017cej 100 stopni Celsjusza? Zbadaj to zjawisko.<\/p>\n<p><strong>16. Twardo\u015b\u0107<\/strong><br \/>\nStalowa kulka upada na poziom\u0105 powierzchni\u0119. Je\u015bli na tej powierzchni po\u0142o\u017cy si\u0119 kartk\u0119 papieru, a na niej kalk\u0119, po upadku pozostanie okr\u0105g\u0142y \u015blad na papierze. Zaproponuj skal\u0119 twardo\u015bci (dla materia\u0142u pod\u0142o\u017ca) oparta na takiej metodzie pomiarowej.<\/p>\n<p><strong>17. Magnetohydrodynamika<\/strong><br \/>\nP\u0142ytkie naczynie nape\u0142nione jest ciecz\u0105 \/ zawiera ciecz. Gdy przy\u0142o\u017cy si\u0119 pole elektryczne i magnetyczne, ciecz zaczyna si\u0119 porusza\u0107. Zbadaj to zjawisko i zaproponuj jego zastosowanie w praktyce.<\/p>\n","protected":false},"excerpt":{"rendered":"<p>1. Piana Zbadaj mechanizm zaniku piany na cieczy. W jakich warunkach piana utrzymuje si\u0119 najd\u0142u\u017cej? 2. Cienie Gdy o\u015bwietla si\u0119 ma\u0142e, nieprzezroczyste przedmioty, ich cienie wykazuj\u0105 wzorzyst\u0105 struktur\u0119. Jakie informacje na temat tych obiekt\u00f3w daje si\u0119 uzyska\u0107 na podstawie obserwowanych wzor\u00f3w? 3. Kaczy sto\u017cek Uk\u0142ad fal wytwarzanych przez kaczk\u0119 p\u0142yn\u0105ca po stawie przypomina uk\u0142ad fal [&hellip;]<\/p>\n","protected":false},"author":1,"featured_media":0,"parent":0,"menu_order":0,"comment_status":"closed","ping_status":"closed","template":"","meta":{"jetpack_post_was_ever_published":false,"footnotes":""},"class_list":["post-2044","page","type-page","status-publish","hentry"],"jetpack_sharing_enabled":true,"jetpack_shortlink":"https:\/\/wp.me\/P4R8YU-wY","jetpack-related-posts":[],"jetpack_likes_enabled":true,"_links":{"self":[{"href":"https:\/\/tmfwarszawa.pl\/index.php\/wp-json\/wp\/v2\/pages\/2044","targetHints":{"allow":["GET"]}}],"collection":[{"href":"https:\/\/tmfwarszawa.pl\/index.php\/wp-json\/wp\/v2\/pages"}],"about":[{"href":"https:\/\/tmfwarszawa.pl\/index.php\/wp-json\/wp\/v2\/types\/page"}],"author":[{"embeddable":true,"href":"https:\/\/tmfwarszawa.pl\/index.php\/wp-json\/wp\/v2\/users\/1"}],"replies":[{"embeddable":true,"href":"https:\/\/tmfwarszawa.pl\/index.php\/wp-json\/wp\/v2\/comments?post=2044"}],"version-history":[{"count":1,"href":"https:\/\/tmfwarszawa.pl\/index.php\/wp-json\/wp\/v2\/pages\/2044\/revisions"}],"predecessor-version":[{"id":2045,"href":"https:\/\/tmfwarszawa.pl\/index.php\/wp-json\/wp\/v2\/pages\/2044\/revisions\/2045"}],"wp:attachment":[{"href":"https:\/\/tmfwarszawa.pl\/index.php\/wp-json\/wp\/v2\/media?parent=2044"}],"curies":[{"name":"wp","href":"https:\/\/api.w.org\/{rel}","templated":true}]}}