{"id":2053,"date":"2021-02-23T13:48:53","date_gmt":"2021-02-23T13:48:53","guid":{"rendered":"https:\/\/tmfwarszawa.pl\/?page_id=2053"},"modified":"2021-02-23T13:48:53","modified_gmt":"2021-02-23T13:48:53","slug":"zadania-2007-pol","status":"publish","type":"page","link":"https:\/\/tmfwarszawa.pl\/index.php\/zadania-2007-pol\/","title":{"rendered":"Zadania 2007 (pol)"},"content":{"rendered":"<p><strong>1. \u017bar\u00f3wka<\/strong><br \/>\nBezpo\u015brednio po w\u0142\u0105czeniu \u017car\u00f3wki do sieci wyst\u0119puje znaczny impuls pr\u0105du. Zaproponuj wyja\u015bnienie teoretyczne tego zjawiska i zbadaj je do\u015bwiadczalnie.<\/p>\n<p><strong>2. &#8222;Slinky&#8221;<\/strong><br \/>\nZawie\u015b spr\u0119\u017cyn\u0119 &#8222;Slinky&#8221; w po\u0142o\u017ceniu pionowym i pozw\u00f3l jej swobodnie opa\u015b\u0107. Zbadaj charakterystyk\u0119 swobodnego spadku tej spr\u0119\u017cyny.<\/p>\n<p><strong>3. Strumienie wody<\/strong><br \/>\nCo daje si\u0119 zaobserwowa\u0107, gdy dwa strumienie wody zderzaj\u0105 si\u0119 pod r\u00f3\u017cnymi k\u0105tami?<\/p>\n<p><strong>4. Spr\u0119\u017cysta ni\u0107<\/strong><br \/>\nPrzelecz ni\u0107 przez dziurki w guziku, jak na rysunku.<\/p>\n<p><img data-recalc-dims=\"1\" decoding=\"async\" src=\"https:\/\/i0.wp.com\/archive.iypt.org\/problems\/20_IYPT_1.gif?w=648&#038;ssl=1\" \/><\/p>\n<p>Przez poci\u0105ganie nici mo\u017cna guzik wprowadzi\u0107 w ruch obrotowy. Daje si\u0119 przy tym odczu\u0107 pewn\u0105 spr\u0119\u017cysto\u015b\u0107 nici. Wyja\u015bnij spr\u0119\u017cyste w\u0142a\u015bciwo\u015bci takiego uk\u0142adu.<\/p>\n<p><strong>5. \u017byletka<\/strong><br \/>\nPo\u0142o\u017cona delikatnie \u017cyletka utrzymuje si\u0119 na powierzchni wody. Gdy zbli\u017cymy do niej cia\u0142o na\u0142adowane elektrycznie, \u017cyletka si\u0119 oddala. Opisz ruch \u017cyletki w przypadku przy\u0142o\u017cenia zewn\u0119trznego pola elektrycznego.<\/p>\n<p><strong>6. Reologia<\/strong><br \/>\nPanuje opinia, \u017ce w przypadku ugrz\u0119\u017ani\u0119cia w b\u0142ocie nie powinno si\u0119 wykonywa\u0107 gwa\u0142townych ruch\u00f3w, aby si\u0119 z niego wydosta\u0107. Opracuj model tego zjawiska i zbadaj jego w\u0142a\u015bciwo\u015bci.<\/p>\n<p><strong>7. \u015awierszcze<\/strong><br \/>\nPewne owady, jak np. \u015bwierszcze, wytwarzaj\u0105 dono\u015bny d\u017awi\u0119k przez pocieranie o siebie dw\u00f3ch cz\u0119\u015bci swego organizmu. Zbuduj urz\u0105dzenie, kt\u00f3re b\u0119dzie wytwarza\u0142o d\u017awi\u0119k w podobny spos\u00f3b.<\/p>\n<p><strong>8. Kondensacja<\/strong><br \/>\nNa szklance nape\u0142nionej zimn\u0105 wod\u0105 tworz\u0105 si\u0119 krople wody. Wyja\u015bnij to zjawisko i zbadaj parametry, kt\u00f3re wp\u0142ywaj\u0105 na wielko\u015b\u0107 kropli na szklance oraz ich liczb\u0119.<\/p>\n<p><strong>9. Kropla tuszu<\/strong><br \/>\nUmie\u015b\u0107 kropl\u0119 tuszu z d\u0142ugopisu na powierzchni wody. Kropla zacznie si\u0119 porusza\u0107. Wyja\u015bnij to zjawisko.<\/p>\n<p><strong>10. Parowiec<\/strong><br \/>\nNa ilustracji pokazano przyk\u0142ad \u0142\u00f3dki nap\u0119dzanej za pomoc\u0105 \u015bwieczki i metalowej rurki otwartej na obu ko\u0144cach. Wyja\u015bnij mechanizm tego nap\u0119du i zoptymalizuj konstrukcj\u0119 \u0142\u00f3dki tak, aby uzyska\u0107 jej jak najwi\u0119ksz\u0105 pr\u0119dko\u015b\u0107.<\/p>\n<p><img data-recalc-dims=\"1\" decoding=\"async\" src=\"https:\/\/i0.wp.com\/archive.iypt.org\/problems\/20_IYPT_2.jpg?w=648&#038;ssl=1\" \/><\/p>\n<p><strong>11. Nary wodne<\/strong><br \/>\nJaka jest minimalna pr\u0119dko\u015b\u0107 wymagana do tego, aby przedmiot ci\u0105gni\u0119ty przez link\u0119 po powierzchni wody nie zanurza\u0142 si\u0119 w niej? Zbadaj istotne parametry do\u015bwiadczalnie oraz teoretycznie.<\/p>\n<p><strong>12. Ciek\u0142e soczewki<\/strong><br \/>\nOpracuj uk\u0142ad ciek\u0142ych soczewek z regulowan\u0105 ogniskow\u0105. Zbadaj jako\u015b\u0107 oraz mo\u017cliwe zastosowania tego uk\u0142adu.<\/p>\n<p><strong>13. Balonik<\/strong><br \/>\nDokonaj pomiaru zmian w\u0142asno\u015bci optycznych pow\u0142oki balonika podczas jego nadmuchiwania.<\/p>\n<p><strong>14. Trz\u0119sienie ziemi<\/strong><br \/>\nZaproponuj mechanizm, kt\u00f3ry by uodporni\u0142 budynki na trz\u0119sienia ziemi. Wykonaj do\u015bwiadczenia i wyja\u015bnij otrzymane wyniki.<\/p>\n<p><strong>15. Dmuchawka<\/strong><br \/>\nZbadaj ruch pocisku wewn\u0105trz dmuchawki (rury, z kt\u00f3rej wydmuchuje si\u0119 strza\u0142\u0119 lub inny pocisk). Okre\u015bl jakie warunki powinny by\u0107 spe\u0142nione, aby dmuchaj\u0105c ustami uzyska\u0107 maksymaln\u0105 pr\u0119dko\u015b\u0107 wylatuj\u0105cego pocisku.<\/p>\n<p><strong>16. Kaskada wodna<\/strong><br \/>\nUmie\u015b\u0107 pofa\u0142dowan\u0105 rur\u0119 na pochy\u0142o\u015bci. Pozw\u00f3l wodzie p\u0142yn\u0105\u0107 przez rur\u0119, a nast\u0119pnie ostro\u017cnie zatrzymaj jej przep\u0142yw. Zbadaj zachodnie si\u0119 tego uk\u0142adu, gdy do rury b\u0119dzie wkraplana woda.<br \/>\n<strong><img data-recalc-dims=\"1\" decoding=\"async\" src=\"https:\/\/i0.wp.com\/archive.iypt.org\/problems\/20_IYPT_3.gif?w=648&#038;ssl=1\" \/><\/strong><\/p>\n<p><strong>17. Lodowe wybrzuszenie<\/strong><br \/>\nNape\u0142nij plastikowe naczynie (pojemnik na l\u00f3d) wod\u0105. Po zamro\u017ceniu wody w pewnych warunkach na powierzchni lodu tworzy si\u0119 wybrzuszenie. Zbadaj to zjawisko.<\/p>\n","protected":false},"excerpt":{"rendered":"<p>1. \u017bar\u00f3wka Bezpo\u015brednio po w\u0142\u0105czeniu \u017car\u00f3wki do sieci wyst\u0119puje znaczny impuls pr\u0105du. Zaproponuj wyja\u015bnienie teoretyczne tego zjawiska i zbadaj je do\u015bwiadczalnie. 2. &#8222;Slinky&#8221; Zawie\u015b spr\u0119\u017cyn\u0119 &#8222;Slinky&#8221; w po\u0142o\u017ceniu pionowym i pozw\u00f3l jej swobodnie opa\u015b\u0107. Zbadaj charakterystyk\u0119 swobodnego spadku tej spr\u0119\u017cyny. 3. Strumienie wody Co daje si\u0119 zaobserwowa\u0107, gdy dwa strumienie wody zderzaj\u0105 si\u0119 pod r\u00f3\u017cnymi [&hellip;]<\/p>\n","protected":false},"author":1,"featured_media":0,"parent":0,"menu_order":0,"comment_status":"closed","ping_status":"closed","template":"","meta":{"jetpack_post_was_ever_published":false,"footnotes":""},"class_list":["post-2053","page","type-page","status-publish","hentry"],"jetpack_sharing_enabled":true,"jetpack_shortlink":"https:\/\/wp.me\/P4R8YU-x7","jetpack-related-posts":[],"jetpack_likes_enabled":true,"_links":{"self":[{"href":"https:\/\/tmfwarszawa.pl\/index.php\/wp-json\/wp\/v2\/pages\/2053","targetHints":{"allow":["GET"]}}],"collection":[{"href":"https:\/\/tmfwarszawa.pl\/index.php\/wp-json\/wp\/v2\/pages"}],"about":[{"href":"https:\/\/tmfwarszawa.pl\/index.php\/wp-json\/wp\/v2\/types\/page"}],"author":[{"embeddable":true,"href":"https:\/\/tmfwarszawa.pl\/index.php\/wp-json\/wp\/v2\/users\/1"}],"replies":[{"embeddable":true,"href":"https:\/\/tmfwarszawa.pl\/index.php\/wp-json\/wp\/v2\/comments?post=2053"}],"version-history":[{"count":1,"href":"https:\/\/tmfwarszawa.pl\/index.php\/wp-json\/wp\/v2\/pages\/2053\/revisions"}],"predecessor-version":[{"id":2054,"href":"https:\/\/tmfwarszawa.pl\/index.php\/wp-json\/wp\/v2\/pages\/2053\/revisions\/2054"}],"wp:attachment":[{"href":"https:\/\/tmfwarszawa.pl\/index.php\/wp-json\/wp\/v2\/media?parent=2053"}],"curies":[{"name":"wp","href":"https:\/\/api.w.org\/{rel}","templated":true}]}}