{"id":2061,"date":"2021-02-23T14:09:55","date_gmt":"2021-02-23T14:09:55","guid":{"rendered":"https:\/\/tmfwarszawa.pl\/?page_id=2061"},"modified":"2021-02-23T14:10:13","modified_gmt":"2021-02-23T14:10:13","slug":"zadania-2010-pol","status":"publish","type":"page","link":"https:\/\/tmfwarszawa.pl\/index.php\/zadania-2010-pol\/","title":{"rendered":"Zadania 2010 (pol)"},"content":{"rendered":"<p><strong>1. Dzia\u0142o elektromagnetyczne<\/strong><br \/>\nZasilany z kondensatora solenoid mo\u017ce by\u0107 u\u017cyty do wystrzelenia ma\u0142ej kulki. Zbuduj takie urz\u0105dzenie, stosuj\u0105c maksymalne napi\u0119cie 50V. Zbadaj istotne parametry i zoptymalizuj je w celu uzyskania maksymalnej pr\u0119dko\u015bci kulki.<\/p>\n<p><strong>2. \u015awietliste wzory<\/strong><br \/>\nZ dolnego ko\u0144ca pionowej rurki zwisa kropla wody. O\u015bwietl kropl\u0119 za pomoc\u0105 wska\u017anika laserowego i obserwuj powsta\u0142e na ekranie wzory. Zbadaj i wyja\u015bnij struktur\u0119 tych wzor\u00f3w.<\/p>\n<p><strong>3. Stalowa kula<\/strong><br \/>\nWzajemne zderzenie dw\u00f3ch du\u017cych stalowych kul, miedzy kt\u00f3rymi znajduje si\u0119 cienka warstwa materia\u0142u (jak np. papier) mo\u017ce spowodowa\u0107 wypalenie dziury w tym materiale. Zbadaj to zjawisko dla r\u00f3\u017cnych materia\u0142\u00f3w.<\/p>\n<p><strong>4. Ba\u0144ka mydlana<\/strong><br \/>\nWytw\u00f3rz b\u0142onk\u0119 mydlana na okr\u0105g\u0142ym pier\u015bcieniu wykonanym z drutu. Gdy w pobli\u017cu tej b\u0142onki umie\u015bci si\u0119 na\u0142adowany przedmiot, ulegnie ona odkszta\u0142ceniu. Zbadaj, jak kszta\u0142t b\u0142onki zale\u017cy od po\u0142o\u017cenia i w\u0142a\u015bciwo\u015bci \u0142adunku.<\/p>\n<p><strong>5. Sitko<\/strong><br \/>\nPlastikowa siatka (sitko) przykrywa otwarty koniec cylindrycznego naczynia wype\u0142nionego wod\u0105. Po przykryciu siatki odwracamy cylinder. Jakie powinny by\u0107 maksymalne wymiary otwor\u00f3w w siatce, aby woda nie wycieka\u0142a z naczynia?<\/p>\n<p><strong>6. L\u00f3d<\/strong><br \/>\nDrut z przymocowanymi na ko\u0144cach ci\u0119\u017carkami przerzucony przez blok lodu mo\u017ce przej\u015b\u0107 przez l\u00f3d bez jego przeci\u0119cia. Zbadaj to zjawisko.<\/p>\n<p><strong>7. Dwa naczynia<\/strong><br \/>\nDwa podobne naczynia &#8211; jedno puste, drugie nape\u0142nione woda &#8211; s\u0105 po\u0142\u0105czone gi\u0119tkimi rurkami z umieszczonym ni\u017cej zbiornikiem wody. Naczynia zostaj\u0105 podgrzane do temperatury 100oC i przez pewien czas utrzymywane w tej temperaturze. Po zaprzestaniu grzania, podczas stygni\u0119cia naczy\u0144 woda zostaje wci\u0105gni\u0119ta do wn\u0119trza. Zbadaj i opisz, do kt\u00f3rej rurki woda zostanie wci\u0105gni\u0119ta szybciej i do wi\u0119kszej wysoko\u015bci. Jak to zjawisko zale\u017cy od czasu grzania?<\/p>\n<p><strong>8. Ciek\u0142y \u015bwiat\u0142ow\u00f3d<\/strong><br \/>\nStrumie\u0144 wyp\u0142ywaj\u0105cy z przezroczystego naczynia wype\u0142nionego ciecz\u0105 (np. woda) jest o\u015bwietlony od wn\u0119trza naczynia (patrz rysunek). W jakich warunkach strumie\u0144 dzia\u0142a jak \u015bwiat\u0142ow\u00f3d?<\/p>\n<p><img data-recalc-dims=\"1\" decoding=\"async\" src=\"https:\/\/i0.wp.com\/archive.iypt.org\/problems\/23_IYPT_1.gif?w=648&#038;ssl=1\" \/><\/p>\n<p><strong>9. Lepka woda<\/strong><br \/>\nPionowy strumie\u0144 wody padaj\u0105cy na poziomy walec op\u0142ywa go w taki spos\u00f3b, \u017ce nie odrywa si\u0119 od walca w najni\u017cszym punkcie, lecz p\u0142ynie nieco dalej, zanim si\u0119 od walca oderwie. Wyja\u015bnij to zjawisko i zbadaj jak zale\u017cy ono od istotnych parametr\u00f3w.<\/p>\n<p><strong>10. Spokojna powierzchnia<\/strong><br \/>\nPod wp\u0142ywem wiatru na powierzchni wody powstaj\u0105 fale. Gdy powierzchnia wody zostanie pokryta cienk\u0105 warstw\u0105 oleju, fale ulegn\u0105 zmniejszeniu. Zbadaj to zjawisko.<\/p>\n<p><strong>11. Piasek<\/strong><br \/>\nPo suchym piasku chodzi si\u0119 &#8222;mi\u0119kko&#8221; w por\u00f3wnaniu z piaskiem wilgotnym. Piasek o du\u017cej zawarto\u015bci wody jest znowu &#8222;mi\u0119kki&#8221;. Zbadaj parametry, kt\u00f3re wp\u0142ywaj\u0105 na mi\u0119kko\u015b\u0107 piasku.<\/p>\n<p><strong>12. Mokry r\u0119cznik<\/strong><br \/>\nPodczas trzepania mokrego r\u0119cznika mo\u017ce powsta\u0107 d\u017awi\u0119k podobny do strzelania z bata. Zbadaj to zjawisko. Dlaczego mokry r\u0119cznik strzela g\u0142o\u015bniej od suchego?<\/p>\n<p><strong>13. D\u017awi\u0119cz\u0105cy pr\u0119t<\/strong><br \/>\nPodczas uderzania metalowego pr\u0119ta trzymanego w dw\u00f3ch palcach powstaje d\u017awi\u0119k. Zbadaj, jak zale\u017cy on od tego, w jakich miejscach pr\u0119t jest trzymany oraz uderzany.<\/p>\n<p><strong>14. Magnetyczna spr\u0119\u017cyna<\/strong><br \/>\nNad unieruchomionym magnesem &#8222;zawieszono&#8221; drugi (silny) magnes w taki spos\u00f3b, \u017ce mo\u017ce on si\u0119 porusza\u0107 tylko w kierunku pionowym. Zbadaj wahania tego magnesu.<\/p>\n<p><strong>15. Papierowy wiatromierz<\/strong><br \/>\nCienkie paski papieru umieszczone w strumieniu powietrza szeleszcz\u0105. Zbadaj, jak na podstawie tego szelestu mo\u017cna okresli\u0107 pr\u0119dko\u015b\u0107 strumienia powietrza?<\/p>\n<p><strong>16. Spr\u0119\u017cyna<\/strong><br \/>\n\u015arubowa spr\u0119\u017cyna zostaje wprawiona w ruch obrotowy wok\u00f3\u0142 pionowej osi przechodz\u0105cej przez jeden z jej ko\u0144c\u00f3w. Zbadaj rozci\u0105gni\u0119cie tej spr\u0119\u017cyny w przypadku, gdy do swobodnego jej ko\u0144ca jest doczepiony ci\u0119\u017carek oraz gdy nie ma tego ci\u0119\u017carka.<\/p>\n<p><strong>17. Generator Kelvina<\/strong><br \/>\nZbuduj generator Kelvina i zmierz najwy\u017csz\u0105 warto\u015b\u0107 uzyskiwanego napi\u0119cia. Zbadaj, jak zale\u017cy ono od istotnych parametr\u00f3w.<\/p>\n","protected":false},"excerpt":{"rendered":"<p>1. Dzia\u0142o elektromagnetyczne Zasilany z kondensatora solenoid mo\u017ce by\u0107 u\u017cyty do wystrzelenia ma\u0142ej kulki. Zbuduj takie urz\u0105dzenie, stosuj\u0105c maksymalne napi\u0119cie 50V. Zbadaj istotne parametry i zoptymalizuj je w celu uzyskania maksymalnej pr\u0119dko\u015bci kulki. 2. \u015awietliste wzory Z dolnego ko\u0144ca pionowej rurki zwisa kropla wody. O\u015bwietl kropl\u0119 za pomoc\u0105 wska\u017anika laserowego i obserwuj powsta\u0142e na ekranie [&hellip;]<\/p>\n","protected":false},"author":1,"featured_media":0,"parent":0,"menu_order":0,"comment_status":"closed","ping_status":"closed","template":"","meta":{"jetpack_post_was_ever_published":false,"footnotes":""},"class_list":["post-2061","page","type-page","status-publish","hentry"],"jetpack_sharing_enabled":true,"jetpack_shortlink":"https:\/\/wp.me\/P4R8YU-xf","jetpack-related-posts":[],"jetpack_likes_enabled":true,"_links":{"self":[{"href":"https:\/\/tmfwarszawa.pl\/index.php\/wp-json\/wp\/v2\/pages\/2061","targetHints":{"allow":["GET"]}}],"collection":[{"href":"https:\/\/tmfwarszawa.pl\/index.php\/wp-json\/wp\/v2\/pages"}],"about":[{"href":"https:\/\/tmfwarszawa.pl\/index.php\/wp-json\/wp\/v2\/types\/page"}],"author":[{"embeddable":true,"href":"https:\/\/tmfwarszawa.pl\/index.php\/wp-json\/wp\/v2\/users\/1"}],"replies":[{"embeddable":true,"href":"https:\/\/tmfwarszawa.pl\/index.php\/wp-json\/wp\/v2\/comments?post=2061"}],"version-history":[{"count":2,"href":"https:\/\/tmfwarszawa.pl\/index.php\/wp-json\/wp\/v2\/pages\/2061\/revisions"}],"predecessor-version":[{"id":2064,"href":"https:\/\/tmfwarszawa.pl\/index.php\/wp-json\/wp\/v2\/pages\/2061\/revisions\/2064"}],"wp:attachment":[{"href":"https:\/\/tmfwarszawa.pl\/index.php\/wp-json\/wp\/v2\/media?parent=2061"}],"curies":[{"name":"wp","href":"https:\/\/api.w.org\/{rel}","templated":true}]}}