{"id":2065,"date":"2021-02-23T14:14:51","date_gmt":"2021-02-23T14:14:51","guid":{"rendered":"https:\/\/tmfwarszawa.pl\/?page_id=2065"},"modified":"2021-02-23T14:14:51","modified_gmt":"2021-02-23T14:14:51","slug":"zadania-2011-pol","status":"publish","type":"page","link":"https:\/\/tmfwarszawa.pl\/index.php\/zadania-2011-pol\/","title":{"rendered":"Zadania 2011 (pol)"},"content":{"rendered":"<p><strong>1. Ta\u015bma samoprzylepna<\/strong><br \/>\nWyznacz si\u0142\u0119 potrzebn\u0105 do oderwania kawa\u0142ka ta\u015bmy samoprzylepnej od poziomej powierzchni. Zbadaj, jak zale\u017cy ona od istotnych parametr\u00f3w.<\/p>\n<p><strong>2. Schni\u0119cie<\/strong><br \/>\nNaczynia sto\u0142owe, sztu\u0107ce itp. po umyciu gor\u0105c\u0105 wod\u0105 schn\u0105 z nier\u00f3wna szybko\u015bci\u0105. Zbadaj, jak czas schni\u0119cia zale\u017cy od istotnych parametr\u00f3w.<\/p>\n<p><strong>3. Odskakuj\u0105cy p\u0142omie\u0144<\/strong><br \/>\nUmie\u015b\u0107 p\u0142omie\u0144, np. palnika Bunsena, mi\u0119dzy dwiema r\u00f3wnoleg\u0142ymi p\u0142ytami metalowymi, kt\u00f3re s\u0105 na\u0142adowane elektrycznie. Zbadaj, jak p\u0142omie\u0144 si\u0119 porusza.<\/p>\n<p><strong>4. \u0141amliwe spaghetti<\/strong><br \/>\nZnajd\u017a warunki, przy kt\u00f3rych suchy makaron spaghetti spadaj\u0105c na tward\u0105 pod\u0142og\u0119 nie ulegnie z\u0142amaniu.<\/p>\n<p><strong>5. Samoch\u00f3d<\/strong><br \/>\nZbuduj model samochodu nap\u0119dzanego silnikiem, kt\u00f3ry wykorzystuje energi\u0119 zgromadzon\u0105 w elastycznym baloniku nape\u0142nionym powietrzem. Okre\u015bl, jak odleg\u0142o\u015b\u0107 przebywana przez samochodzik zale\u017cy od istotnych parametr\u00f3w i postaraj si\u0119 uzyska\u0107 maksymaln\u0105 sprawno\u015b\u0107 samochodu.<\/p>\n<p><strong>6. Konwekcja<\/strong><br \/>\nGdy pojemnik nape\u0142niony ciecz\u0105 zaczniemy grza\u0107 od spodu i ch\u0142odzi\u0107 od g\u00f3ry, b\u0119dzie w nim zachodzi\u0142 transport ciep\u0142a. Jak\u0105 modyfikacj\u0119 zjawiska spowoduje ruch obrotowy pojemnika wok\u00f3\u0142 swojej pionowej osi.<\/p>\n<p><strong>7. B\u0119benek z kubeczka<\/strong><br \/>\nPlastikowy kubeczek trzymamy do g\u00f3ry dnem i uderzamy palcami w jego denko. Zbadaj wytwarzany d\u017awi\u0119k w sytuacji, gdy otwarty koniec kubeczka znajduje si\u0119 nad powierzchni\u0105 wody, na samej powierzchni lub te\u017c pod ni\u0105.<\/p>\n<p><strong>8. Wzmacniacz domino<\/strong><br \/>\nDobrze znane jest zjawisko przewracania si\u0119 kolejnych klock\u00f3w domina ustawionych w rz\u0119dzie po przewr\u00f3ceniu pierwszego. Zbadaj, jak zachodzi transfer energii w przypadku, gdy kolejne klocki &#8222;omin\u0105&#8221; s\u0105 stopniowo coraz wy\u017csze i okre\u015bl ograniczenia co do wysoko\u015bci tych klock\u00f3w.<\/p>\n<p><strong>9. Uciekaj\u0105cy proszek<\/strong><br \/>\nGdy gor\u0105cy drut zanurzymy w zlewce z woda, na kt\u00f3rej powierzchni p\u0142ywa proszek, np. likopodium, proszek ten zaczyna si\u0119 szybko porusza\u0107. Zbadaj parametry, kt\u00f3re wp\u0142ywaj\u0105 na szybko\u015b\u0107 poruszania si\u0119 drobin proszku.<\/p>\n<p><strong>10. Kopczyki Faradaya<\/strong><br \/>\nZbadaj zjawisko, kt\u00f3re mo\u017cna zaobserwowa\u0107 w naczyniu wype\u0142nionym ma\u0142ymi kulkami (np. ziarnkami gorczycy) podczas pionowych drga\u0144 o cz\u0119stotliwo\u015bci w zakresie 1-10 Hz, a kt\u00f3re w j\u0119zyku angielskim nosi nazw\u0119 Faraday heaping.<\/p>\n<p><strong>11. Odciski palc\u00f3w<\/strong><br \/>\nNape\u0142nij szklank\u0119 woda i trzymaj ja w palcach. Spogl\u0105daj\u0105c z g\u00f3ry na wewn\u0119trzn\u0105 \u015bciank\u0119 szklanki zauwa\u017cysz, \u017ce jedyn\u0105 rzecz\u0105 widoczn\u0105 przez \u015bciank\u0119 jest jasny i wyra\u017any obraz odcisk\u00f3w palc\u00f3w z liniami papilarnymi. Zbadaj i wyja\u015bnij to zjawisko.<\/p>\n<p><strong>12. Lewituj\u0105cy b\u0105czek<\/strong><br \/>\nIstnieje zabawka (np. &#8222;Levitron&#8221;), w kt\u00f3rej wiruj\u0105cy magnetyczny b\u0105czek lewituje nad p\u0142ytk\u0105 zawieraj\u0105c\u0105 magnesy. W jakich warunkach mo\u017ce wyst\u0105pi\u0107 to zjawisko.<\/p>\n<p><strong>13. \u017bar\u00f3wka<\/strong><br \/>\nJaki jest stosunek emitowanej przez ma\u0142\u0105 \u017car\u00f3wk\u0119 energii cieplnej do energii emitowanego przez ni\u0105 \u015bwiat\u0142a w zale\u017cno\u015bci od napi\u0119cia zasilaj\u0105cego \u017car\u00f3wk\u0119.<\/p>\n<p><strong>14. Poruszaj\u0105cy si\u0119 walec<\/strong><br \/>\nPo\u0142\u00f3\u017c kartk\u0119 papieru na poziomym stole i umie\u015b\u0107 na niej przedmiot w kszta\u0142cie walca (np. o\u0142\u00f3wek). Wyci\u0105gnij papier i zbadaj ruch walca a do jego zatrzymania.<\/p>\n<p><strong>15. Powolne opadanie<\/strong><br \/>\nZaprojektuj i wykonaj urz\u0105dzenie z kartki papieru formatu A4 o gramaturze 80 g\/m2, kt\u00f3re by jak najd\u0142u\u017cej spada\u0142o z wysoko\u015bci 2,5 m. Dopuszczalne jest u \u017cycie niewielkiej ilo\u015bci kleju. Zbadaj wp\u0142yw istotnych parametr\u00f3w.<\/p>\n<p><strong>16. Strumie\u0144 dymu<\/strong><br \/>\nOtw\u00f3r szklanego s\u0142oika nakryto celofanem (mo\u017cna te u\u017cy\u0107 cienkiej folii do \u017cywno\u015bci). Ciasno zwini\u0119t\u0105 rurk\u0119 papierowa o d\u0142ugo\u015bci 4-5 cm umieszczono szczelnie w celofanowym wieczku, orientuj\u0105c ja poziomo. Gdy zapali si\u0119 zewn\u0119trzny koniec rurki, gesty dym wp\u0142ywa do \u015brodka s\u0142oika. Zbadaj to zjawisko.<\/p>\n<p><strong>17. Wikingowie<\/strong><br \/>\nWed\u0142ug legendy Wikingowie potrafili \u017ceglowa\u0107 przez ocean nawet przy pochmurnej pogodzie, pos\u0142uguj\u0105c si\u0119 kryszta\u0142ami turmalinu. Zbadaj, jak mo\u017cliwa jest nawigacja z wykorzystaniem materia\u0142u polaryzacyjnego. Jaka jest dok\u0142adno\u015b\u0107 tej metody.<\/p>\n","protected":false},"excerpt":{"rendered":"<p>1. Ta\u015bma samoprzylepna Wyznacz si\u0142\u0119 potrzebn\u0105 do oderwania kawa\u0142ka ta\u015bmy samoprzylepnej od poziomej powierzchni. Zbadaj, jak zale\u017cy ona od istotnych parametr\u00f3w. 2. Schni\u0119cie Naczynia sto\u0142owe, sztu\u0107ce itp. po umyciu gor\u0105c\u0105 wod\u0105 schn\u0105 z nier\u00f3wna szybko\u015bci\u0105. Zbadaj, jak czas schni\u0119cia zale\u017cy od istotnych parametr\u00f3w. 3. Odskakuj\u0105cy p\u0142omie\u0144 Umie\u015b\u0107 p\u0142omie\u0144, np. palnika Bunsena, mi\u0119dzy dwiema r\u00f3wnoleg\u0142ymi p\u0142ytami [&hellip;]<\/p>\n","protected":false},"author":1,"featured_media":0,"parent":0,"menu_order":0,"comment_status":"closed","ping_status":"closed","template":"","meta":{"jetpack_post_was_ever_published":false,"footnotes":""},"class_list":["post-2065","page","type-page","status-publish","hentry"],"jetpack_sharing_enabled":true,"jetpack_shortlink":"https:\/\/wp.me\/P4R8YU-xj","jetpack-related-posts":[],"jetpack_likes_enabled":true,"_links":{"self":[{"href":"https:\/\/tmfwarszawa.pl\/index.php\/wp-json\/wp\/v2\/pages\/2065","targetHints":{"allow":["GET"]}}],"collection":[{"href":"https:\/\/tmfwarszawa.pl\/index.php\/wp-json\/wp\/v2\/pages"}],"about":[{"href":"https:\/\/tmfwarszawa.pl\/index.php\/wp-json\/wp\/v2\/types\/page"}],"author":[{"embeddable":true,"href":"https:\/\/tmfwarszawa.pl\/index.php\/wp-json\/wp\/v2\/users\/1"}],"replies":[{"embeddable":true,"href":"https:\/\/tmfwarszawa.pl\/index.php\/wp-json\/wp\/v2\/comments?post=2065"}],"version-history":[{"count":2,"href":"https:\/\/tmfwarszawa.pl\/index.php\/wp-json\/wp\/v2\/pages\/2065\/revisions"}],"predecessor-version":[{"id":2070,"href":"https:\/\/tmfwarszawa.pl\/index.php\/wp-json\/wp\/v2\/pages\/2065\/revisions\/2070"}],"wp:attachment":[{"href":"https:\/\/tmfwarszawa.pl\/index.php\/wp-json\/wp\/v2\/media?parent=2065"}],"curies":[{"name":"wp","href":"https:\/\/api.w.org\/{rel}","templated":true}]}}