{"id":2078,"date":"2021-02-23T14:22:48","date_gmt":"2021-02-23T14:22:48","guid":{"rendered":"https:\/\/tmfwarszawa.pl\/?page_id=2078"},"modified":"2021-02-23T14:22:48","modified_gmt":"2021-02-23T14:22:48","slug":"zadania-2008-pol","status":"publish","type":"page","link":"https:\/\/tmfwarszawa.pl\/index.php\/zadania-2008-pol\/","title":{"rendered":"Zadania 2008 (pol)"},"content":{"rendered":"<p><strong>1. Klipa<\/strong><br \/>\nPo\u0142\u00f3\u017c drewniany patyk na brzegu sto\u0142u tak, by jego cz\u0119\u015b\u0107 wystawa\u0142a poza kraw\u0119d\u017a sto\u0142u. Nast\u0119pnie uderz w wystaj\u0105cy poza t\u0119 kraw\u0119d\u017a koniec patyka, tak aby patyk odlecia\u0142. Jak odleg\u0142o\u015b\u0107 przelotu patyka zale\u017cy od istotnych parametr\u00f3w? Okre\u015bl warunki, przy kt\u00f3rych pozioma odleg\u0142o\u015b\u0107 przelotu patyka osi\u0105ga maksymaln\u0105 warto\u015b\u0107.<\/p>\n<p><strong>2. Uskrzydlone nasiono<\/strong><br \/>\nZbadaj ruch spadaj\u0105cych nasion w kszta\u0142cie skrzyd\u0142a, jak np. nasiona klonu.<\/p>\n<p><strong>3. Camera obscura<\/strong><br \/>\nZbadaj charakterystyk\u0119 tzw. camera obscura (pud\u0142o z otworem w jednaj ze \u015bcian) i znajd\u017a warunki zapewniaj\u0105ce najlepsz\u0105 jako\u015b\u0107 uzyskiwanego obrazu.<\/p>\n<p><strong>4. Cymba\u0142<\/strong><br \/>\nWy\u0142adowanie elektronicznej lampy b\u0142yskowej w pobli\u017cu cymba\u0142\u00f3w powoduje wytworzenie przez nie d\u017awi\u0119ku. Wyja\u015bnij to zjawisko i zbadaj istotne parametry maj\u0105ce na nie wp\u0142yw.<\/p>\n<p><strong>5. Ogniwo woltaiczne<\/strong><br \/>\nWykonaj ogniwo galwaniczne z wykorzystaniem (nas\u0105czonych elektrolitem) ligninowych chusteczek. Zbadaj, jak si\u0142a elektromotoryczna tej baterii zmienia si\u0119 z czasem i wyja\u015bnij to.<\/p>\n<p><strong>6. Plama<\/strong><br \/>\nGdy kropla cieczy, takiej jak kawa, wysycha na g\u0142adkiej powierzchni, na brzegach kropli zazwyczaj pozostaje \u015blad w postaci plamy. Zbadaj dlaczego plama tworzy si\u0119 na brzegach i jakie parametry maj\u0105 wp\u0142yw na jej charakterystyk\u0119.<\/p>\n<p><strong>7. Rozprysk<\/strong><br \/>\nPrzedmiot (cia\u0142o sta\u0142e) spada do wody z wysoko\u015bci 50 cm. Zbadaj czynniki, kt\u00f3re wp\u0142ywaj\u0105 na zminimalizowanie rozbryzgu wody.<\/p>\n<p><strong>8. Astroblaster<\/strong><br \/>\nGdy du\u017ca pi\u0142ka z umieszczon\u0105 na jej g\u00f3rze mniejsz\u0105 pi\u0142k\u0105 spada na tward\u0105 powierzchni\u0119, ma\u0142a pi\u0142ka cz\u0119sto podskakuje znacznie wy\u017cej, ani\u017celi by podskoczy\u0142a, gdyby spada\u0142a na t\u0119 powierzchni\u0119 sama. Tymczasem du\u017ca pi\u0142ka prawie nie podskakuje. Zbadaj to zjawisko i zaprojektuj uk\u0142ad z\u0142o\u017cony z kilku pi\u0142ek, maksymalnie czterech , w kt\u00f3rym szczytowa pi\u0142ka osi\u0105gnie najwi\u0119ksza wysoko\u015b\u0107.<\/p>\n<p><strong>9. Flet<\/strong><br \/>\nZ boku rurki otwartej na jednym ko\u0144cu wykonaj otw\u00f3r i dmuchaj\u0105c od strony otwartego ko\u0144ca wytwarzaj d\u017awi\u0119k. Zbadaj wysoko\u015b\u0107 i barw\u0119 d\u017awi\u0119ku takiego fletu oraz to, jak zale\u017c\u0105 one od po\u0142o\u017cenia i \u015brednicy otworu.<\/p>\n<p><strong>10. Zjawisko Kaye\u2019a<\/strong><br \/>\nGdy cienki strumie\u0144 szamponu leje si\u0119 na powierzchni\u0119, niekiedy ma\u0142y strumyczek odpryskuje w bok. Trwa poni\u017cej sekundy, ale si\u0119 powtarza. Zbadaj to zjawisko i je wyja\u015bnij.<\/p>\n<p><strong>11. Rynna<\/strong><br \/>\nKiedy cienka warstwa wody sp\u0142ywa pochy\u0142\u0105 rynn\u0105, pojawiaj\u0105 si\u0119 niekiedy fale uk\u0142adaj\u0105ce si\u0119 w r\u00f3\u017cne<br \/>\nwzory. Zbadaj to zjawisko.<\/p>\n<p><strong>12. Gejzer<\/strong><br \/>\nZamocuj d\u0142ug\u0105 rur\u0119 z wod\u0105 w pozycji pionowej i podgrzewaj j\u0105 od do\u0142u. Zaobserwujesz erupcje wyrzucanej z rury wody. Gdy umo\u017cliwisz wodzie powr\u00f3t do rury, erupcje b\u0119d\u0105 si\u0119 powtarza\u0142y. Zbadaj parametry, kt\u00f3re wp\u0142ywaj\u0105 na przebieg tego procesu w czasie.<\/p>\n<p><strong>13. Wiruj\u0105cy l\u00f3d<\/strong><br \/>\nWlej gor\u0105c\u0105 wod\u0119 (wrz\u0105tek) do fili\u017canki i zamieszaj, aby woda powoli wirowa\u0142a. Nast\u0119pnie umie\u015b\u0107 ma\u0142\u0105 kostk\u0119 lodu na \u015brodku wiruj\u0105cej wody. Lodowa kostka zacznie si\u0119 obraca\u0107 szybciej, ani\u017celi otaczaj\u0105ca woda. Zbadaj parametry, kt\u00f3re maja wp\u0142yw na ruch wirowy lodu.<\/p>\n<p><strong>14. Generator Faradaya<\/strong><br \/>\nZbuduj jednobiegunowy generator elektryczny. Zbadaj w\u0142asno\u015bci elektryczne tego urz\u0105dzenia i okre\u015bl jego sprawno\u015b\u0107.<\/p>\n<p><strong>15. \u017belowanie<\/strong><br \/>\nGor\u0105cy roztw\u00f3r \u017celatyny w trakcie och\u0142adzania przekszta\u0142ca si\u0119 w \u017cel. Zbadaj jego przewodnictwo elektryczne w funkcji temperatury podczas procesu \u017celowania. Wyja\u015bnij otrzymane wyniki.<\/p>\n<p><strong>16. Czarna \u0142y\u017cka<\/strong><br \/>\nOkop\u0107 \u0142y\u017ck\u0119 nad p\u0142omieniem \u015bwiecy. Po zanurzeniu \u0142y\u017cki w wodzie wydaje si\u0119 ona b\u0142yszcz\u0105ca. Zbadaj to zjawisko i okre\u015bl optyczne w\u0142asno\u015bci takiego \u201ezwierciad\u0142a\u201d.<\/p>\n<p><strong>17. Silnik cieplny<\/strong><br \/>\nZbuduj silnik cieplny, kt\u00f3ry by czerpa\u0142 energi\u0119 jedynie z r\u00f3\u017cnicy temperatur powietrza wci\u0105gu dnia oraz nocy, bez wykorzystania bezpo\u015bredniego \u015bwiat\u0142a s\u0142onecznego. Okre\u015bl sprawno\u015b\u0107 tego urz\u0105dzenia.<\/p>\n","protected":false},"excerpt":{"rendered":"<p>1. Klipa Po\u0142\u00f3\u017c drewniany patyk na brzegu sto\u0142u tak, by jego cz\u0119\u015b\u0107 wystawa\u0142a poza kraw\u0119d\u017a sto\u0142u. Nast\u0119pnie uderz w wystaj\u0105cy poza t\u0119 kraw\u0119d\u017a koniec patyka, tak aby patyk odlecia\u0142. Jak odleg\u0142o\u015b\u0107 przelotu patyka zale\u017cy od istotnych parametr\u00f3w? Okre\u015bl warunki, przy kt\u00f3rych pozioma odleg\u0142o\u015b\u0107 przelotu patyka osi\u0105ga maksymaln\u0105 warto\u015b\u0107. 2. Uskrzydlone nasiono Zbadaj ruch spadaj\u0105cych nasion [&hellip;]<\/p>\n","protected":false},"author":1,"featured_media":0,"parent":0,"menu_order":0,"comment_status":"closed","ping_status":"closed","template":"","meta":{"jetpack_post_was_ever_published":false,"footnotes":""},"class_list":["post-2078","page","type-page","status-publish","hentry"],"jetpack_sharing_enabled":true,"jetpack_shortlink":"https:\/\/wp.me\/P4R8YU-xw","jetpack-related-posts":[],"jetpack_likes_enabled":true,"_links":{"self":[{"href":"https:\/\/tmfwarszawa.pl\/index.php\/wp-json\/wp\/v2\/pages\/2078","targetHints":{"allow":["GET"]}}],"collection":[{"href":"https:\/\/tmfwarszawa.pl\/index.php\/wp-json\/wp\/v2\/pages"}],"about":[{"href":"https:\/\/tmfwarszawa.pl\/index.php\/wp-json\/wp\/v2\/types\/page"}],"author":[{"embeddable":true,"href":"https:\/\/tmfwarszawa.pl\/index.php\/wp-json\/wp\/v2\/users\/1"}],"replies":[{"embeddable":true,"href":"https:\/\/tmfwarszawa.pl\/index.php\/wp-json\/wp\/v2\/comments?post=2078"}],"version-history":[{"count":1,"href":"https:\/\/tmfwarszawa.pl\/index.php\/wp-json\/wp\/v2\/pages\/2078\/revisions"}],"predecessor-version":[{"id":2079,"href":"https:\/\/tmfwarszawa.pl\/index.php\/wp-json\/wp\/v2\/pages\/2078\/revisions\/2079"}],"wp:attachment":[{"href":"https:\/\/tmfwarszawa.pl\/index.php\/wp-json\/wp\/v2\/media?parent=2078"}],"curies":[{"name":"wp","href":"https:\/\/api.w.org\/{rel}","templated":true}]}}