{"id":210,"date":"2017-08-04T10:43:29","date_gmt":"2017-08-04T10:43:29","guid":{"rendered":"http:\/\/tmfwarszawa.pl\/?page_id=210"},"modified":"2017-08-04T10:43:49","modified_gmt":"2017-08-04T10:43:49","slug":"istrukcja-przygotowania-prac","status":"publish","type":"page","link":"https:\/\/tmfwarszawa.pl\/index.php\/istrukcja-przygotowania-prac\/","title":{"rendered":"Istrukcja przygotowania prac"},"content":{"rendered":"<h4>Regu\u0142y pisania prac turniejowych<\/h4>\n<ul>\n<li style=\"text-align: justify;\">Prace turniejowe powinny by\u0107 pisane zgodnie z regu\u0142ami obowi\u0105zuj\u0105cymi dla publikacji naukowych. Powinny zawiera\u0107 takie elementy, jak analiza teoretyczna problemu, opis przeprowadzonych eksperyment\u00f3w (fotografie, rysunki) oraz otrzymanych wynik\u00f3w (tabele, wykresy), analiza wynik\u00f3w (ew. por\u00f3wnanie z danymi literaturowymi), wnioski ko\u0144cowe.<\/li>\n<li style=\"text-align: justify;\">W trakcie opracowywania rozwi\u0105za\u0144 mo\u017cna korzysta\u0107 ze wszystkich dost\u0119pnych \u017ar\u00f3de\u0142 \u2013 ksi\u0105\u017cek, czasopism, informacji dost\u0119pnych na stronach internetowych. Nale\u017cy przytoczy\u0107 wykorzystane \u017ar\u00f3d\u0142a, podaj\u0105c dane umo\u017cliwiaj\u0105ce dotarcie do nich (autor\/autorzy, ewentualnie tytu\u0142 publikacji oraz np. tytu\u0142 pisma, tom, rocznik, strona, a w przypadku Internetu \u2013 pe\u0142ny adres strony).<\/li>\n<li style=\"text-align: justify;\">Przepisanie cz\u0119\u015bciowo lub w ca\u0142o\u015bci opracowania zaczerpni\u0119tego z jakiegokolwiek \u017ar\u00f3d\u0142a bez podania tego \u017ar\u00f3d\u0142a b\u0119dzie traktowane jako plagiat.<\/li>\n<li style=\"text-align: justify;\">Praca turniejowa musi zawiera\u0107 wk\u0142ad w\u0142asny autora, w \u017cadnym razie nie mo\u017ce si\u0119 ogranicza\u0107 do t\u0142umaczenia lub streszczenia pracy \u017ar\u00f3d\u0142owej.<\/li>\n<li style=\"text-align: justify;\">Prace powinny by\u0107 przygotowane komputerowo i mie\u0107 posta\u0107 elektroniczn\u0105. Zasadniczy tekst powinien by\u0107 pisany czcionk\u0105<br \/>\n\u201eTimes New Roman\u201d o wielko\u015bci 12 p lub inn\u0105 o zbli\u017conej wielko\u015bci. Obj\u0119to\u015b\u0107 pracy \u2013 rozwi\u0105zania pojedynczego problemu \u2013 wraz z rysunkami i wykresami nie powinna przekracza\u0107 6 stron formatu A4.<\/li>\n<li style=\"text-align: justify;\">Do prac nie nale\u017cy do\u0142\u0105cza\u0107 \u017cadnych zapis\u00f3w audio ani wizualnych, jak np. d\u017awi\u0119kowa ilustracja do\u015bwiadczenia lub film z zarejestrowanym do\u015bwiadczeniem (prezentacja takich materia\u0142\u00f3w mo\u017ce mie\u0107 miejsce w trakcie rozgrywek turniejowych \u2013 p\u00f3\u0142fina\u0142owych i fina\u0142owych).<\/li>\n<li style=\"text-align: justify;\">Ka\u017cda praca powinna zawiera\u0107 imi\u0119 i nazwisko autora (autor\u00f3w) oraz god\u0142o dru\u017cyny podane przy rejestracji. W pracy nie nale\u017cy podawa\u0107 nazwy szko\u0142y ani miejscowo\u015bci, z kt\u00f3rej pochodzi dru\u017cyna.<\/li>\n<\/ul>\n<h4>Prace nale\u017cy przesy\u0142a\u0107 wy\u0142\u0105cznie w postaci elektronicznej.<\/h4>\n<p>Powinny one spe\u0142nia\u0107 nast\u0119puj\u0105ce wymagania:<\/p>\n<ol>\n<li>ka\u017cda praca, t.j. rozwi\u0105zanie jednego problemu, powinno by\u0107 zawarte w odr\u0119bnym pliku typu PDF;<\/li>\n<li>nazwa pliku powinna mie\u0107 jeden z nast\u0119puj\u0105cych format\u00f3w:\n<ul>\n<li>xx-godlo.pdf, gdzie xx to numer problemu, a godlo to god\u0142o dru\u017cyny,<\/li>\n<li>xx.pdf, gdzie xx to numer problemu (god\u0142o dru\u017cyny zostanie dopisane automatycznie).<\/li>\n<\/ul>\n<\/li>\n<li>maksymalna wielko\u015b\u0107 pliku \u2013 5 MB.<\/li>\n<\/ol>\n<p>Prace nale\u017cy przesy\u0142a\u0107 za po\u015brednictwem strony internetowej <a href=\"http:\/\/tmf.ptf.net.pl\">tmf.ptf.net.pl<\/a> (on-line) po uprzednim zalogowaniu si\u0119. <\/p>\n","protected":false},"excerpt":{"rendered":"<p>Regu\u0142y pisania prac turniejowych Prace turniejowe powinny by\u0107 pisane zgodnie z regu\u0142ami obowi\u0105zuj\u0105cymi dla publikacji naukowych. Powinny zawiera\u0107 takie elementy, jak analiza teoretyczna problemu, opis przeprowadzonych eksperyment\u00f3w (fotografie, rysunki) oraz otrzymanych wynik\u00f3w (tabele, wykresy), analiza wynik\u00f3w (ew. por\u00f3wnanie z danymi literaturowymi), wnioski ko\u0144cowe. W trakcie opracowywania rozwi\u0105za\u0144 mo\u017cna korzysta\u0107 ze wszystkich dost\u0119pnych \u017ar\u00f3de\u0142 \u2013 ksi\u0105\u017cek, [&hellip;]<\/p>\n","protected":false},"author":1,"featured_media":0,"parent":0,"menu_order":0,"comment_status":"closed","ping_status":"closed","template":"page-fullwidth.php","meta":{"jetpack_post_was_ever_published":false,"footnotes":""},"class_list":["post-210","page","type-page","status-publish","hentry"],"jetpack_sharing_enabled":true,"jetpack_shortlink":"https:\/\/wp.me\/P4R8YU-3o","jetpack-related-posts":[],"jetpack_likes_enabled":true,"_links":{"self":[{"href":"https:\/\/tmfwarszawa.pl\/index.php\/wp-json\/wp\/v2\/pages\/210","targetHints":{"allow":["GET"]}}],"collection":[{"href":"https:\/\/tmfwarszawa.pl\/index.php\/wp-json\/wp\/v2\/pages"}],"about":[{"href":"https:\/\/tmfwarszawa.pl\/index.php\/wp-json\/wp\/v2\/types\/page"}],"author":[{"embeddable":true,"href":"https:\/\/tmfwarszawa.pl\/index.php\/wp-json\/wp\/v2\/users\/1"}],"replies":[{"embeddable":true,"href":"https:\/\/tmfwarszawa.pl\/index.php\/wp-json\/wp\/v2\/comments?post=210"}],"version-history":[{"count":4,"href":"https:\/\/tmfwarszawa.pl\/index.php\/wp-json\/wp\/v2\/pages\/210\/revisions"}],"predecessor-version":[{"id":214,"href":"https:\/\/tmfwarszawa.pl\/index.php\/wp-json\/wp\/v2\/pages\/210\/revisions\/214"}],"wp:attachment":[{"href":"https:\/\/tmfwarszawa.pl\/index.php\/wp-json\/wp\/v2\/media?parent=210"}],"curies":[{"name":"wp","href":"https:\/\/api.w.org\/{rel}","templated":true}]}}