{"id":2123,"date":"2021-11-13T13:39:29","date_gmt":"2021-11-13T13:39:29","guid":{"rendered":"https:\/\/tmfwarszawa.pl\/?page_id=2123"},"modified":"2021-11-13T13:41:11","modified_gmt":"2021-11-13T13:41:11","slug":"zadania-2022-pol","status":"publish","type":"page","link":"https:\/\/tmfwarszawa.pl\/index.php\/zadania-2022-pol\/","title":{"rendered":"Zadania 2022 (pol)"},"content":{"rendered":"<p><strong>1. Wymy\u015bl sam<\/strong><br \/>\nWymy\u015bl i zbuduj nieinwazyjne urz\u0105dzenie, kt\u00f3re wyznacza kierunek przep\u0142ywu p\u0142ynu wewn\u0105trz nieprzezroczystej rury. Zoptymalizuj je tak, by pozwala\u0142o na pomiar mo\u017cliwie ma\u0142ych przep\u0142yw\u00f3w.<\/p>\n<p><strong>2. Dysk Rayleigha<\/strong><br \/>\nDysk zawieszony pionowo na cienkiej nici i umieszczony w polu akustycznym mo\u017ce s\u0142u\u017cy\u0107 do pomiaru nat\u0119\u017cenia d\u017awi\u0119ku poprzez obr\u00f3t wok\u00f3\u0142 osi. Zbadaj dok\u0142adno\u015b\u0107 pomiaru przeprowadzonego z pomoc\u0105 takiego urz\u0105dzenia.<\/p>\n<p><strong>3. Pier\u015bcie\u0144 na pr\u0119cie<\/strong><br \/>\nPodk\u0142adka pod \u015brub\u0119 umieszona na pionowym, stalowym pr\u0119cie mo\u017ce zacz\u0105\u0107 obraca\u0107 si\u0119 wok\u00f3\u0142 niego zamiast ze\u015blizgn\u0105\u0107 w d\u00f3\u0142. Zbadaj ruch podk\u0142adki i okre\u015bl, co decyduje o jej pr\u0119dko\u015bci granicznej.<\/p>\n<p><strong>4. Niezatapialny dysk<\/strong><br \/>\nMetalowy dysk z otworem na \u015brodku tonie w pojemniku wype\u0142nionym wod\u0105. Jednak gdy na \u015brodek dysku skieruje si\u0119 pionowy strumie\u0144 wody, dysk mo\u017ce si\u0119 utrzymywa\u0107 na powierzchni wody. Wyja\u015bnij to zjawisko i zbadaj istotne parametry.<\/p>\n<p><strong>5. Oscylator bimetaliczny<\/strong><br \/>\nProsty oscylator elektryczny mo\u017cna wykona\u0107 stosuj\u0105c stykowy wy\u0142\u0105cznik bimetalowy. Zbadaj istotne parametry wp\u0142ywaj\u0105ce na cz\u0119stotliwo\u015b\u0107 drga\u0144 takiego oscylatora.<\/p>\n<p><strong>6. Wie\u017ca z pi\u0142ek tenisowych<\/strong><br \/>\nZbuduj wie\u017c\u0119, z trzech pi\u0142ek tenisowych na warstw\u0119 oraz jednej pi\u0142ki na g\u00f3rze. Zbadaj ograniczenia konstrukcyjne i stabilno\u015b\u0107 takiej wie\u017cy. Jak zmienia si\u0119 sytuacja, gdy w ka\u017cdej warstwie umie\u015bcisz wi\u0119cej ni\u017c trzy pi\u0142ki oraz odpowiedni\u0105 liczb\u0119 pi\u0142ek na g\u00f3rze wie\u017cy?<\/p>\n<p><strong>7. Tr\u00f3j\u015bcienna ko\u015b\u0107 do gry<\/strong><br \/>\nZatrzymanie si\u0119 rzuconej monety na boku jest rzadkim wydarzeniem. Jaka powinna by\u0107 fizyczna i geometryczna charakterystyka cylindrycznej kostki, aby mia\u0142a takie samo prawdopodobie\u0144stwo wyl\u0105dowania na boku i na jednej ze swoich podstaw?<\/p>\n<p><strong>8. Linie ekwipotencjalne<\/strong><br \/>\nUmie\u015b\u0107 dwie elektrody w wodzie, przy\u0142\u00f3\u017c do nich bezpieczne napi\u0119cie i u\u017cyj woltomierza, aby okre\u015bli\u0107 potencja\u0142 elektryczny w r\u00f3\u017cnych miejscach. Zbadaj, jak wyznaczone linie ekwipotencjalne odbiegaj\u0105 od Twoich oczekiwa\u0144 dla r\u00f3\u017cnych warunk\u00f3w i cieczy.<\/p>\n<p><strong>9. Wodna spirala<\/strong><br \/>\nJe\u015bli strumie\u0144 cieczy zostanie wypuszczony przez ma\u0142y otw\u00f3r, to w pewnych warunkach skr\u0119ca si\u0119 tworz\u0105c spiral\u0119. Wyja\u015bnij to zjawisko i zbadaj jakie warunki s\u0105 potrzebne, \u017ceby taka spirala powsta\u0142a.<\/p>\n<p><strong>10. Wybuchaj\u0105ce krople<\/strong><br \/>\nGdy kropla roztworu wodnego (np. wody i alkoholu) zostaje umieszczona na powierzchni hydrofobowej cieczy (np. oleju ro\u015blinnego) mo\u017ce rozpa\u015b\u0107 si\u0119 na mniejsze kropelki. Zbadaj parametry, kt\u00f3re wp\u0142ywaj\u0105 na fragmentacj\u0119 i wielko\u015b\u0107 ko\u0144cowych kropel.<\/p>\n<p><strong>11. Kulki na gumce<\/strong><br \/>\nPo\u0142\u0105cz dwie metalowe kulki elastyczn\u0105 gumk\u0105, nast\u0119pnie skr\u0119\u0107 gumk\u0119 i po\u0142\u00f3\u017c kulki na stole. Kulki zaczn\u0105 si\u0119 kr\u0119ci\u0107 w jednym, a p\u00f3\u017aniej w drugim kierunku. Wyja\u015bnij to zjawisko i zbadaj, jak zachowanie takiego \u201ewahad\u0142a\u201d zale\u017cy od istotnych parametr\u00f3w.<\/p>\n<p><strong>12. Zagadkowy ruch<\/strong><br \/>\nPosyp wod\u0119 w misce ma\u0142ymi p\u0142ywaj\u0105cymi drobinkami. Umie\u015b\u0107 silny magnes nad i w pobli\u017cu powierzchni wody. Wyja\u015bnij zaobserwowane ruchy cz\u0105stek.<\/p>\n<p><strong>13. Turbina zasilana \u015bwieczk\u0105<\/strong><br \/>\nPapierowa spirala zawieszona nad \u015bwiec\u0105 zaczyna si\u0119 obraca\u0107. Zoptymalizuj konfiguracj\u0119 takiego uk\u0142adu w celu osi\u0105gni\u0119cia maksymalnego momentu si\u0142y.<\/p>\n<p><strong>14. Pi\u0142ka na membranie<\/strong><br \/>\nPo upuszczeniu metalowej kulki na gumow\u0105 membran\u0119, naci\u0105gni\u0119t\u0105 na plastikowy kubek, mo\u017cna us\u0142ysze\u0107 d\u017awi\u0119k. Wyja\u015bnij pochodzenie tego d\u017awi\u0119ku i zbadaj, jak jego charakterystyka zale\u017cy od istotnych parametr\u00f3w.<\/p>\n<p><strong>15. Efekt Boycott\u2019a<\/strong><br \/>\nJe\u015bli cz\u0105stki s\u0105 zawieszone w cieczy, o mniejszej g\u0119sto\u015bci ni\u017c ich w\u0142asna, opadn\u0105 na dno pojemnika. Przechylanie pojemnika, w kt\u00f3rym znajduje si\u0119 ciecz, mo\u017ce wp\u0142ywa\u0107 na szybko\u015b\u0107 ich osiadania. Wyja\u015bnij to zjawisko i zbadaj wp\u0142yw istotnych parametr\u00f3w.<\/p>\n<p><strong>16. Ratowanie miodu<\/strong><br \/>\nKiedy kr\u0119cimy pr\u0119tem, na kt\u00f3rym znajduje si\u0119 lepka ciecz (np. mi\u00f3d), w pewnych warunkach ciecz mo\u017ce przesta\u0107 sp\u0142ywa\u0107 z pr\u0119ta. Zbadaj to zjawisko.<\/p>\n<p><strong>17. Niewidzialno\u015b\u0107<\/strong><br \/>\nStereogramy soczewkowe (ang. Lenticular lenses) mog\u0105 by\u0107 u\u017cywane do zmiany biegu \u015bwiat\u0142a i sprawiania, \u017ce obiekty \u201eznikaj\u0105\u201d. Zbadaj, jak zmiana parametr\u00f3w soczewki oraz geometrii obiektu wp\u0142ywa na stopie\u0144 widoczno\u015bci obserwowanego obiektu.<\/p>\n","protected":false},"excerpt":{"rendered":"<p>1. Wymy\u015bl sam Wymy\u015bl i zbuduj nieinwazyjne urz\u0105dzenie, kt\u00f3re wyznacza kierunek przep\u0142ywu p\u0142ynu wewn\u0105trz nieprzezroczystej rury. Zoptymalizuj je tak, by pozwala\u0142o na pomiar mo\u017cliwie ma\u0142ych przep\u0142yw\u00f3w. 2. Dysk Rayleigha Dysk zawieszony pionowo na cienkiej nici i umieszczony w polu akustycznym mo\u017ce s\u0142u\u017cy\u0107 do pomiaru nat\u0119\u017cenia d\u017awi\u0119ku poprzez obr\u00f3t wok\u00f3\u0142 osi. Zbadaj dok\u0142adno\u015b\u0107 pomiaru przeprowadzonego z [&hellip;]<\/p>\n","protected":false},"author":1,"featured_media":0,"parent":0,"menu_order":0,"comment_status":"closed","ping_status":"closed","template":"","meta":{"jetpack_post_was_ever_published":false,"footnotes":""},"class_list":["post-2123","page","type-page","status-publish","hentry"],"jetpack_sharing_enabled":true,"jetpack_shortlink":"https:\/\/wp.me\/P4R8YU-yf","jetpack-related-posts":[],"jetpack_likes_enabled":true,"_links":{"self":[{"href":"https:\/\/tmfwarszawa.pl\/index.php\/wp-json\/wp\/v2\/pages\/2123","targetHints":{"allow":["GET"]}}],"collection":[{"href":"https:\/\/tmfwarszawa.pl\/index.php\/wp-json\/wp\/v2\/pages"}],"about":[{"href":"https:\/\/tmfwarszawa.pl\/index.php\/wp-json\/wp\/v2\/types\/page"}],"author":[{"embeddable":true,"href":"https:\/\/tmfwarszawa.pl\/index.php\/wp-json\/wp\/v2\/users\/1"}],"replies":[{"embeddable":true,"href":"https:\/\/tmfwarszawa.pl\/index.php\/wp-json\/wp\/v2\/comments?post=2123"}],"version-history":[{"count":3,"href":"https:\/\/tmfwarszawa.pl\/index.php\/wp-json\/wp\/v2\/pages\/2123\/revisions"}],"predecessor-version":[{"id":2336,"href":"https:\/\/tmfwarszawa.pl\/index.php\/wp-json\/wp\/v2\/pages\/2123\/revisions\/2336"}],"wp:attachment":[{"href":"https:\/\/tmfwarszawa.pl\/index.php\/wp-json\/wp\/v2\/media?parent=2123"}],"curies":[{"name":"wp","href":"https:\/\/api.w.org\/{rel}","templated":true}]}}