{"id":2131,"date":"2022-01-16T13:17:30","date_gmt":"2022-01-16T13:17:30","guid":{"rendered":"https:\/\/tmfwarszawa.pl\/?page_id=2131"},"modified":"2022-04-24T08:17:26","modified_gmt":"2022-04-24T08:17:26","slug":"terminarz-2022","status":"publish","type":"page","link":"https:\/\/tmfwarszawa.pl\/index.php\/terminarz-2022\/","title":{"rendered":"Terminarz 2022"},"content":{"rendered":"<div id=\"pl-2131\"  class=\"panel-layout\" ><div id=\"pg-2131-0\"  class=\"panel-grid panel-no-style\" ><div id=\"pgc-2131-0-0\"  class=\"panel-grid-cell\" ><div id=\"panel-2131-0-0-0\" class=\"so-panel widget widget_sow-editor panel-first-child\" data-index=\"0\" ><div\n\t\t\t\n\t\t\tclass=\"so-widget-sow-editor so-widget-sow-editor-base\"\n\t\t\t\n\t\t><h3 class=\"widget-title\">Etap korespondencyjny<\/h3>\n<div class=\"siteorigin-widget-tinymce textwidget\">\n\t<p>Dru\u017cyny chc\u0105ce uczestniczy\u0107 w Turnieju powinny dokona\u0107 rejestracji za po\u015brednictwem strony internetowej <a href=\"http:\/\/tmf.ptf.net.pl\/\">http:\/\/tmf.ptf.net.pl\/<\/a>\u00a0do dnia\u00a0<strong>12 stycznia 2022 r.<\/strong> (w\u0142\u0105cznie). Prace na etap korespondencyjny nale\u017cy wys\u0142a\u0107 do p\u00f3\u0142nocy 23<strong>\u00a0stycznia.<\/strong>\u00a0Wi\u0119cej informacji na temat przygotowania prac i sposobu dostarczenia ich do komitet\u00f3w okr\u0119gowych znajduje si\u0119 na stronie\u00a0<a href=\"http:\/\/tmf.org.pl\" target=\"_blank\" rel=\"noopener noreferrer\">Polskiego TMF.<\/a><\/p>\n<\/div>\n<\/div><\/div><div id=\"panel-2131-0-0-1\" class=\"so-panel widget widget_sow-editor\" data-index=\"1\" ><div\n\t\t\t\n\t\t\tclass=\"so-widget-sow-editor so-widget-sow-editor-base\"\n\t\t\t\n\t\t><h3 class=\"widget-title\">P\u00f3\u0142fina\u0142y<\/h3>\n<div class=\"siteorigin-widget-tinymce textwidget\">\n\t<p>P\u00f3\u0142fina\u0142owe zawody turniejowe odb\u0119d\u0105 si\u0119 w dw\u00f3ch okr\u0119gach:<\/p>\n<p>26 marca w Warszawie (Instytut Fizyki Polskiej Akademii Nauk),<\/p>\n<p>26 marca we Wroc\u0142awiu (Instytut Fizyki Do\u015bwiadczalnej Uniwersytetu Wroc\u0142awskiego)<\/p>\n<\/div>\n<\/div><\/div><div id=\"panel-2131-0-0-2\" class=\"so-panel widget widget_sow-editor\" data-index=\"2\" ><div\n\t\t\t\n\t\t\tclass=\"so-widget-sow-editor so-widget-sow-editor-base\"\n\t\t\t\n\t\t><h3 class=\"widget-title\">Fina\u0142y<\/h3>\n<div class=\"siteorigin-widget-tinymce textwidget\">\n\t<p>Fina\u0142 Turnieju, z udzia\u0142em najlepszych 4 dru\u017cyn p\u00f3\u0142fina\u0142owych (po dwie dru\u017cyny z o\u015brodka), zostanie rozegrany 23 kwietnia 2022 w Instytucie Fizyki PAN w Warszawie. Podczas zawod\u00f3w fina\u0142owych wszystkie wyst\u0105pienia \u2013 referenta, oponenta i recenzenta \u2013 z dyskusj\u0105 w\u0142\u0105cznie odbywaj\u0105 si\u0119 w j\u0119zyku angielskim. Na podstawie wynik\u00f3w zawod\u00f3w fina\u0142owych zostanie wy\u0142oniona dru\u017cyna reprezentuj\u0105ca Polsk\u0119 w Turnieju Mi\u0119dzynarodowym.<\/p>\n<\/div>\n<\/div><\/div><div id=\"panel-2131-0-0-3\" class=\"so-panel widget widget_sow-editor panel-last-child\" data-index=\"3\" ><div\n\t\t\t\n\t\t\tclass=\"so-widget-sow-editor so-widget-sow-editor-base\"\n\t\t\t\n\t\t><h3 class=\"widget-title\">Fina\u0142y\u00a0mi\u0119dzynarodowe 2022<\/h3>\n<div class=\"siteorigin-widget-tinymce textwidget\">\n\t<p>Zawody mi\u0119dzynarodowe maj\u0105 si\u0119 odby\u0107 w <strong>Timisoara\u00a0<\/strong>w <b>Rumuni<\/b>\u00a0w dniach <strong>15<\/strong><b> lipca - 23 lipca. <\/b><\/p>\n<\/div>\n<\/div><\/div><\/div><\/div><\/div>","protected":false},"excerpt":{"rendered":"<p>Dru\u017cyny chc\u0105ce uczestniczy\u0107 w Turnieju powinny dokona\u0107 rejestracji za po\u015brednictwem strony internetowej http:\/\/tmf.ptf.net.pl\/\u00a0do dnia\u00a012 stycznia 2022 r. (w\u0142\u0105cznie). Prace na etap korespondencyjny nale\u017cy wys\u0142a\u0107 do p\u00f3\u0142nocy 23\u00a0stycznia.\u00a0Wi\u0119cej informacji na temat przygotowania prac i sposobu dostarczenia ich do komitet\u00f3w okr\u0119gowych znajduje si\u0119 na stronie\u00a0Polskiego TMF. P\u00f3\u0142fina\u0142owe zawody turniejowe odb\u0119d\u0105 si\u0119 w dw\u00f3ch okr\u0119gach: 26 marca w [&hellip;]<\/p>\n","protected":false},"author":1,"featured_media":0,"parent":0,"menu_order":0,"comment_status":"closed","ping_status":"closed","template":"","meta":{"jetpack_post_was_ever_published":false,"footnotes":""},"class_list":["post-2131","page","type-page","status-publish","hentry"],"jetpack_sharing_enabled":true,"jetpack_shortlink":"https:\/\/wp.me\/P4R8YU-yn","jetpack-related-posts":[],"jetpack_likes_enabled":true,"_links":{"self":[{"href":"https:\/\/tmfwarszawa.pl\/index.php\/wp-json\/wp\/v2\/pages\/2131","targetHints":{"allow":["GET"]}}],"collection":[{"href":"https:\/\/tmfwarszawa.pl\/index.php\/wp-json\/wp\/v2\/pages"}],"about":[{"href":"https:\/\/tmfwarszawa.pl\/index.php\/wp-json\/wp\/v2\/types\/page"}],"author":[{"embeddable":true,"href":"https:\/\/tmfwarszawa.pl\/index.php\/wp-json\/wp\/v2\/users\/1"}],"replies":[{"embeddable":true,"href":"https:\/\/tmfwarszawa.pl\/index.php\/wp-json\/wp\/v2\/comments?post=2131"}],"version-history":[{"count":3,"href":"https:\/\/tmfwarszawa.pl\/index.php\/wp-json\/wp\/v2\/pages\/2131\/revisions"}],"predecessor-version":[{"id":2187,"href":"https:\/\/tmfwarszawa.pl\/index.php\/wp-json\/wp\/v2\/pages\/2131\/revisions\/2187"}],"wp:attachment":[{"href":"https:\/\/tmfwarszawa.pl\/index.php\/wp-json\/wp\/v2\/media?parent=2131"}],"curies":[{"name":"wp","href":"https:\/\/api.w.org\/{rel}","templated":true}]}}