{"id":2186,"date":"2022-11-08T12:25:16","date_gmt":"2022-11-08T12:25:16","guid":{"rendered":"https:\/\/tmfwarszawa.pl\/?page_id=2186"},"modified":"2023-12-22T07:04:12","modified_gmt":"2023-12-22T07:04:12","slug":"terminarz-2023","status":"publish","type":"page","link":"https:\/\/tmfwarszawa.pl\/index.php\/terminarz-2023\/","title":{"rendered":"Terminarz 2023"},"content":{"rendered":"<div id=\"pl-2186\"  class=\"panel-layout\" ><div id=\"pg-2186-0\"  class=\"panel-grid panel-no-style\" ><div id=\"pgc-2186-0-0\"  class=\"panel-grid-cell\" ><div id=\"panel-2186-0-0-0\" class=\"so-panel widget widget_sow-editor panel-first-child\" data-index=\"0\" ><div\n\t\t\t\n\t\t\tclass=\"so-widget-sow-editor so-widget-sow-editor-base\"\n\t\t\t\n\t\t><h3 class=\"widget-title\">Etap korespondencyjny<\/h3>\n<div class=\"siteorigin-widget-tinymce textwidget\">\n\t<p>Dru\u017cyny chc\u0105ce uczestniczy\u0107 w Turnieju powinny dokona\u0107 rejestracji za po\u015brednictwem strony internetowej <a href=\"http:\/\/tmf.ptf.net.pl\/\">http:\/\/tmf.ptf.net.pl\/<\/a>\u00a0do dnia\u00a0<strong>10 stycznia 2023 r.<\/strong> (w\u0142\u0105cznie). Prace na etap korespondencyjny nale\u017cy wys\u0142a\u0107 do p\u00f3\u0142nocy <strong>22<\/strong> <strong>stycznia.<\/strong>\u00a0Wi\u0119cej informacji na temat przygotowania prac i sposobu dostarczenia ich do komitet\u00f3w okr\u0119gowych znajduje si\u0119 na stronie\u00a0<a href=\"http:\/\/tmf.org.pl\" target=\"_blank\" rel=\"noopener noreferrer\">Polskiego TMF.<\/a><\/p>\n<\/div>\n<\/div><\/div><div id=\"panel-2186-0-0-1\" class=\"so-panel widget widget_sow-editor\" data-index=\"1\" ><div\n\t\t\t\n\t\t\tclass=\"so-widget-sow-editor so-widget-sow-editor-base\"\n\t\t\t\n\t\t><h3 class=\"widget-title\">P\u00f3\u0142fina\u0142y<\/h3>\n<div class=\"siteorigin-widget-tinymce textwidget\">\n\t<p>P\u00f3\u0142fina\u0142owe zawody turniejowe odb\u0119d\u0105 si\u0119 w dw\u00f3ch okr\u0119gach:<\/p>\n<p>4 marca w Warszawie (Instytut Fizyki Polskiej Akademii Nauk),<\/p>\n<p>11 marca w Krakowie<\/p>\n<\/div>\n<\/div><\/div><div id=\"panel-2186-0-0-2\" class=\"so-panel widget widget_sow-editor\" data-index=\"2\" ><div\n\t\t\t\n\t\t\tclass=\"so-widget-sow-editor so-widget-sow-editor-base\"\n\t\t\t\n\t\t><h3 class=\"widget-title\">Fina\u0142y<\/h3>\n<div class=\"siteorigin-widget-tinymce textwidget\">\n\t<p>Fina\u0142 Turnieju, z udzia\u0142em najlepszych 4 dru\u017cyn p\u00f3\u0142fina\u0142owych (po dwie dru\u017cyny z o\u015brodka), zostanie rozegrany <strong>22 kwietnia<\/strong> 2023 w Instytucie Fizyki PAN w Warszawie. Podczas zawod\u00f3w fina\u0142owych wszystkie wyst\u0105pienia \u2013 referenta, oponenta i recenzenta \u2013 z dyskusj\u0105 w\u0142\u0105cznie odbywaj\u0105 si\u0119 w j\u0119zyku angielskim. Na podstawie wynik\u00f3w zawod\u00f3w fina\u0142owych zostanie wy\u0142oniona dru\u017cyna reprezentuj\u0105ca Polsk\u0119 w Turnieju Mi\u0119dzynarodowym.<\/p>\n<\/div>\n<\/div><\/div><div id=\"panel-2186-0-0-3\" class=\"so-panel widget widget_sow-editor panel-last-child\" data-index=\"3\" ><div\n\t\t\t\n\t\t\tclass=\"so-widget-sow-editor so-widget-sow-editor-base\"\n\t\t\t\n\t\t><h3 class=\"widget-title\">Fina\u0142y\u00a0mi\u0119dzynarodowe 2023<\/h3>\n<div class=\"siteorigin-widget-tinymce textwidget\">\n\t<p>Zawody mi\u0119dzynarodowe maj\u0105 si\u0119 odby\u0107 w <strong>Murree <\/strong>w <b>Pakistanie<\/b> w dniach <strong>18<\/strong><b>-25 lipca 2023. <\/b><\/p>\n<\/div>\n<\/div><\/div><\/div><\/div><\/div>","protected":false},"excerpt":{"rendered":"<p>Dru\u017cyny chc\u0105ce uczestniczy\u0107 w Turnieju powinny dokona\u0107 rejestracji za po\u015brednictwem strony internetowej http:\/\/tmf.ptf.net.pl\/\u00a0do dnia\u00a010 stycznia 2023 r. (w\u0142\u0105cznie). Prace na etap korespondencyjny nale\u017cy wys\u0142a\u0107 do p\u00f3\u0142nocy 22 stycznia.\u00a0Wi\u0119cej informacji na temat przygotowania prac i sposobu dostarczenia ich do komitet\u00f3w okr\u0119gowych znajduje si\u0119 na stronie\u00a0Polskiego TMF. P\u00f3\u0142fina\u0142owe zawody turniejowe odb\u0119d\u0105 si\u0119 w dw\u00f3ch okr\u0119gach: 4 marca [&hellip;]<\/p>\n","protected":false},"author":1,"featured_media":0,"parent":0,"menu_order":0,"comment_status":"closed","ping_status":"closed","template":"","meta":{"jetpack_post_was_ever_published":false,"footnotes":""},"class_list":["post-2186","page","type-page","status-publish","hentry"],"jetpack_sharing_enabled":true,"jetpack_shortlink":"https:\/\/wp.me\/P4R8YU-zg","jetpack-related-posts":[],"jetpack_likes_enabled":true,"_links":{"self":[{"href":"https:\/\/tmfwarszawa.pl\/index.php\/wp-json\/wp\/v2\/pages\/2186","targetHints":{"allow":["GET"]}}],"collection":[{"href":"https:\/\/tmfwarszawa.pl\/index.php\/wp-json\/wp\/v2\/pages"}],"about":[{"href":"https:\/\/tmfwarszawa.pl\/index.php\/wp-json\/wp\/v2\/types\/page"}],"author":[{"embeddable":true,"href":"https:\/\/tmfwarszawa.pl\/index.php\/wp-json\/wp\/v2\/users\/1"}],"replies":[{"embeddable":true,"href":"https:\/\/tmfwarszawa.pl\/index.php\/wp-json\/wp\/v2\/comments?post=2186"}],"version-history":[{"count":4,"href":"https:\/\/tmfwarszawa.pl\/index.php\/wp-json\/wp\/v2\/pages\/2186\/revisions"}],"predecessor-version":[{"id":2203,"href":"https:\/\/tmfwarszawa.pl\/index.php\/wp-json\/wp\/v2\/pages\/2186\/revisions\/2203"}],"wp:attachment":[{"href":"https:\/\/tmfwarszawa.pl\/index.php\/wp-json\/wp\/v2\/media?parent=2186"}],"curies":[{"name":"wp","href":"https:\/\/api.w.org\/{rel}","templated":true}]}}