{"id":219,"date":"2017-08-04T10:52:12","date_gmt":"2017-08-04T10:52:12","guid":{"rendered":"http:\/\/tmfwarszawa.pl\/?page_id=219"},"modified":"2019-02-08T00:05:42","modified_gmt":"2019-02-08T00:05:42","slug":"przykladowe-prace","status":"publish","type":"page","link":"https:\/\/tmfwarszawa.pl\/index.php\/przykladowe-prace\/","title":{"rendered":"Przyk\u0142adowe prace"},"content":{"rendered":"<div id=\"pl-219\"  class=\"panel-layout\" ><div id=\"pg-219-0\"  class=\"panel-grid panel-no-style\" ><div id=\"pgc-219-0-0\"  class=\"panel-grid-cell\" ><div id=\"panel-219-0-0-0\" class=\"so-panel widget widget_sow-editor panel-first-child panel-last-child\" data-index=\"0\" ><div\n\t\t\t\n\t\t\tclass=\"so-widget-sow-editor so-widget-sow-editor-base\"\n\t\t\t\n\t\t>\n<div class=\"siteorigin-widget-tinymce textwidget\">\n\t<p style=\"text-align: justify;\">Poni\u017cej znajduj\u0105 si\u0119 archiwalne prace nades\u0142ane przez dru\u017cyny podczas etapu korespondencyjnego.\u00a0Wi\u0119kszo\u015b\u0107 zamieszczonych prac uzyska\u0142a oceny od 7 do 10 punkt\u00f3w (znacznie powy\u017cej \u015bredniej oceny kwalifikuj\u0105cej do zawod\u00f3w p\u00f3\u0142fina\u0142owych). Instrukcj\u0119 przygotowania prac mo\u017cna znale\u017a\u0107 pod <a href=\"http:\/\/tmfwarszawa.pl\/index.php\/istrukcja-przygotowania-prac\/\">tym adresem<\/a>.<\/p>\n<\/div>\n<\/div><\/div><\/div><\/div><div id=\"pg-219-1\"  class=\"panel-grid panel-no-style\" ><div id=\"pgc-219-1-0\"  class=\"panel-grid-cell\" ><div id=\"panel-219-1-0-0\" class=\"so-panel widget widget_sow-editor panel-first-child panel-last-child\" data-index=\"1\" ><div\n\t\t\t\n\t\t\tclass=\"so-widget-sow-editor so-widget-sow-editor-base\"\n\t\t\t\n\t\t><h3 class=\"widget-title\">IYPT 2014<\/h3>\n<div class=\"siteorigin-widget-tinymce textwidget\">\n\t<p style=\"padding-left: 30px;\"><a href=\"http:\/\/tmfwarszawa.pl\/tmfwarszawa\/wp-content\/uploads\/2017\/08\/IYPT2014_1-Quark7.pdf\" target=\"_blank\" rel=\"noopener\">1. Wymy\u015bl sam<\/a><\/p>\n<p style=\"padding-left: 30px;\"><a href=\"http:\/\/tmfwarszawa.pl\/tmfwarszawa\/wp-content\/uploads\/2017\/08\/IYPT2014_Problem-nr-2.pdf\" target=\"_blank\" rel=\"noopener\">2. Hologram<\/a><\/p>\n<p style=\"padding-left: 30px;\"><a href=\"http:\/\/tmfwarszawa.pl\/tmfwarszawa\/wp-content\/uploads\/2017\/08\/IYPT2014_Problem-nr-3.pdf\" target=\"_blank\" rel=\"noopener\">3. Skr\u0119cona lina<\/a><\/p>\n<p style=\"padding-left: 30px;\"><a href=\"http:\/\/tmfwarszawa.pl\/tmfwarszawa\/wp-content\/uploads\/2017\/08\/IYPT2014_Problem-nr-5_1.pdf\" target=\"_blank\" rel=\"noopener\">5. Obci\u0105\u017cona obr\u0119cz<\/a><\/p>\n<p style=\"padding-left: 30px;\"><a href=\"http:\/\/tmfwarszawa.pl\/tmfwarszawa\/wp-content\/uploads\/2017\/08\/IYPT2014_Problem-nr-11.pdf\" target=\"_blank\" rel=\"noopener\">11. Elektrownia na \u015bwieczk\u0119<\/a><\/p>\n<\/div>\n<\/div><\/div><\/div><\/div><div id=\"pg-219-2\"  class=\"panel-grid panel-no-style\" ><div id=\"pgc-219-2-0\"  class=\"panel-grid-cell\" ><div id=\"panel-219-2-0-0\" class=\"so-panel widget widget_sow-editor panel-first-child panel-last-child\" data-index=\"2\" ><div\n\t\t\t\n\t\t\tclass=\"so-widget-sow-editor so-widget-sow-editor-base\"\n\t\t\t\n\t\t><h3 class=\"widget-title\">IYPT 2013<\/h3>\n<div class=\"siteorigin-widget-tinymce textwidget\">\n\t<p style=\"padding-left: 30px;\"><a href=\"http:\/\/tmfwarszawa.pl\/tmfwarszawa\/wp-content\/uploads\/2017\/08\/TMF2013_Probl3_SlupskaSzkolaFizykow.pdf\" target=\"_blank\" rel=\"noopener\">3. Odbijaj\u0105ca si\u0119 pi\u0142ka<\/a><\/p>\n<p style=\"padding-left: 30px;\"><a href=\"http:\/\/tmfwarszawa.pl\/tmfwarszawa\/wp-content\/uploads\/2017\/08\/TMF2013_Probl5_1LO-Wloclawek.pdf\" target=\"_blank\" rel=\"noopener\">5. Lewitacja<\/a><\/p>\n<p style=\"padding-left: 30px;\"><a href=\"http:\/\/tmfwarszawa.pl\/tmfwarszawa\/wp-content\/uploads\/2017\/08\/TMF2013_Probl10_1LO-Slupsk.pdf\" target=\"_blank\" rel=\"noopener\">10. Wznoszenie si\u0119 wody<\/a><\/p>\n<p style=\"padding-left: 30px;\"><a href=\"http:\/\/tmfwarszawa.pl\/tmfwarszawa\/wp-content\/uploads\/2017\/08\/TMF2013_Probl12_1LO-Miedzyrzecz.pdf\" target=\"_blank\" rel=\"noopener\">12. Karuzela Helmholtza<\/a><\/p>\n<p style=\"padding-left: 30px;\"><a href=\"http:\/\/tmfwarszawa.pl\/tmfwarszawa\/wp-content\/uploads\/2017\/08\/TMF2013_Probl14_32LO-Lodz.pdf\" target=\"_blank\" rel=\"noopener\">14.\u00a0Lataj\u0105cy komin<\/a><\/p>\n<\/div>\n<\/div><\/div><\/div><\/div><div id=\"pg-219-3\"  class=\"panel-grid panel-no-style\" ><div id=\"pgc-219-3-0\"  class=\"panel-grid-cell\" ><div id=\"panel-219-3-0-0\" class=\"so-panel widget widget_sow-editor panel-first-child panel-last-child\" data-index=\"3\" ><div\n\t\t\t\n\t\t\tclass=\"so-widget-sow-editor so-widget-sow-editor-base\"\n\t\t\t\n\t\t><h3 class=\"widget-title\">IYPT 2012<\/h3>\n<div class=\"siteorigin-widget-tinymce textwidget\">\n\t<p style=\"padding-left: 30px;\"><a href=\"http:\/\/tmfwarszawa.pl\/tmfwarszawa\/wp-content\/uploads\/2017\/08\/IYPT2012_1.-Dziako-magnetyczne-Gaussa.pdf\" target=\"_blank\" rel=\"noopener\">1. Dzia\u0142o Gaussa (XIV LO)<\/a><\/p>\n<p style=\"padding-left: 30px;\"><a href=\"http:\/\/tmfwarszawa.pl\/tmfwarszawa\/wp-content\/uploads\/2017\/08\/IYPT2012_Zad-2-Przecinanie_powietrza.pdf\" target=\"_blank\" rel=\"noopener\">2. Przecinanie powietrza (Delta Force)<\/a><\/p>\n<p style=\"padding-left: 30px;\"><a href=\"http:\/\/tmfwarszawa.pl\/tmfwarszawa\/wp-content\/uploads\/2017\/08\/IYPT2012_Zad-3-Lancuch_korali.pdf\" target=\"_blank\" rel=\"noopener\">3. \u0141a\u0144cuch korali (Gamma)<\/a><\/p>\n<p style=\"padding-left: 30px;\"><a href=\"http:\/\/tmfwarszawa.pl\/tmfwarszawa\/wp-content\/uploads\/2017\/08\/IYPT2012_6.-Zabawka-_dzi\u0119cio\u0142_.pdf\" target=\"_blank\" rel=\"noopener\">6. Zabawka dzi\u0119cio\u0142<\/a><\/p>\n<p style=\"padding-left: 30px;\"><a href=\"http:\/\/tmfwarszawa.pl\/tmfwarszawa\/wp-content\/uploads\/2017\/08\/IYPT2012_7.-Pineski.pdf\" target=\"_blank\" rel=\"noopener\">7. Pineski<\/a><\/p>\n<p style=\"padding-left: 30px;\"><a href=\"http:\/\/tmfwarszawa.pl\/tmfwarszawa\/wp-content\/uploads\/2017\/08\/IYPT2012_14.-Granularny-rozbryzg.pdf\" target=\"_blank\" rel=\"noopener\">14. Granularny rozbryzg (XIV LO)<\/a><\/p>\n<\/div>\n<\/div><\/div><\/div><\/div><div id=\"pg-219-4\"  class=\"panel-grid panel-no-style\" ><div id=\"pgc-219-4-0\"  class=\"panel-grid-cell\" ><div id=\"panel-219-4-0-0\" class=\"so-panel widget widget_sow-editor panel-first-child panel-last-child\" data-index=\"4\" ><div\n\t\t\t\n\t\t\tclass=\"so-widget-sow-editor so-widget-sow-editor-base\"\n\t\t\t\n\t\t><h3 class=\"widget-title\">IYPT2011<\/h3>\n<div class=\"siteorigin-widget-tinymce textwidget\">\n\t<p style=\"padding-left: 30px;\"><a href=\"http:\/\/tmfwarszawa.pl\/tmfwarszawa\/wp-content\/uploads\/2017\/08\/IYPT2011_12.-Lewituj\u0105cy-B\u0105czek.pdf\" target=\"_blank\" rel=\"noopener\">12. Lewituj\u0105cy b\u0105czek<\/a><\/p>\n<\/div>\n<\/div><\/div><\/div><\/div><\/div>","protected":false},"excerpt":{"rendered":"<p>Poni\u017cej znajduj\u0105 si\u0119 archiwalne prace nades\u0142ane przez dru\u017cyny podczas etapu korespondencyjnego.\u00a0Wi\u0119kszo\u015b\u0107 zamieszczonych prac uzyska\u0142a oceny od 7 do 10 punkt\u00f3w (znacznie powy\u017cej \u015bredniej oceny kwalifikuj\u0105cej do zawod\u00f3w p\u00f3\u0142fina\u0142owych). Instrukcj\u0119 przygotowania prac mo\u017cna znale\u017a\u0107 pod tym adresem. 1. Wymy\u015bl sam 2. Hologram 3. Skr\u0119cona lina 5. Obci\u0105\u017cona obr\u0119cz 11. Elektrownia na \u015bwieczk\u0119<\/p>\n","protected":false},"author":1,"featured_media":0,"parent":0,"menu_order":0,"comment_status":"closed","ping_status":"closed","template":"","meta":{"jetpack_post_was_ever_published":false,"footnotes":""},"class_list":["post-219","page","type-page","status-publish","hentry"],"jetpack_sharing_enabled":true,"jetpack_shortlink":"https:\/\/wp.me\/P4R8YU-3x","jetpack-related-posts":[],"jetpack_likes_enabled":true,"_links":{"self":[{"href":"https:\/\/tmfwarszawa.pl\/index.php\/wp-json\/wp\/v2\/pages\/219","targetHints":{"allow":["GET"]}}],"collection":[{"href":"https:\/\/tmfwarszawa.pl\/index.php\/wp-json\/wp\/v2\/pages"}],"about":[{"href":"https:\/\/tmfwarszawa.pl\/index.php\/wp-json\/wp\/v2\/types\/page"}],"author":[{"embeddable":true,"href":"https:\/\/tmfwarszawa.pl\/index.php\/wp-json\/wp\/v2\/users\/1"}],"replies":[{"embeddable":true,"href":"https:\/\/tmfwarszawa.pl\/index.php\/wp-json\/wp\/v2\/comments?post=219"}],"version-history":[{"count":33,"href":"https:\/\/tmfwarszawa.pl\/index.php\/wp-json\/wp\/v2\/pages\/219\/revisions"}],"predecessor-version":[{"id":1564,"href":"https:\/\/tmfwarszawa.pl\/index.php\/wp-json\/wp\/v2\/pages\/219\/revisions\/1564"}],"wp:attachment":[{"href":"https:\/\/tmfwarszawa.pl\/index.php\/wp-json\/wp\/v2\/media?parent=219"}],"curies":[{"name":"wp","href":"https:\/\/api.w.org\/{rel}","templated":true}]}}