{"id":2191,"date":"2023-02-16T09:20:50","date_gmt":"2023-02-16T09:20:50","guid":{"rendered":"https:\/\/tmfwarszawa.pl\/?page_id=2191"},"modified":"2023-08-06T11:32:18","modified_gmt":"2023-08-06T11:32:18","slug":"wyniki-2023","status":"publish","type":"page","link":"https:\/\/tmfwarszawa.pl\/index.php\/wyniki-2023\/","title":{"rendered":"Wyniki 2023"},"content":{"rendered":"\n<h4 class=\"wp-block-heading\">Etap korespondencyjny (22 stycznia 2023):<\/h4>\n\n\n\n<figure class=\"wp-block-table\"><table  class=\" table table-hover\" ><tbody><tr><td><strong>Miejsce<\/strong><\/td><td><strong>God\u0142o<\/strong><\/td><td><strong>Nazwa<\/strong> <strong>dru\u017cyny<\/strong><\/td><td><strong>Punkty<\/strong><\/td><\/tr><tr><td>1<\/td><td>Fenix<\/td><td>Klub Naukowy Fenix w Warszawie<\/td><td>139<\/td><\/tr><tr><td>2<\/td><td>SAGREA<\/td><td>Akademickie Liceum Og\u00f3lnokszta\u0142c\u0105ce Politechniki Wroc\u0142awskiej<\/td><td>117<\/td><\/tr><tr><td>3<\/td><td>Chrzaszcze<\/td><td>Akademickie Liceum Og\u00f3lnokszta\u0142c\u0105ce Politechniki Wroc\u0142awskiej<\/td><td>105<\/td><\/tr><tr><td>4<\/td><td>KNFToru\u0144<\/td><td>IV Liceum Og\u00f3lnokszta\u0142c\u0105ce im. Tadeusza Ko\u015bciuszki w Toruniu<\/td><td>92<\/td><\/tr><tr><td>5<\/td><td>Bazyliszek<\/td><td>V Liceum Og\u00f3lnokszta\u0142c\u0105ce im. Augusta Witkowskiego w Krakowie<\/td><td>73<\/td><\/tr><tr><td>6<\/td><td>Alset<\/td><td>XLII Liceum Og\u00f3lnokszta\u0142c\u0105ce im. Adama Mickiewicza w Krakowie<\/td><td>64<\/td><\/tr><tr><td>7<\/td><td>Atom\u00f3wki<\/td><td>III Liceum Og\u00f3lnokszta\u0142c\u0105ce im. Adama Mickiewicza w Katowicach<\/td><td>55<\/td><\/tr><tr><td>7<\/td><td>Kangurki<\/td><td>III Liceum Og\u00f3lnokszta\u0142c\u0105ce im. Adama Mickiewicza w Katowicach<\/td><td>55<\/td><\/tr><\/tbody><\/table><\/figure>\n\n\n\n<p>Do p\u00f3\u0142fina\u0142owych zawod\u00f3w turniejowych zosta\u0142o zakwalifikowane pierwsze sze\u015b\u0107 dru\u017cyn.<\/p>\n\n\n\n<h4 class=\"wp-block-heading\">P\u00f3\u0142fina\u0142y Warszawa (4 marca 2023):<\/h4>\n\n\n\n<figure class=\"wp-block-table\"><table  class=\" table table-hover\" ><tbody><tr><td><strong>Miejsce<\/strong><\/td><td><strong>God\u0142o<\/strong><\/td><td><strong>Nazwa dru\u017cyny<\/strong><\/td><td><strong>Punkty<\/strong><\/td><\/tr><tr><td>1<\/td><td>Fenix<\/td><td>Klub Naukowy Fenix w Warszawie<\/td><td>98.1<\/td><\/tr><tr><td>2<\/td><td>SAGREA<\/td><td>Akademickie Liceum Og\u00f3lnokszta\u0142c\u0105ce Politechniki Wroc\u0142awskiej<\/td><td>89.9<\/td><\/tr><tr><td>3<\/td><td>KNFToru\u0144<\/td><td>IV Liceum Og\u00f3lnokszta\u0142c\u0105ce im. Tadeusza Ko\u015bciuszki w Toruniu<\/td><td>85<\/td><\/tr><\/tbody><\/table><\/figure>\n\n\n\n<h4 class=\"wp-block-heading\">P\u00f3\u0142fina\u0142y Krak\u00f3w (11 marca 2023):<\/h4>\n\n\n\n<figure class=\"wp-block-table\"><table  class=\" table table-hover\" ><tbody><tr><td><strong>Miejsce<\/strong><\/td><td><strong>God\u0142o<\/strong><\/td><td><strong>Nazwa dru\u017cyny<\/strong><\/td><td><strong>Punkty<\/strong><\/td><\/tr><tr><td>1<\/td><td>Chrzaszcze<\/td><td>Akademickie Liceum Og\u00f3lnokszta\u0142c\u0105ce Politechniki Wroc\u0142awskiej<\/td><td>87.7<\/td><\/tr><tr><td>2<\/td><td>Bazyliszek<\/td><td>V Liceum Og\u00f3lnokszta\u0142c\u0105ce im. Augusta Witkowskiego w Krakowie<\/td><td>77.4<\/td><\/tr><tr><td>3<\/td><td>Alset<\/td><td>XLII Liceum Og\u00f3lnokszta\u0142c\u0105ce im. Adama Mickiewicza w Krakowie<\/td><td>64.2<\/td><\/tr><\/tbody><\/table><\/figure>\n\n\n\n<p><strong>Fina\u0142y Warszawa (22 kwietnia 2023):<\/strong><\/p>\n\n\n\n<figure class=\"wp-block-table\"><table  class=\" table table-hover\" ><tbody><tr><td><strong>Miejsce<\/strong><\/td><td><strong>God\u0142o<\/strong><\/td><td><strong>Nazwa dru\u017cyny<\/strong><\/td><td><strong>Punkty<\/strong><\/td><\/tr><tr><td>1<\/td><td>Fenix<\/td><td>Klub Naukowy Fenix w Warszawie<\/td><td>101.7<\/td><\/tr><tr><td>2<\/td><td>SAGREA<\/td><td>Akademickie Liceum Og\u00f3lnokszta\u0142c\u0105ce Politechniki Wroc\u0142awskiej<\/td><td>100.0<\/td><\/tr><tr><td>3<\/td><td>Chrzaszcze<\/td><td>Akademickie Liceum Og\u00f3lnokszta\u0142c\u0105ce Politechniki Wroc\u0142awskiej<\/td><td>79.6<\/td><\/tr><tr><td>4<\/td><td>Bazyliszek<\/td><td>V Liceum Og\u00f3lnokszta\u0142c\u0105ce im. Augusta Witkowskiego w Krakowie<\/td><td>76.3<\/td><\/tr><\/tbody><\/table><\/figure>\n\n\n\n<p><strong>Fina\u0142y IYPT 2023:<\/strong><\/p>\n\n\n\n<figure class=\"wp-block-image size-full\"><img data-recalc-dims=\"1\" loading=\"lazy\" decoding=\"async\" width=\"648\" height=\"486\" data-attachment-id=\"2222\" data-permalink=\"https:\/\/tmfwarszawa.pl\/index.php\/wyniki-2023\/received_966269464696576\/\" data-orig-file=\"https:\/\/i0.wp.com\/tmfwarszawa.pl\/wp-content\/uploads\/2023\/08\/received_966269464696576.jpeg?fit=2048%2C1536&amp;ssl=1\" data-orig-size=\"2048,1536\" data-comments-opened=\"0\" data-image-meta=\"{&quot;aperture&quot;:&quot;0&quot;,&quot;credit&quot;:&quot;&quot;,&quot;camera&quot;:&quot;&quot;,&quot;caption&quot;:&quot;&quot;,&quot;created_timestamp&quot;:&quot;0&quot;,&quot;copyright&quot;:&quot;&quot;,&quot;focal_length&quot;:&quot;0&quot;,&quot;iso&quot;:&quot;0&quot;,&quot;shutter_speed&quot;:&quot;0&quot;,&quot;title&quot;:&quot;&quot;,&quot;orientation&quot;:&quot;0&quot;}\" data-image-title=\"received_966269464696576\" data-image-description=\"\" data-image-caption=\"\" data-medium-file=\"https:\/\/i0.wp.com\/tmfwarszawa.pl\/wp-content\/uploads\/2023\/08\/received_966269464696576.jpeg?fit=300%2C225&amp;ssl=1\" data-large-file=\"https:\/\/i0.wp.com\/tmfwarszawa.pl\/wp-content\/uploads\/2023\/08\/received_966269464696576.jpeg?fit=648%2C486&amp;ssl=1\" src=\"https:\/\/i0.wp.com\/tmfwarszawa.pl\/wp-content\/uploads\/2023\/08\/received_966269464696576.jpeg?resize=648%2C486&#038;ssl=1\" alt=\"\" class=\"wp-image-2222\"\/><\/figure>\n\n\n\n<p>Reprezentacja Polski zwyci\u0119\u017cy\u0142a w zawodach mi\u0119dzynarodowego Turnieju M\u0142odych Fizyk\u00f3w 2023, zdobywaj\u0105c puchar oraz z\u0142oty medal. W sk\u0142adzie: Pawe\u0142 Ptaszek (kapitan), Jakub Sobo\u0144, Maksymilian Ogiela, Malwina G\u00f3rska, Szymon Markiewicz, wraz z opiekunami: \u0141ukasz G\u0142adczuk, Radost Waszkiewicz, Jan Turczynowicz, Zofia Dziekan.<\/p>\n","protected":false},"excerpt":{"rendered":"<p>Etap korespondencyjny (22 stycznia 2023): Miejsce God\u0142o Nazwa dru\u017cyny Punkty 1 Fenix Klub Naukowy Fenix w Warszawie 139 2 SAGREA Akademickie Liceum Og\u00f3lnokszta\u0142c\u0105ce Politechniki Wroc\u0142awskiej 117 3 Chrzaszcze Akademickie Liceum Og\u00f3lnokszta\u0142c\u0105ce Politechniki Wroc\u0142awskiej 105 4 KNFToru\u0144 IV Liceum Og\u00f3lnokszta\u0142c\u0105ce im. Tadeusza Ko\u015bciuszki w Toruniu 92 5 Bazyliszek V Liceum Og\u00f3lnokszta\u0142c\u0105ce im. Augusta Witkowskiego w Krakowie [&hellip;]<\/p>\n","protected":false},"author":1,"featured_media":0,"parent":0,"menu_order":0,"comment_status":"closed","ping_status":"closed","template":"","meta":{"jetpack_post_was_ever_published":false,"footnotes":""},"class_list":["post-2191","page","type-page","status-publish","hentry"],"jetpack_sharing_enabled":true,"jetpack_shortlink":"https:\/\/wp.me\/P4R8YU-zl","jetpack-related-posts":[],"jetpack_likes_enabled":true,"_links":{"self":[{"href":"https:\/\/tmfwarszawa.pl\/index.php\/wp-json\/wp\/v2\/pages\/2191","targetHints":{"allow":["GET"]}}],"collection":[{"href":"https:\/\/tmfwarszawa.pl\/index.php\/wp-json\/wp\/v2\/pages"}],"about":[{"href":"https:\/\/tmfwarszawa.pl\/index.php\/wp-json\/wp\/v2\/types\/page"}],"author":[{"embeddable":true,"href":"https:\/\/tmfwarszawa.pl\/index.php\/wp-json\/wp\/v2\/users\/1"}],"replies":[{"embeddable":true,"href":"https:\/\/tmfwarszawa.pl\/index.php\/wp-json\/wp\/v2\/comments?post=2191"}],"version-history":[{"count":5,"href":"https:\/\/tmfwarszawa.pl\/index.php\/wp-json\/wp\/v2\/pages\/2191\/revisions"}],"predecessor-version":[{"id":2223,"href":"https:\/\/tmfwarszawa.pl\/index.php\/wp-json\/wp\/v2\/pages\/2191\/revisions\/2223"}],"wp:attachment":[{"href":"https:\/\/tmfwarszawa.pl\/index.php\/wp-json\/wp\/v2\/media?parent=2191"}],"curies":[{"name":"wp","href":"https:\/\/api.w.org\/{rel}","templated":true}]}}