{"id":2253,"date":"2023-10-04T11:22:32","date_gmt":"2023-10-04T11:22:32","guid":{"rendered":"https:\/\/tmfwarszawa.pl\/?page_id=2253"},"modified":"2023-10-04T11:28:03","modified_gmt":"2023-10-04T11:28:03","slug":"2253-2","status":"publish","type":"page","link":"https:\/\/tmfwarszawa.pl\/index.php\/2253-2\/","title":{"rendered":"Zadania 2024 (pol)"},"content":{"rendered":"<p><strong>1. Wymy\u015bl sam<\/strong><br \/>\nU\u017cyj pojemnik (np. pude\u0142ko po zapa\u0142kach) wype\u0142niony identycznymi przedmiotami (np. zapa\u0142kami, kulkami itp.). Znajd\u017a metod\u0119 okre\u015blenia liczby przedmiot\u00f3w w pojemniku, kt\u00f3ra korzysta wy\u0142\u0105cznie z d\u017awi\u0119ku powstaj\u0105cego podczas jego potrz\u0105sania. Zbadaj, w jaki spos\u00f3b w\u0142a\u015bciwo\u015bci pojemnika, znajduj\u0105cych si\u0119 w nim przedmiot\u00f3w i g\u0119sto\u015b\u0107 ich upakowania wp\u0142ywaj\u0105 na dok\u0142adno\u015b\u0107 wyniku pomiaru.<\/p>\n<p><strong>2. Kropelkowy mikroskop<\/strong><br \/>\nPojedyncza kropelka wody umieszczona na szklanej powierzchni mo\u017ce zachowywa\u0107 si\u0119 jak soczewka optyczna. Zbadaj powi\u0119kszanie i rozdzielczo\u015b\u0107 optyczn\u0105 takiej soczewki.<\/p>\n<p><strong>3. Chodz\u0105ca drabina<\/strong><br \/>\nZbuduj sztywny chodzik o czterech nogach (np. w kszta\u0142cie drabiny). Taka zabawka mo\u017ce \u2018schodzi\u0107\u2019 po r\u00f3wni pochy\u0142ej. Zbadaj wp\u0142yw geometrii chodzika i istotnych jego parametr\u00f3w na pr\u0119dko\u015b\u0107 graniczn\u0105 z jak\u0105 si\u0119 porusza.<\/p>\n<p><strong>4. Strzelanie gumk\u0105 recepturk\u0105<br \/>\n<\/strong>Gumka mo\u017ce polecie\u0107 dalej, je\u015bli przed wystrzeleniem jest nier\u00f3wnomiernie rozci\u0105gni\u0119ta, co sprawia, \u017ce pod-czas lotu wiruje. Zoptymalizuj uk\u0142ad, tak aby wiruj\u0105ca gumka polecia\u0142a jak najdalej.<\/p>\n<p><strong>5. Pingpongowa rakieta<\/strong><br \/>\nUmie\u015b\u0107 pi\u0142eczk\u0119 pingpongow\u0105 w pojemniku z wod\u0105. Gdy upu\u015bcisz pojemnik, pi\u0142ka mo\u017ce wystrzeli\u0107 na znaczn\u0105 wysoko\u015b\u0107. Jak\u0105 maksymaln\u0105 wysoko\u015b\u0107 mo\u017ce osi\u0105gn\u0105\u0107 pi\u0142eczka je\u015bli w pojemniku jest nie wi\u0119cej ni\u017c 2 litry wody.<\/p>\n<p><strong>6. Bezkontaktowa rezystancja<\/strong><br \/>\nZachowanie obwodu LRC zasilanego przez \u017ar\u00f3d\u0142o pr\u0105du przemiennego mo\u017cna zmieni\u0107 poprzez w\u0142o\u017cenie do cewki niemagnetycznego metalowego lub ferromagnetycznego pr\u0119ta. W jaki spos\u00f3b mo\u017cna okre\u015bli\u0107 w\u0142a\u015bciwo\u015bci magnetyczne i elektryczne w\u0142o\u017conego pr\u0119ta na podstawie odpowiedzi obwodu?<\/p>\n<p><strong>7. P\u0142yta d\u017awi\u0119kowa<\/strong><br \/>\nGdy du\u017ca, cienka i elastyczna p\u0142yta (np. plastikowa, metalowa lub z pleksi) zostanie wygi\u0119ta, mo\u017ce wydawa\u0107 g\u0142o\u015bny i nietypowy d\u017awi\u0119k przypominaj\u0105cy \u201cwycie\u201d. Zbadaj i wyja\u015bnij to zjawisko.<\/p>\n<p><strong>8. Kolejna lewitacja magnetyczna<br \/>\n<\/strong>Umie\u015b\u0107 du\u017cy magnes w kszta\u0142cie dysku na niemagnetycznej przewodz\u0105cej p\u0142ytce. Gdy mniejszy magnes jest przemieszczany pod p\u0142ytk\u0105, to w pewnych warunkach, magnes nad p\u0142ytk\u0105 mo\u017ce lewitowa\u0107. Zbadaj lewitacj\u0119 i mo\u017cliwy ruch g\u00f3rnego magnesu.<\/p>\n<p><strong>9. Owocowe ogniwo s\u0142oneczne<\/strong><br \/>\nOgniwo s\u0142oneczne mo\u017cna skonstruowa\u0107 za pomoc\u0105 przewodz\u0105cych szkie\u0142ek laboratoryjnych, jodu, soku (np. z je\u017cyn) i dwutlenku tytanu. Ten typ ogniwa nazywa si\u0119 ogniwem Gr\u00e4tzel. Zbuduj takie ogniwo i zbadaj para-metry warunkuj\u0105ce uzyskanie maksymalnej sprawno\u015bci.<\/p>\n<p><strong>10. Magnetyczne ko\u0142o z\u0119bate<\/strong><br \/>\nWe\u017a kilka identycznych fidget spinner\u00f3w i przymocuj magnesy neodymowe do ich ko\u0144c\u00f3wek. Je\u015bli umie\u015bcisz je obok siebie na p\u0142aszczy\u017anie i wprawisz w ruch jeden z nich, pozosta\u0142e zaczn\u0105 si\u0119 tak\u017ce obraca\u0107 tylko pod wp\u0142ywem pola magnetycznego. Zbadaj i wyja\u015bnij to zjawisko.<\/p>\n<p><strong>11. Pompa s\u0142omkowa<\/strong><br \/>\nProst\u0105 pomp\u0119 wodn\u0105 mo\u017cna zbudowa\u0107 przy u\u017cyciu s\u0142omki wygi\u0119tej w kszta\u0142t tr\u00f3jk\u0105ta i rozci\u0119tej na wierzcho\u0142kach. Gdy taki tr\u00f3jk\u0105t zostanie cz\u0119\u015bciowo zanurzony w wodzie jednym ze swoich wierzcho\u0142k\u00f3w i obr\u00f3cony wok\u00f3\u0142 pionowej osi wychodz\u0105cej z zanurzonego wierzcho\u0142ka, woda mo\u017ce zacz\u0105\u0107 p\u0142yn\u0105\u0107 w g\u00f3r\u0119 przez s\u0142omk\u0119. Zbadaj, jak geometria i inne istotne para-metry konstrukcji wp\u0142ywaj\u0105 na szybko\u015b\u0107 pompowania.<\/p>\n<p><strong>12. Mydlana spirala<\/strong><br \/>\nZanurz \u015bci\u015bni\u0119t\u0105 spr\u0119\u017cynk\u0119 slinky w roztworze myd\u0142a nast\u0119pnie wyci\u0105gnij j\u0105 i wyprostuj. Pomi\u0119dzy zwojami slinky tworzy si\u0119 b\u0142ona mydlana. Je\u015bli przerwiesz b\u0142on\u0119, kraw\u0119d\u017a b\u0142ony zacznie si\u0119 porusza\u0107. Wyja\u015bnij to zjawisko i zbadaj ruch kraw\u0119dzi mydlanej b\u0142ony.<\/p>\n<p><strong>13. Miernik \u0142adunku<br \/>\n<\/strong>Lekka kulka jest zawieszona na nitce mi\u0119dzy dwiema na\u0142adowanymi elektrycznie p\u0142ytami. Je\u015bli kulka jest r\u00f3wnie\u017c na\u0142adowana to odchyli si\u0119 ona o pewien k\u0105t stron\u0119 jednej z p\u0142yt. Z jak\u0105 dok\u0142adno\u015bci\u0105 mo\u017cna zmierzy\u0107 wielko\u015b\u0107 \u0142adunku elektrycznego na pi\u0142ce przy u\u017cyciu takiego urz\u0105dzenia? Zoptymalizuj swoje urz\u0105dzenie, aby mierzy\u0107 najmniejszy mo\u017cliwy \u0142adunek na pi\u0142ce.<\/p>\n<p><strong>14. Trik z linijk\u0105<br \/>\n<\/strong>Umie\u015b\u0107 linijk\u0119 na kraw\u0119dzi sto\u0142u i rzu\u0107 pi\u0142k\u0119 na jej wolny koniec. Linijka upadnie na pod\u0142og\u0119. Je\u015bli jednak przykryjesz cz\u0119\u015b\u0107 linijki kawa\u0142kiem papieru i powt\u00f3rzysz rzut, to linijka pozostanie na stole, a pi\u0142ka si\u0119 od niej odbije. Wyja\u015bnij to zjawisko i zbadaj istotne parametry.<\/p>\n<p><strong>15. Mokry zw\u00f3j<\/strong><br \/>\nDelikatnie po\u0142\u00f3\u017c kawa\u0142ek kalki technicznej na powierzchni wody. Kalka szybko zwinie si\u0119 w zw\u00f3j, a nast\u0119pnie powoli si\u0119 rozprostuje. Zbadaj i wyja\u015bnij to zjawisko.<\/p>\n<p><strong>16. Poduszkowa katapulta<\/strong><br \/>\nUmie\u015b\u0107 przedmiot na du\u017cej dmuchanej poduszce i upu\u015b\u0107 kilka innych przedmiot\u00f3w w taki spos\u00f3b, aby pierwszy zosta\u0142 katapultowany. Zbadaj, jak pr\u0119dko\u015b\u0107 pocz\u0105tkowa przedmiotu zale\u017cy od istotnych parametr\u00f3w.<\/p>\n<p><strong>17. Kwantowy \u015bciemniacz \u015bwiat\u0142a<\/strong><br \/>\nJe\u015bli umie\u015bcisz p\u0142omie\u0144, do kt\u00f3rego dodano s\u00f3l kuchenn\u0105 przed lamp\u0105 sodow\u0105, p\u0142omie\u0144 taki rzuca cie\u0144. Cie\u0144 mo\u017ce sta\u0107 si\u0119 ja\u015bniejszy, je\u015bli p\u0142omie\u0144 zostanie umieszczony w silnym polu magnetycznym. Zbadaj i wyja\u015bnij to zjawisko.<\/p>\n<p style=\"text-align: right;\"><a href=\"https:\/\/tmfwarszawa.pl\/wp-content\/uploads\/2023\/10\/Zadania-TMF2024.pdf\">Pobierz PDF<\/a><\/p>\n","protected":false},"excerpt":{"rendered":"<p>1. Wymy\u015bl sam U\u017cyj pojemnik (np. pude\u0142ko po zapa\u0142kach) wype\u0142niony identycznymi przedmiotami (np. zapa\u0142kami, kulkami itp.). Znajd\u017a metod\u0119 okre\u015blenia liczby przedmiot\u00f3w w pojemniku, kt\u00f3ra korzysta wy\u0142\u0105cznie z d\u017awi\u0119ku powstaj\u0105cego podczas jego potrz\u0105sania. Zbadaj, w jaki spos\u00f3b w\u0142a\u015bciwo\u015bci pojemnika, znajduj\u0105cych si\u0119 w nim przedmiot\u00f3w i g\u0119sto\u015b\u0107 ich upakowania wp\u0142ywaj\u0105 na dok\u0142adno\u015b\u0107 wyniku pomiaru. 2. Kropelkowy mikroskop [&hellip;]<\/p>\n","protected":false},"author":1,"featured_media":0,"parent":0,"menu_order":0,"comment_status":"closed","ping_status":"closed","template":"","meta":{"jetpack_post_was_ever_published":false,"footnotes":""},"class_list":["post-2253","page","type-page","status-publish","hentry"],"jetpack_sharing_enabled":true,"jetpack_shortlink":"https:\/\/wp.me\/P4R8YU-Al","jetpack-related-posts":[],"jetpack_likes_enabled":true,"_links":{"self":[{"href":"https:\/\/tmfwarszawa.pl\/index.php\/wp-json\/wp\/v2\/pages\/2253","targetHints":{"allow":["GET"]}}],"collection":[{"href":"https:\/\/tmfwarszawa.pl\/index.php\/wp-json\/wp\/v2\/pages"}],"about":[{"href":"https:\/\/tmfwarszawa.pl\/index.php\/wp-json\/wp\/v2\/types\/page"}],"author":[{"embeddable":true,"href":"https:\/\/tmfwarszawa.pl\/index.php\/wp-json\/wp\/v2\/users\/1"}],"replies":[{"embeddable":true,"href":"https:\/\/tmfwarszawa.pl\/index.php\/wp-json\/wp\/v2\/comments?post=2253"}],"version-history":[{"count":5,"href":"https:\/\/tmfwarszawa.pl\/index.php\/wp-json\/wp\/v2\/pages\/2253\/revisions"}],"predecessor-version":[{"id":2307,"href":"https:\/\/tmfwarszawa.pl\/index.php\/wp-json\/wp\/v2\/pages\/2253\/revisions\/2307"}],"wp:attachment":[{"href":"https:\/\/tmfwarszawa.pl\/index.php\/wp-json\/wp\/v2\/media?parent=2253"}],"curies":[{"name":"wp","href":"https:\/\/api.w.org\/{rel}","templated":true}]}}