{"id":2265,"date":"2023-12-22T07:03:25","date_gmt":"2023-12-22T07:03:25","guid":{"rendered":"https:\/\/tmfwarszawa.pl\/?page_id=2265"},"modified":"2023-12-22T07:07:20","modified_gmt":"2023-12-22T07:07:20","slug":"terminarz-2024","status":"publish","type":"page","link":"https:\/\/tmfwarszawa.pl\/index.php\/terminarz-2024\/","title":{"rendered":"Terminarz 2024"},"content":{"rendered":"<div id=\"pl-2265\"  class=\"panel-layout\" ><div id=\"pg-2265-0\"  class=\"panel-grid panel-no-style\" ><div id=\"pgc-2265-0-0\"  class=\"panel-grid-cell\" ><div id=\"panel-2265-0-0-0\" class=\"so-panel widget widget_sow-editor panel-first-child\" data-index=\"0\" ><div\n\t\t\t\n\t\t\tclass=\"so-widget-sow-editor so-widget-sow-editor-base\"\n\t\t\t\n\t\t><h3 class=\"widget-title\">Etap korespondencyjny<\/h3>\n<div class=\"siteorigin-widget-tinymce textwidget\">\n\t<p>Dru\u017cyny zainteresowane udzia\u0142em w Turnieju powinny zarejestrowa\u0107 si\u0119 na stronie internetowej <a href=\"http:\/\/tmf.ptf.net.pl\/\" target=\"_new\" rel=\"noopener\">http:\/\/tmf.ptf.net.pl\/<\/a> najp\u00f3\u017aniej do <strong>15 stycznia 2024<\/strong> roku (w\u0142\u0105cznie). Prace na etap korespondencyjny nale\u017cy wys\u0142a\u0107 do p\u00f3\u0142nocy <strong>30 stycznia<\/strong>. Szczeg\u00f3\u0142owe informacje dotycz\u0105ce przygotowania prac i sposobu ich dostarczenia do komitet\u00f3w okr\u0119gowych znajduj\u0105 si\u0119 na stronie <a href=\"http:\/\/tmf.org.pl\" target=\"_blank\" rel=\"noopener noreferrer\">Polskiego TMF.<\/a><\/p>\n<\/div>\n<\/div><\/div><div id=\"panel-2265-0-0-1\" class=\"so-panel widget widget_sow-editor\" data-index=\"1\" ><div\n\t\t\t\n\t\t\tclass=\"so-widget-sow-editor so-widget-sow-editor-base\"\n\t\t\t\n\t\t><h3 class=\"widget-title\">P\u00f3\u0142fina\u0142y<\/h3>\n<div class=\"siteorigin-widget-tinymce textwidget\">\n\t<div class=\"flex flex-grow flex-col max-w-full\">\n<div class=\"min-h-[20px] text-message flex flex-col items-start gap-3 whitespace-pre-wrap break-words [.text-message+&amp;]:mt-5 overflow-x-auto\" data-message-author-role=\"assistant\" data-message-id=\"967de8fa-176a-4d8c-819e-810816ce499d\">\n<div class=\"markdown prose w-full break-words dark:prose-invert dark\">\n<p>P\u00f3\u0142fina\u0142owe zawody turniejowe odb\u0119d\u0105 si\u0119 w dw\u00f3ch okr\u0119gach:<\/p>\n<ul>\n<li>9 marca w Warszawie, w Instytucie Fizyki Polskiej Akademii Nauk,<\/li>\n<li>Data do ustalenia (TBA) we Wroc\u0142awiu.<\/li>\n<\/ul>\n<\/div>\n<\/div>\n<\/div>\n<\/div>\n<\/div><\/div><div id=\"panel-2265-0-0-2\" class=\"so-panel widget widget_sow-editor\" data-index=\"2\" ><div\n\t\t\t\n\t\t\tclass=\"so-widget-sow-editor so-widget-sow-editor-base\"\n\t\t\t\n\t\t><h3 class=\"widget-title\">Fina\u0142y<\/h3>\n<div class=\"siteorigin-widget-tinymce textwidget\">\n\t<p>Fina\u0142 Turnieju, z udzia\u0142em czterech najlepszych dru\u017cyn z p\u00f3\u0142fina\u0142\u00f3w (po dwie dru\u017cyny z ka\u017cdego o\u015brodka), zostanie rozegrany <strong>20 kwietnia 2024<\/strong> roku w Instytucie Fizyki PAN w Warszawie. Podczas fina\u0142\u00f3w wszystkie prezentacje \u2013 wyst\u0105pienia referenta, oponenta i recenzenta, wraz z dyskusj\u0105 \u2013 b\u0119d\u0105 prowadzone w j\u0119zyku angielskim. Na podstawie wynik\u00f3w fina\u0142owych zawod\u00f3w zostanie wy\u0142oniona dru\u017cyna reprezentuj\u0105ca Polsk\u0119 w Mi\u0119dzynarodowym Turnieju.<\/p>\n<\/div>\n<\/div><\/div><div id=\"panel-2265-0-0-3\" class=\"so-panel widget widget_sow-editor panel-last-child\" data-index=\"3\" ><div\n\t\t\t\n\t\t\tclass=\"so-widget-sow-editor so-widget-sow-editor-base\"\n\t\t\t\n\t\t><h3 class=\"widget-title\">Fina\u0142y\u00a0mi\u0119dzynarodowe 2024<\/h3>\n<div class=\"siteorigin-widget-tinymce textwidget\">\n\t<p>Zawody mi\u0119dzynarodowe odb\u0119d\u0105 si\u0119 w <strong>Budapeszcie<\/strong> na <strong>W\u0119grzech<\/strong> w dniach od <strong>10 do 17 lipca<\/strong> 2024 roku.<\/p>\n<\/div>\n<\/div><\/div><\/div><\/div><\/div>","protected":false},"excerpt":{"rendered":"<p>Dru\u017cyny zainteresowane udzia\u0142em w Turnieju powinny zarejestrowa\u0107 si\u0119 na stronie internetowej http:\/\/tmf.ptf.net.pl\/ najp\u00f3\u017aniej do 15 stycznia 2024 roku (w\u0142\u0105cznie). Prace na etap korespondencyjny nale\u017cy wys\u0142a\u0107 do p\u00f3\u0142nocy 30 stycznia. Szczeg\u00f3\u0142owe informacje dotycz\u0105ce przygotowania prac i sposobu ich dostarczenia do komitet\u00f3w okr\u0119gowych znajduj\u0105 si\u0119 na stronie Polskiego TMF. P\u00f3\u0142fina\u0142owe zawody turniejowe odb\u0119d\u0105 si\u0119 w dw\u00f3ch okr\u0119gach: [&hellip;]<\/p>\n","protected":false},"author":1,"featured_media":0,"parent":0,"menu_order":0,"comment_status":"closed","ping_status":"closed","template":"","meta":{"jetpack_post_was_ever_published":false,"footnotes":""},"class_list":["post-2265","page","type-page","status-publish","hentry"],"jetpack_sharing_enabled":true,"jetpack_shortlink":"https:\/\/wp.me\/P4R8YU-Ax","jetpack-related-posts":[],"jetpack_likes_enabled":true,"_links":{"self":[{"href":"https:\/\/tmfwarszawa.pl\/index.php\/wp-json\/wp\/v2\/pages\/2265","targetHints":{"allow":["GET"]}}],"collection":[{"href":"https:\/\/tmfwarszawa.pl\/index.php\/wp-json\/wp\/v2\/pages"}],"about":[{"href":"https:\/\/tmfwarszawa.pl\/index.php\/wp-json\/wp\/v2\/types\/page"}],"author":[{"embeddable":true,"href":"https:\/\/tmfwarszawa.pl\/index.php\/wp-json\/wp\/v2\/users\/1"}],"replies":[{"embeddable":true,"href":"https:\/\/tmfwarszawa.pl\/index.php\/wp-json\/wp\/v2\/comments?post=2265"}],"version-history":[{"count":3,"href":"https:\/\/tmfwarszawa.pl\/index.php\/wp-json\/wp\/v2\/pages\/2265\/revisions"}],"predecessor-version":[{"id":2270,"href":"https:\/\/tmfwarszawa.pl\/index.php\/wp-json\/wp\/v2\/pages\/2265\/revisions\/2270"}],"wp:attachment":[{"href":"https:\/\/tmfwarszawa.pl\/index.php\/wp-json\/wp\/v2\/media?parent=2265"}],"curies":[{"name":"wp","href":"https:\/\/api.w.org\/{rel}","templated":true}]}}