{"id":2280,"date":"2024-02-14T15:24:33","date_gmt":"2024-02-14T15:24:33","guid":{"rendered":"https:\/\/tmfwarszawa.pl\/?page_id=2280"},"modified":"2024-07-19T12:04:13","modified_gmt":"2024-07-19T12:04:13","slug":"wyniki-2024","status":"publish","type":"page","link":"https:\/\/tmfwarszawa.pl\/index.php\/wyniki-2024\/","title":{"rendered":"Wyniki 2024"},"content":{"rendered":"<h4>Etap korespondencyjny (30 stycznia 2024):<\/h4>\n<figure class=\"wp-block-table\">\n<table  class=\" table table-hover\" >\n<tbody>\n<tr>\n<td><strong>Miejsce<\/strong><\/td>\n<td><strong>God\u0142o<\/strong><\/td>\n<td><strong>Nazwa<\/strong> <strong>dru\u017cyny<\/strong><\/td>\n<td><strong>Punkty<\/strong><\/td>\n<\/tr>\n<tr>\n<td>1<\/td>\n<td>Fenix<\/td>\n<td>Klub Naukowy Fenix w Warszawie<\/td>\n<td>157<\/td>\n<\/tr>\n<tr>\n<td>2<\/td>\n<td>Chrzaszcze<\/td>\n<td>Akademickie Liceum Og\u00f3lnokszta\u0142c\u0105ce Politechniki Wroc\u0142awskiej<\/td>\n<td>139<\/td>\n<\/tr>\n<tr>\n<td>3<\/td>\n<td>ApolLO<\/td>\n<td>Akademickie Liceum Og\u00f3lnokszta\u0142c\u0105ce Politechniki Wroc\u0142awskiej<\/td>\n<td>135<\/td>\n<\/tr>\n<tr>\n<td>4<\/td>\n<td>powstancy5<\/td>\n<td>XIX Liceum Og\u00f3lnokszta\u0142c\u0105ce im. Powsta\u0144c\u00f3w Warszawy w Warszawie<\/td>\n<td>80<\/td>\n<\/tr>\n<tr>\n<td>5<\/td>\n<td>Beta1c<\/td>\n<td>V Liceum Og\u00f3lnokszta\u0142c\u0105ce w Bielsku-Bia\u0142ej<\/td>\n<td>79<\/td>\n<\/tr>\n<tr>\n<td>5<\/td>\n<td>Gravity98<\/td>\n<td>XLII Liceum Og\u00f3lnokszta\u0142c\u0105ce im. Adama Mickiewicza w Krakowie<\/td>\n<td>79<\/td>\n<\/tr>\n<tr>\n<td>7<\/td>\n<td>Kasjopea<\/td>\n<td>XLII Liceum Og\u00f3lnokszta\u0142c\u0105ce im. Adama Mickiewicza w Krakowie<\/td>\n<td>48<\/td>\n<\/tr>\n<tr>\n<td>8<\/td>\n<td>HChildren<\/td>\n<td>Mi\u0119dzynarodowe Liceum Og\u00f3lnokszta\u0142c\u0105ce we Wroc\u0142awiu<\/td>\n<td>47<\/td>\n<\/tr>\n<tr>\n<td>9<\/td>\n<td>OrlyBolka<\/td>\n<td>XII Liceum Og\u00f3lnokszta\u0142c\u0105ce im. Boles\u0142awa Chrobrego we Wroc\u0142awiu<\/td>\n<td>29<\/td>\n<\/tr>\n<\/tbody>\n<\/table>\n<\/figure>\n\n\n<p><strong>Fina\u0142y Warszawa (20 kwietnia 2024):<\/strong><\/p>\n\n\n\n<figure class=\"wp-block-table\"><table  class=\" table table-hover\" ><tbody><tr><td><strong>Miejsce<\/strong><\/td><td><strong>God\u0142o<\/strong><\/td><td><strong>Nazwa dru\u017cyny<\/strong><\/td><td><strong>Punkty<\/strong><\/td><\/tr><tr><td>1<\/td><td>Fenix<\/td><td>Klub Naukowy Fenix w Warszawie<\/td><td>103.4<\/td><\/tr><tr><td>2<\/td><td>Chrz\u0105szcze<\/td><td>Akademickie Liceum Og\u00f3lnokszta\u0142c\u0105ce Politechniki Wroc\u0142awskiej<\/td><td>84.8<\/td><\/tr><tr><td>3<\/td><td>Apollo<\/td><td>Akademickie Liceum Og\u00f3lnokszta\u0142c\u0105ce Politechniki Wroc\u0142awskiej<\/td><td>79.8<\/td><\/tr><tr><td>4<\/td><td>Posta\u0144scy<\/td><td>XIX Liceum Og\u00f3lnokszta\u0142c\u0105ce im. Powsta\u0144c\u00f3w Warszawy w Warszawie<\/td><td>68.6<\/td><\/tr><\/tbody><\/table><figcaption class=\"wp-element-caption\"> <p><strong>Fina\u0142y IYPT 2024:<\/strong><\/p><br><img data-recalc-dims=\"1\" loading=\"lazy\" decoding=\"async\" width=\"648\" height=\"486\" data-attachment-id=\"2287\" data-permalink=\"https:\/\/tmfwarszawa.pl\/index.php\/2024\/07\/19\/zloty-medal-polakow-na-miedzynarodowym-turnieju-mlodych-fizykow-na-wegrzech\/451111424_880359607460787_5823043297708376824_n\/\" data-orig-file=\"https:\/\/i0.wp.com\/tmfwarszawa.pl\/wp-content\/uploads\/2024\/07\/451111424_880359607460787_5823043297708376824_n.jpg?fit=2048%2C1536&amp;ssl=1\" data-orig-size=\"2048,1536\" data-comments-opened=\"0\" data-image-meta=\"{&quot;aperture&quot;:&quot;0&quot;,&quot;credit&quot;:&quot;&quot;,&quot;camera&quot;:&quot;&quot;,&quot;caption&quot;:&quot;&quot;,&quot;created_timestamp&quot;:&quot;0&quot;,&quot;copyright&quot;:&quot;&quot;,&quot;focal_length&quot;:&quot;0&quot;,&quot;iso&quot;:&quot;0&quot;,&quot;shutter_speed&quot;:&quot;0&quot;,&quot;title&quot;:&quot;&quot;,&quot;orientation&quot;:&quot;0&quot;}\" data-image-title=\"451111424_880359607460787_5823043297708376824_n\" data-image-description=\"\" data-image-caption=\"\" data-medium-file=\"https:\/\/i0.wp.com\/tmfwarszawa.pl\/wp-content\/uploads\/2024\/07\/451111424_880359607460787_5823043297708376824_n.jpg?fit=300%2C225&amp;ssl=1\" data-large-file=\"https:\/\/i0.wp.com\/tmfwarszawa.pl\/wp-content\/uploads\/2024\/07\/451111424_880359607460787_5823043297708376824_n.jpg?fit=648%2C486&amp;ssl=1\" class=\"wp-image-2287\" style=\"\" src=\"https:\/\/i0.wp.com\/tmfwarszawa.pl\/wp-content\/uploads\/2024\/07\/451111424_880359607460787_5823043297708376824_n.jpg?resize=648%2C486&#038;ssl=1\" alt=\"\"><figure class=\"wp-block-image size-full\"><\/figure>   <p>Reprezentacja Polski wr\u00f3ci\u0142a z Budapesztu (W\u0119gry) ze z\u0142otymi medalami. Dru\u017cyna czterech licealist\u00f3w z Klubu Naukowego Fenix w sk\u0142adzie: Pawe\u0142 Ptaszek (kapitan), Antoni Kujawski, Zofia Lam\u0119cka i Maksymilian Ogiela przygotowywana przez opiekun\u00f3w Jana Truczynowicza, Radosta Waszkiewicza i \u0141ukasza G\u0142adczuka zaj\u0119\u0142a 3 miejsce w Mi\u0119dzynarodowym Turnieju M\u0142odych Fizyk\u00f3w, znanym r\u00f3wnie\u017c jako \u201ePhysics World Cup\u201d.<\/p> <\/figcaption><\/figure>\n","protected":false},"excerpt":{"rendered":"<p>Etap korespondencyjny (30 stycznia 2024): Miejsce God\u0142o Nazwa dru\u017cyny Punkty 1 Fenix Klub Naukowy Fenix w Warszawie 157 2 Chrzaszcze Akademickie Liceum Og\u00f3lnokszta\u0142c\u0105ce Politechniki Wroc\u0142awskiej 139 3 ApolLO Akademickie Liceum Og\u00f3lnokszta\u0142c\u0105ce Politechniki Wroc\u0142awskiej 135 4 powstancy5 XIX Liceum Og\u00f3lnokszta\u0142c\u0105ce im. Powsta\u0144c\u00f3w Warszawy w Warszawie 80 5 Beta1c V Liceum Og\u00f3lnokszta\u0142c\u0105ce w Bielsku-Bia\u0142ej 79 5 Gravity98 [&hellip;]<\/p>\n","protected":false},"author":1,"featured_media":0,"parent":0,"menu_order":0,"comment_status":"closed","ping_status":"closed","template":"","meta":{"jetpack_post_was_ever_published":false,"footnotes":""},"class_list":["post-2280","page","type-page","status-publish","hentry"],"jetpack_sharing_enabled":true,"jetpack_shortlink":"https:\/\/wp.me\/P4R8YU-AM","jetpack-related-posts":[],"jetpack_likes_enabled":true,"_links":{"self":[{"href":"https:\/\/tmfwarszawa.pl\/index.php\/wp-json\/wp\/v2\/pages\/2280","targetHints":{"allow":["GET"]}}],"collection":[{"href":"https:\/\/tmfwarszawa.pl\/index.php\/wp-json\/wp\/v2\/pages"}],"about":[{"href":"https:\/\/tmfwarszawa.pl\/index.php\/wp-json\/wp\/v2\/types\/page"}],"author":[{"embeddable":true,"href":"https:\/\/tmfwarszawa.pl\/index.php\/wp-json\/wp\/v2\/users\/1"}],"replies":[{"embeddable":true,"href":"https:\/\/tmfwarszawa.pl\/index.php\/wp-json\/wp\/v2\/comments?post=2280"}],"version-history":[{"count":4,"href":"https:\/\/tmfwarszawa.pl\/index.php\/wp-json\/wp\/v2\/pages\/2280\/revisions"}],"predecessor-version":[{"id":2296,"href":"https:\/\/tmfwarszawa.pl\/index.php\/wp-json\/wp\/v2\/pages\/2280\/revisions\/2296"}],"wp:attachment":[{"href":"https:\/\/tmfwarszawa.pl\/index.php\/wp-json\/wp\/v2\/media?parent=2280"}],"curies":[{"name":"wp","href":"https:\/\/api.w.org\/{rel}","templated":true}]}}