{"id":2326,"date":"2024-09-10T09:38:10","date_gmt":"2024-09-10T09:38:10","guid":{"rendered":"https:\/\/tmfwarszawa.pl\/?page_id=2326"},"modified":"2024-09-10T09:38:42","modified_gmt":"2024-09-10T09:38:42","slug":"zadania-2025-pol","status":"publish","type":"page","link":"https:\/\/tmfwarszawa.pl\/index.php\/zadania-2025-pol\/","title":{"rendered":"Zadania 2025 (pol)"},"content":{"rendered":"<p><strong>1. Wymy\u015bli Sam: Papierowy bumerang<\/strong><br \/>\nWykonaj powracaj\u0105cy bumerang sk\u0142adaj\u0105c i\/lub wycinaj\u0105c kartk\u0119 papieru. Zbadaj, jak ruch takiego bumerangu zale\u017cy od istotnych parametr\u00f3w.<\/p>\n<p><strong>2. Mi\u0119sie\u0144 z powietrza<\/strong><br \/>\nUmie\u015b\u0107 balon w cylindrycznej siatce (czasami u\u017cywanej do pakowania czosnku) i nadmuchaj go. Siatka b\u0119dzie si\u0119 rozszerza\u0107 i skraca\u0107. Zbadaj w\u0142a\u015bciwo\u015bci takiego \u201emi\u0119\u015bnia\u201d.<\/p>\n<p><strong>3. Lato Lato<\/strong><br \/>\nPrzymocuj po jednej kulce do ka\u017cdego z ko\u0144c\u00f3w sznurka i zaczep \u015brodek sznurka do osi, kt\u00f3ra mo\u017ce si\u0119 porusza\u0107. Gdy o\u015b b\u0119dzie oscylowa\u0107 w kierunku pionowym, kulki zaczn\u0105 si\u0119 zderza\u0107 i odskakiwa\u0107 z rosn\u0105c\u0105 amplitud\u0105. Zbadaj to zjawisko.<\/p>\n<p><strong>4. Wspinaj\u0105ce si\u0119 magnesy<\/strong><br \/>\nPrzymocuj pr\u0119t z\u0142o\u017cony z cylindrycznych magnes\u00f3w neodymowych poziomo do pionowego pr\u0119ta ferromagnetycznego. Ogranicz ruch magnes\u00f3w do kierunku pionowego. Gdy pr\u0119t ferromagnetyczny b\u0119dzie si\u0119 obraca\u0142 wok\u00f3\u0142 swojej osi symetrii, pr\u0119t magnetyczny zacznie porusza\u0107 si\u0119 w g\u00f3r\u0119. Wyja\u015bnij to zjawisko i zbadaj, jak pr\u0119dko\u015b\u0107 wspinania zale\u017cy od odpowiednich parametr\u00f3w.<\/p>\n<p><strong>5. Ta\u0144cz\u0105ca spr\u0119\u017cyna<\/strong><br \/>\nSkr\u0119\u0107 spr\u0119\u017cyn\u0119 Slinky kilka razy i trzymaj jej dolny koniec nieruchomo. Po puszczeniu g\u00f3rnego ko\u0144ca spr\u0119\u017cyny, Slinky zacznie \u201eta\u0144czy\u0107\u201d \u2013 gdy na spr\u0119\u017cyn\u0119 spojrzymy z boku, zjawisko b\u0119dzie przypomina\u0107 fal\u0119. Wyja\u015bnij to zjawisko i zbadaj parametry wp\u0142ywaj\u0105ce na ruch spr\u0119\u017cyny.<\/p>\n<p><strong>6. Ciekn\u0105cy kran<\/strong><br \/>\nKrople spadaj\u0105ce z ciekn\u0105cego kranu mog\u0105 tworzy\u0107 interesuj\u0105ce rytmy kapania, gdzie czas pomi\u0119dzy kroplami zale\u017cy od przep\u0142ywu wody. Zbadaj to zjawisko i okre\u015bl, jak zale\u017cy ono od odpowiednich parametr\u00f3w.<\/p>\n<p><strong>7. Dzia\u0142o z linijek<\/strong><br \/>\nDwie linijki s\u0105 \u015bciskane razem. Okr\u0105g\u0142y pocisk (np. plastikowa zakr\u0119tka od butelki lub kulka) zostaje umieszczony pomi\u0119dzy nimi, blisko jednego z ko\u0144c\u00f3w. Gdy na powierzchni\u0119 linijek zostanie wywarta dodatkowa si\u0142a, pocisk zostaje wyrzucony z du\u017c\u0105 pr\u0119dko\u015bci\u0105. Zbadaj ten efekt oraz parametry wp\u0142ywaj\u0105ce na pr\u0119dko\u015b\u0107 wyrzutu.<\/p>\n<p><strong>8. Lewituj\u0105cy p\u0142yn<\/strong><br \/>\nKiedy pojemnik cz\u0119\u015bciowo wype\u0142niony ciecz\u0105 drga w pionie i powietrze jest wstrzykiwane przy dnie pojemnika, p\u0142yn mo\u017ce \u201elewitowa\u0107\u201d. Zbadaj to zjawisko.<\/p>\n<p><strong>9. Assysta magnetyczna<\/strong><br \/>\nPrzymocuj jeden lub dwa magnesy do niemagnetycznej i nieprzewodz\u0105cej podstawy w taki spos\u00f3b, aby przyci\u0105ga\u0142y magnes zawieszony na sznurku. Zbadaj, jak ruch zawieszonego magnesu zale\u017cy od r\u00f3\u017cnych parametr\u00f3w.<\/p>\n<p><strong>10. Konwekcja Rayleigha\u2013B\u00e9narda<\/strong><br \/>\nPodgrzewaj\u0105c jednolicie i powoli dno pojemnika zawieraj\u0105cego zawiesin\u0119 proszku w oleju (np. sproszkowanej miki w oleju silikonowym), mo\u017cna zaobserwowa\u0107 powstawanie struktur wygl\u0105daj\u0105cych jak kom\u00f3rki. Wyja\u015bnij i zbadaj to zjawisko.<\/p>\n<p><strong>11. Spr\u0119\u017cynowa histereza<\/strong><br \/>\nPo\u0142\u0105cz dwie identyczne spr\u0119\u017cyny symetrycznie z mas\u0105, tworz\u0105c kszta\u0142t przypominaj\u0105cy liter\u0119 \u201eV\u201d, i przy\u0142\u00f3\u017c do masy si\u0142\u0119, kt\u00f3r\u0105 mo\u017cesz zmienia\u0107. Gdy si\u0142a ta ulega zmianie, ruch masy mo\u017ce zale\u017ce\u0107 od historii zmian przy\u0142o\u017conej si\u0142y. Zbadaj to zjawisko.<\/p>\n<p><strong>12. D\u017awi\u0119k kontra p\u0142omie\u0144<\/strong><br \/>\nMa\u0142y p\u0142omie\u0144 mo\u017cna ugasi\u0107 d\u017awi\u0119kiem. Zbadaj parametry p\u0142omienia oraz parametry d\u017awi\u0119ku, kt\u00f3re decyduj\u0105 o tym, czy p\u0142omie\u0144 zga\u015bnie.<\/p>\n<p><strong>13. Makaronowy akcelerator<\/strong><br \/>\nGdy kawa\u0142ek spaghetti zostanie wepchni\u0119ty do wygi\u0119tej rurki, drobne kawa\u0142ki spaghetti mog\u0105 zosta\u0107 wyrzucone z drugiego ko\u0144ca rurki z zaskakuj\u0105co du\u017c\u0105 pr\u0119dko\u015bci\u0105. Przeanalizuj to zjawisko i zbadaj jego przyczyny.<\/p>\n<p><strong>14. Wodna rakieta<\/strong><br \/>\nPompuj powietrze do plastikowej butelki cz\u0119\u015bciowo wype\u0142nionej wod\u0105. W pewnych warunkach butelka zostaje wystrzelona i wzleci w powietrze. Zbadaj, jak przyspieszenie podczas startu zale\u017cy od odpowiednich parametr\u00f3w.<\/p>\n<p><strong>15. Wyj\u0105ca miska<\/strong><br \/>\nKiedy uderzysz w bok metalowej miski zawieraj\u0105cej troch\u0119 wody, us\u0142yszysz charakterystyczny d\u017awi\u0119k. D\u017awi\u0119k zmienia si\u0119, gdy woda w misce si\u0119 porusza. Zbadaj i wyja\u015bnij to zjawisko.<\/p>\n<p><strong>16. Pompa Wirtz\u2019a<\/strong><br \/>\nPompa Wirtz&#8217;a to pionowo zamontowana spirala, pusta w \u015brodku. Jeden jej koniec zanurza si\u0119 pod wod\u0105 raz na obr\u00f3t, podczas gdy drugi koniec (w osi obrotu spirali) jest po\u0142\u0105czony z pionow\u0105 rurk\u0105. Obracanie spirali mo\u017ce powodowa\u0107 pompowanie wody na du\u017c\u0105 wysoko\u015b\u0107. Wyja\u015bnij to zjawisko i zbadaj, jak istotne parametry wp\u0142ywaj\u0105 na wysoko\u015b\u0107 s\u0142upa pompowanej wody.<\/p>\n<p><strong>17. Kwantowy \u015blad<\/strong><br \/>\nSkieruj \u015bwiat\u0142o lasera na polimer organiczny (np. styropian). Rozproszone \u015bwiat\u0142o mo\u017ce mie\u0107 wi\u0119ksz\u0105 lub mniejsz\u0105 d\u0142ugo\u015b\u0107 fali ni\u017c \u015bwiat\u0142o padaj\u0105ce. Wyja\u015bnij to zjawisko i ustal, jakie wnioski mo\u017cna wyci\u0105gn\u0105\u0107 na temat struktury molekularnej materia\u0142u na podstawie przesuni\u0119cia d\u0142ugo\u015bci fali.<\/p>\n<p><a href=\"https:\/\/tmfwarszawa.pl\/wp-content\/uploads\/2024\/09\/Problemy_TMF_2025.pdf\">Pobierz PDF<\/a><\/p>\n","protected":false},"excerpt":{"rendered":"<p>1. Wymy\u015bli Sam: Papierowy bumerang Wykonaj powracaj\u0105cy bumerang sk\u0142adaj\u0105c i\/lub wycinaj\u0105c kartk\u0119 papieru. Zbadaj, jak ruch takiego bumerangu zale\u017cy od istotnych parametr\u00f3w. 2. Mi\u0119sie\u0144 z powietrza Umie\u015b\u0107 balon w cylindrycznej siatce (czasami u\u017cywanej do pakowania czosnku) i nadmuchaj go. Siatka b\u0119dzie si\u0119 rozszerza\u0107 i skraca\u0107. Zbadaj w\u0142a\u015bciwo\u015bci takiego \u201emi\u0119\u015bnia\u201d. 3. Lato Lato Przymocuj po jednej [&hellip;]<\/p>\n","protected":false},"author":1,"featured_media":0,"parent":0,"menu_order":0,"comment_status":"closed","ping_status":"closed","template":"","meta":{"jetpack_post_was_ever_published":false,"footnotes":""},"class_list":["post-2326","page","type-page","status-publish","hentry"],"jetpack_sharing_enabled":true,"jetpack_shortlink":"https:\/\/wp.me\/P4R8YU-Bw","jetpack-related-posts":[],"jetpack_likes_enabled":true,"_links":{"self":[{"href":"https:\/\/tmfwarszawa.pl\/index.php\/wp-json\/wp\/v2\/pages\/2326","targetHints":{"allow":["GET"]}}],"collection":[{"href":"https:\/\/tmfwarszawa.pl\/index.php\/wp-json\/wp\/v2\/pages"}],"about":[{"href":"https:\/\/tmfwarszawa.pl\/index.php\/wp-json\/wp\/v2\/types\/page"}],"author":[{"embeddable":true,"href":"https:\/\/tmfwarszawa.pl\/index.php\/wp-json\/wp\/v2\/users\/1"}],"replies":[{"embeddable":true,"href":"https:\/\/tmfwarszawa.pl\/index.php\/wp-json\/wp\/v2\/comments?post=2326"}],"version-history":[{"count":1,"href":"https:\/\/tmfwarszawa.pl\/index.php\/wp-json\/wp\/v2\/pages\/2326\/revisions"}],"predecessor-version":[{"id":2328,"href":"https:\/\/tmfwarszawa.pl\/index.php\/wp-json\/wp\/v2\/pages\/2326\/revisions\/2328"}],"wp:attachment":[{"href":"https:\/\/tmfwarszawa.pl\/index.php\/wp-json\/wp\/v2\/media?parent=2326"}],"curies":[{"name":"wp","href":"https:\/\/api.w.org\/{rel}","templated":true}]}}