{"id":275,"date":"2017-08-05T09:14:52","date_gmt":"2017-08-05T09:14:52","guid":{"rendered":"http:\/\/tmfwarszawa.pl\/?page_id=275"},"modified":"2021-02-23T10:33:16","modified_gmt":"2021-02-23T10:33:16","slug":"sklad-druzyny-2015","status":"publish","type":"page","link":"https:\/\/tmfwarszawa.pl\/index.php\/archiwum\/sklad-druzyny-2015\/","title":{"rendered":"Sk\u0142ad Dru\u017cyny 2015"},"content":{"rendered":"<h3><img data-recalc-dims=\"1\" loading=\"lazy\" decoding=\"async\" data-attachment-id=\"276\" data-permalink=\"https:\/\/tmfwarszawa.pl\/index.php\/archiwum\/sklad-druzyny-2015\/sklad_iypt2015\/\" data-orig-file=\"https:\/\/i0.wp.com\/tmfwarszawa.pl\/wp-content\/uploads\/2017\/08\/Sklad_IYPT2015.jpg?fit=1024%2C575&amp;ssl=1\" data-orig-size=\"1024,575\" data-comments-opened=\"0\" data-image-meta=\"{&quot;aperture&quot;:&quot;0&quot;,&quot;credit&quot;:&quot;&quot;,&quot;camera&quot;:&quot;&quot;,&quot;caption&quot;:&quot;&quot;,&quot;created_timestamp&quot;:&quot;0&quot;,&quot;copyright&quot;:&quot;&quot;,&quot;focal_length&quot;:&quot;0&quot;,&quot;iso&quot;:&quot;0&quot;,&quot;shutter_speed&quot;:&quot;0&quot;,&quot;title&quot;:&quot;&quot;,&quot;orientation&quot;:&quot;0&quot;}\" data-image-title=\"Sklad_IYPT2015\" data-image-description=\"\" data-image-caption=\"\" data-medium-file=\"https:\/\/i0.wp.com\/tmfwarszawa.pl\/wp-content\/uploads\/2017\/08\/Sklad_IYPT2015.jpg?fit=300%2C168&amp;ssl=1\" data-large-file=\"https:\/\/i0.wp.com\/tmfwarszawa.pl\/wp-content\/uploads\/2017\/08\/Sklad_IYPT2015.jpg?fit=648%2C364&amp;ssl=1\" class=\"wp-image-276 aligncenter\" src=\"https:\/\/i0.wp.com\/tmfwarszawa.pl\/wp-content\/uploads\/2017\/08\/Sklad_IYPT2015-300x168.jpg?resize=648%2C363\" alt=\"\" width=\"648\" height=\"363\" srcset=\"https:\/\/i0.wp.com\/tmfwarszawa.pl\/wp-content\/uploads\/2017\/08\/Sklad_IYPT2015.jpg?resize=300%2C168&amp;ssl=1 300w, https:\/\/i0.wp.com\/tmfwarszawa.pl\/wp-content\/uploads\/2017\/08\/Sklad_IYPT2015.jpg?resize=768%2C431&amp;ssl=1 768w, https:\/\/i0.wp.com\/tmfwarszawa.pl\/wp-content\/uploads\/2017\/08\/Sklad_IYPT2015.jpg?w=1024&amp;ssl=1 1024w\" sizes=\"auto, (max-width: 648px) 100vw, 648px\" \/><\/h3>\n<h3>Sk\u0142ad reprezentacji:<\/h3>\n<p>Radost Waszkiewicz\u00a0(kapitan)<br \/>\nAnna Wald<br \/>\nFrederic Grabowski<br \/>\nOskar Grudzi\u0144ski<br \/>\nBart\u0142omiej Marchli\u0144ski<br \/>\nKarolina Wr\u00f3bel (zaw. rez.)<\/p>\n<h3>Opiekun dru\u017cyny:<\/h3>\n<p>\u0141ukasz G\u0142adczuk<\/p>\n<h3>Afiliacja dru\u017cyny:<\/h3>\n<p><a href=\"https:\/\/fenix.club\">Klub Naukowy Fenix<\/a><\/p>\n","protected":false},"excerpt":{"rendered":"<p>Sk\u0142ad reprezentacji: Radost Waszkiewicz\u00a0(kapitan) Anna Wald Frederic Grabowski Oskar Grudzi\u0144ski Bart\u0142omiej Marchli\u0144ski Karolina Wr\u00f3bel (zaw. rez.) Opiekun dru\u017cyny: \u0141ukasz G\u0142adczuk Afiliacja dru\u017cyny: Klub Naukowy Fenix<\/p>\n","protected":false},"author":1,"featured_media":0,"parent":15,"menu_order":0,"comment_status":"closed","ping_status":"closed","template":"","meta":{"jetpack_post_was_ever_published":false,"footnotes":""},"class_list":["post-275","page","type-page","status-publish","hentry"],"jetpack_sharing_enabled":true,"jetpack_shortlink":"https:\/\/wp.me\/P4R8YU-4r","jetpack-related-posts":[],"jetpack_likes_enabled":true,"_links":{"self":[{"href":"https:\/\/tmfwarszawa.pl\/index.php\/wp-json\/wp\/v2\/pages\/275","targetHints":{"allow":["GET"]}}],"collection":[{"href":"https:\/\/tmfwarszawa.pl\/index.php\/wp-json\/wp\/v2\/pages"}],"about":[{"href":"https:\/\/tmfwarszawa.pl\/index.php\/wp-json\/wp\/v2\/types\/page"}],"author":[{"embeddable":true,"href":"https:\/\/tmfwarszawa.pl\/index.php\/wp-json\/wp\/v2\/users\/1"}],"replies":[{"embeddable":true,"href":"https:\/\/tmfwarszawa.pl\/index.php\/wp-json\/wp\/v2\/comments?post=275"}],"version-history":[{"count":4,"href":"https:\/\/tmfwarszawa.pl\/index.php\/wp-json\/wp\/v2\/pages\/275\/revisions"}],"predecessor-version":[{"id":2016,"href":"https:\/\/tmfwarszawa.pl\/index.php\/wp-json\/wp\/v2\/pages\/275\/revisions\/2016"}],"up":[{"embeddable":true,"href":"https:\/\/tmfwarszawa.pl\/index.php\/wp-json\/wp\/v2\/pages\/15"}],"wp:attachment":[{"href":"https:\/\/tmfwarszawa.pl\/index.php\/wp-json\/wp\/v2\/media?parent=275"}],"curies":[{"name":"wp","href":"https:\/\/api.w.org\/{rel}","templated":true}]}}