{"id":292,"date":"2017-08-05T09:35:12","date_gmt":"2017-08-05T09:35:12","guid":{"rendered":"http:\/\/tmfwarszawa.pl\/?page_id=292"},"modified":"2017-08-05T09:35:12","modified_gmt":"2017-08-05T09:35:12","slug":"wyniki-2015","status":"publish","type":"page","link":"https:\/\/tmfwarszawa.pl\/index.php\/archiwum\/sklad-druzyny-2015\/wyniki-2015\/","title":{"rendered":"Wyniki 2015"},"content":{"rendered":"<p>Poni\u017cej znajduj\u0105 si\u0119 daty kolejnych etap\u00f3w turnieju wraz z wynikami.<\/p>\n<h3>Etap korespondencyjny:<\/h3>\n<p><strong>Data: 25\u00a0stycznia.<\/strong><\/p>\n<h3>P\u00f3\u0142fina\u0142y:<\/h3>\n<p>Warszawa:\u00a0<strong>28 lutego<\/strong>\u00a0w Warszawie (Instytut Fizyki Polskiej Akademii Nauk)<\/p>\n<ul>\n<li>I miejsce \u2013 Klub Naukowy Fenix, Warszawa,<\/li>\n<li>II miejsce \u2013 III Liceum Og\u00f3lnokszta\u0142c\u0105ce im. Marynarki Wojennej RP, Gdynia,<\/li>\n<li>III miejsce \u2013 IV Liceum Og\u00f3lnokszta\u0142c\u0105ce im. Tadeusza Ko\u015bciuszki w Toruniu<\/li>\n<\/ul>\n<p>Katowice:\u00a0<strong>5 marca<\/strong>\u00a0w Katowicach (Pa\u0142ac M\u0142odzie\u017cy)<\/p>\n<ul>\n<li>I miejsce \u2013 Grupa Tw\u00f3rcza Quark z Pracowni Fizyki Pa\u0142acu M\u0142odzie\u017cy w Katowicach,<\/li>\n<li>II miejsce \u2013 V Liceum Og\u00f3lnokszta\u0142c\u0105ce im. Augusta Witkowskiego w Krakowie,<\/li>\n<li>III miejsce \u2013 Grupa Tw\u00f3rcza Quark (Kwarki 2) z Pracowni Fizyki Pa\u0142acu M\u0142odzie\u017cy w Katowicach,<\/li>\n<li>IV miejsce \u2013 I Liceum Og\u00f3lnokszta\u0142c\u0105ce im. Kr\u00f3la Kazimierza Wielkiego w Bochni.<\/li>\n<\/ul>\n<p>Wroc\u0142aw:\u00a0<strong>3 marca<\/strong>\u00a0we Wroc\u0142awiu (Instytut Fizyki Do\u015bwiadczalnej\u00a0Uniwersytetu Wroc\u0142awskiego)<\/p>\n<ul>\n<li>I miejsce \u2013 VII Liceum Og\u00f3lnokszta\u0142c\u0105ce im. D\u0105br\u00f3wki w Poznaniu,<\/li>\n<li>II miejsce \u2013 VIII Liceum Og\u00f3lnokszta\u0142c\u0105ce im. W\u0142adys\u0142awa IV w Warszawie,<\/li>\n<li>III miejsce \u2013 Zesp\u00f3\u0142 Szk\u00f3\u0142 Akademickich Politechniki Wroc\u0142awskiej we Wroc\u0142awiu,<\/li>\n<li>IV miejsce \u2013 Liceum Og\u00f3lnokszta\u0142c\u0105ce w Bieczu (z udzia\u0142em uczni\u00f3w gimnazj\u00f3w w Libuszy oraz Gorlicach).<\/li>\n<\/ul>\n<h3>Fina\u0142y polskie:<\/h3>\n<p><strong>Data: 28, 29 marca.<\/strong><\/p>\n<table  class=\" table table-hover\" border=\"1\" width=\"100%\" cellspacing=\"1\" cellpadding=\"1\">\n<tbody>\n<tr>\n<td colspan=\"1\" rowspan=\"2\"><\/td>\n<td colspan=\"4\" rowspan=\"1\">Potyczka<\/td>\n<td colspan=\"1\" rowspan=\"2\">Ca\u0142kowita sumapunkt\u00f3w<\/td>\n<\/tr>\n<tr>\n<td>I<\/td>\n<td>II<\/td>\n<td>III<\/td>\n<td>IV<\/td>\n<\/tr>\n<tr>\n<td>1. Klub Naukowy Fenix<\/td>\n<td>50.8<\/td>\n<td>57.0<\/td>\n<td>50.8<\/td>\n<td>53.0<\/td>\n<td>211.6<\/td>\n<\/tr>\n<tr>\n<td>2. VIII Liceum Og\u00f3lnokszta\u0142c\u0105ce im. W\u0142adys\u0142awa IV w Warszawie<\/td>\n<td>52.3<\/td>\n<td>50.5<\/td>\n<td>49.3<\/td>\n<td>44.8<\/td>\n<td>196.9<\/td>\n<\/tr>\n<tr>\n<td>3. V Liceum Og\u00f3lnokszta\u0142c\u0105ce im. Augusta Witkowskiego w Krakowie<\/td>\n<td>47.3<\/td>\n<td>40.4<\/td>\n<td>45.4<\/td>\n<td>39.9<\/td>\n<td>173.0<\/td>\n<\/tr>\n<tr>\n<td>4. VII Liceum Og\u00f3lnokszta\u0142c\u0105ce im. D\u0105br\u00f3wki w Poznaniu<\/td>\n<td>42.7<\/td>\n<td>41.6<\/td>\n<td>40.8<\/td>\n<td>44.1<\/td>\n<td>169.2<\/td>\n<\/tr>\n<tr>\n<td>5. III Liceum Og\u00f3lnokszta\u0142c\u0105ce im. Marynarki Wojennej RP w Gdynii<\/td>\n<td>39.1<\/td>\n<td>44.1<\/td>\n<td>38.5<\/td>\n<td>37.1<\/td>\n<td>158.8<\/td>\n<\/tr>\n<tr>\n<td>6. Grupa Tw\u00f3rcza Quark z Pracowni Fizyki Pa\u0142acu M\u0142odzie\u017cy w Katowicach<\/td>\n<td>33.1<\/td>\n<td>45.9<\/td>\n<td>38.8<\/td>\n<td>39.3<\/td>\n<td>157.1<\/td>\n<\/tr>\n<\/tbody>\n<\/table>\n<h3>Fina\u0142y mi\u0119dzynarodowe:<\/h3>\n<p><strong>Data: 27 czerwca \u2013 4 lipca 2015r<\/strong>.<\/p>\n<p>Dru\u017cyna z Polski reprezentowana przez cz\u0142onk\u00f3w Klubu Naukowego Fenix zdoby\u0142a\u00a0<b>z\u0142oty medal<\/b>\u00a0i zaj\u0119\u0142a 2 miejsce w \u015bcis\u0142ych fina\u0142ach Mi\u0119dzynarodowego Turnieju M\u0142odych Fizyk\u00f3w. szczeg\u00f3\u0142owe wyniki s\u0105 dost\u0119pne\u00a0<a href=\"http:\/\/results.iypt.org\/IYPT2015\/\">tutaj<\/a>. <\/p>\n","protected":false},"excerpt":{"rendered":"<p>Poni\u017cej znajduj\u0105 si\u0119 daty kolejnych etap\u00f3w turnieju wraz z wynikami. Etap korespondencyjny: Data: 25\u00a0stycznia. P\u00f3\u0142fina\u0142y: Warszawa:\u00a028 lutego\u00a0w Warszawie (Instytut Fizyki Polskiej Akademii Nauk) I miejsce \u2013 Klub Naukowy Fenix, Warszawa, II miejsce \u2013 III Liceum Og\u00f3lnokszta\u0142c\u0105ce im. Marynarki Wojennej RP, Gdynia, III miejsce \u2013 IV Liceum Og\u00f3lnokszta\u0142c\u0105ce im. Tadeusza Ko\u015bciuszki w Toruniu Katowice:\u00a05 marca\u00a0w Katowicach [&hellip;]<\/p>\n","protected":false},"author":1,"featured_media":0,"parent":275,"menu_order":0,"comment_status":"closed","ping_status":"closed","template":"","meta":{"jetpack_post_was_ever_published":false,"footnotes":""},"class_list":["post-292","page","type-page","status-publish","hentry"],"jetpack_sharing_enabled":true,"jetpack_shortlink":"https:\/\/wp.me\/P4R8YU-4I","jetpack-related-posts":[],"jetpack_likes_enabled":true,"_links":{"self":[{"href":"https:\/\/tmfwarszawa.pl\/index.php\/wp-json\/wp\/v2\/pages\/292","targetHints":{"allow":["GET"]}}],"collection":[{"href":"https:\/\/tmfwarszawa.pl\/index.php\/wp-json\/wp\/v2\/pages"}],"about":[{"href":"https:\/\/tmfwarszawa.pl\/index.php\/wp-json\/wp\/v2\/types\/page"}],"author":[{"embeddable":true,"href":"https:\/\/tmfwarszawa.pl\/index.php\/wp-json\/wp\/v2\/users\/1"}],"replies":[{"embeddable":true,"href":"https:\/\/tmfwarszawa.pl\/index.php\/wp-json\/wp\/v2\/comments?post=292"}],"version-history":[{"count":1,"href":"https:\/\/tmfwarszawa.pl\/index.php\/wp-json\/wp\/v2\/pages\/292\/revisions"}],"predecessor-version":[{"id":293,"href":"https:\/\/tmfwarszawa.pl\/index.php\/wp-json\/wp\/v2\/pages\/292\/revisions\/293"}],"up":[{"embeddable":true,"href":"https:\/\/tmfwarszawa.pl\/index.php\/wp-json\/wp\/v2\/pages\/275"}],"wp:attachment":[{"href":"https:\/\/tmfwarszawa.pl\/index.php\/wp-json\/wp\/v2\/media?parent=292"}],"curies":[{"name":"wp","href":"https:\/\/api.w.org\/{rel}","templated":true}]}}