{"id":294,"date":"2017-08-05T09:45:13","date_gmt":"2017-08-05T09:45:13","guid":{"rendered":"http:\/\/tmfwarszawa.pl\/?page_id=294"},"modified":"2019-02-09T22:58:34","modified_gmt":"2019-02-09T22:58:34","slug":"pisza-o-nas-2015","status":"publish","type":"page","link":"https:\/\/tmfwarszawa.pl\/index.php\/archiwum\/sklad-druzyny-2015\/pisza-o-nas-2015\/","title":{"rendered":"Pisz\u0105 o nas 2015"},"content":{"rendered":"<div id=\"pl-294\"  class=\"panel-layout\" ><div id=\"pg-294-0\"  class=\"panel-grid panel-no-style\" ><div id=\"pgc-294-0-0\"  class=\"panel-grid-cell\" ><div id=\"panel-294-0-0-0\" class=\"so-panel widget widget_sow-editor panel-first-child panel-last-child\" data-index=\"0\" ><div\n\t\t\t\n\t\t\tclass=\"so-widget-sow-editor so-widget-sow-editor-base\"\n\t\t\t\n\t\t>\n<div class=\"siteorigin-widget-tinymce textwidget\">\n\t<p>Ostatni rok zaowocowa\u0142 wieloma sukcesami, kt\u00f3re zosta\u0142y zauwa\u017cone przez nasza krajowa jak i zagraniczne media.<\/p>\n<p>\u00a0<\/p>\n<\/div>\n<\/div><\/div><\/div><\/div><div id=\"pg-294-1\"  class=\"panel-grid panel-no-style\" ><div id=\"pgc-294-1-0\"  class=\"panel-grid-cell\" ><div id=\"panel-294-1-0-0\" class=\"so-panel widget widget_sow-image panel-first-child\" data-index=\"1\" ><div\n\t\t\t\n\t\t\tclass=\"so-widget-sow-image so-widget-sow-image-default-dbf295114b96-294\"\n\t\t\t\n\t\t>\n<div class=\"sow-image-container\">\n\t\t\t<a href=\"http:\/\/naukawpolsce.pap.pl\/aktualnosci\/news,405668,drugie-miejsce-polakow-w-miedzynarodowym-turnieju-mlodych-fizykow.html\"\n\t\t\ttarget=\"_blank\" rel=\"noopener noreferrer\" \t\t>\n\t\t\t<img loading=\"lazy\" decoding=\"async\" src=\"https:\/\/i0.wp.com\/tmfwarszawa.pl\/wp-content\/uploads\/2017\/08\/PAP_TMF_2015.png?fit=1200%2C460&amp;ssl=1\" width=\"1200\" height=\"460\" srcset=\"https:\/\/i0.wp.com\/tmfwarszawa.pl\/wp-content\/uploads\/2017\/08\/PAP_TMF_2015.png?w=1200&amp;ssl=1 1200w, https:\/\/i0.wp.com\/tmfwarszawa.pl\/wp-content\/uploads\/2017\/08\/PAP_TMF_2015.png?resize=300%2C115&amp;ssl=1 300w, https:\/\/i0.wp.com\/tmfwarszawa.pl\/wp-content\/uploads\/2017\/08\/PAP_TMF_2015.png?resize=768%2C294&amp;ssl=1 768w, https:\/\/i0.wp.com\/tmfwarszawa.pl\/wp-content\/uploads\/2017\/08\/PAP_TMF_2015.png?resize=1024%2C393&amp;ssl=1 1024w\" alt=\"\" \t\tclass=\"so-widget-image\"\/>\n\t<\/a><\/div>\n\n<\/div><\/div><div id=\"panel-294-1-0-1\" class=\"so-panel widget widget_sow-image\" data-index=\"2\" ><div\n\t\t\t\n\t\t\tclass=\"so-widget-sow-image so-widget-sow-image-default-dbf295114b96-294\"\n\t\t\t\n\t\t>\n<div class=\"sow-image-container\">\n\t\t\t<a href=\"http:\/\/www.polska.pl\/biznes-i-nauka\/osiagniecia-w-nauce\/sukces-polskich-mlodych-fizykow\/\"\n\t\t\ttarget=\"_blank\" rel=\"noopener noreferrer\" \t\t>\n\t\t\t<img loading=\"lazy\" decoding=\"async\" src=\"https:\/\/i0.wp.com\/tmfwarszawa.pl\/wp-content\/uploads\/2017\/08\/Polska_TMF_2015.png?fit=1200%2C459&amp;ssl=1\" width=\"1200\" height=\"459\" srcset=\"https:\/\/i0.wp.com\/tmfwarszawa.pl\/wp-content\/uploads\/2017\/08\/Polska_TMF_2015.png?w=1200&amp;ssl=1 1200w, https:\/\/i0.wp.com\/tmfwarszawa.pl\/wp-content\/uploads\/2017\/08\/Polska_TMF_2015.png?resize=300%2C115&amp;ssl=1 300w, https:\/\/i0.wp.com\/tmfwarszawa.pl\/wp-content\/uploads\/2017\/08\/Polska_TMF_2015.png?resize=768%2C294&amp;ssl=1 768w, https:\/\/i0.wp.com\/tmfwarszawa.pl\/wp-content\/uploads\/2017\/08\/Polska_TMF_2015.png?resize=1024%2C392&amp;ssl=1 1024w\" alt=\"\" \t\tclass=\"so-widget-image\"\/>\n\t<\/a><\/div>\n\n<\/div><\/div><div id=\"panel-294-1-0-2\" class=\"so-panel widget widget_sow-image\" data-index=\"3\" ><div\n\t\t\t\n\t\t\tclass=\"so-widget-sow-image so-widget-sow-image-default-dbf295114b96-294\"\n\t\t\t\n\t\t>\n<div class=\"sow-image-container\">\n\t\t\t<a href=\"http:\/\/edukacja.dziennik.pl\/aktualnosci\/artykuly\/494432,miedzynarodowy-sukces-warszawskich-licealistow-scisly-final-w-turnieju-w-tajlandii.html\"\n\t\t\ttarget=\"_blank\" rel=\"noopener noreferrer\" \t\t>\n\t\t\t<img loading=\"lazy\" decoding=\"async\" src=\"https:\/\/i0.wp.com\/tmfwarszawa.pl\/wp-content\/uploads\/2017\/08\/Dziennik_TMF_2015.png?fit=1600%2C693&amp;ssl=1\" width=\"1600\" height=\"693\" srcset=\"https:\/\/i0.wp.com\/tmfwarszawa.pl\/wp-content\/uploads\/2017\/08\/Dziennik_TMF_2015.png?w=1600&amp;ssl=1 1600w, https:\/\/i0.wp.com\/tmfwarszawa.pl\/wp-content\/uploads\/2017\/08\/Dziennik_TMF_2015.png?resize=300%2C130&amp;ssl=1 300w, https:\/\/i0.wp.com\/tmfwarszawa.pl\/wp-content\/uploads\/2017\/08\/Dziennik_TMF_2015.png?resize=768%2C333&amp;ssl=1 768w, https:\/\/i0.wp.com\/tmfwarszawa.pl\/wp-content\/uploads\/2017\/08\/Dziennik_TMF_2015.png?resize=1024%2C444&amp;ssl=1 1024w, https:\/\/i0.wp.com\/tmfwarszawa.pl\/wp-content\/uploads\/2017\/08\/Dziennik_TMF_2015.png?w=1296&amp;ssl=1 1296w\" alt=\"\" \t\tclass=\"so-widget-image\"\/>\n\t<\/a><\/div>\n\n<\/div><\/div><div id=\"panel-294-1-0-3\" class=\"so-panel widget widget_sow-image\" data-index=\"4\" ><div\n\t\t\t\n\t\t\tclass=\"so-widget-sow-image so-widget-sow-image-default-dbf295114b96-294\"\n\t\t\t\n\t\t>\n<div class=\"sow-image-container\">\n\t\t\t<a href=\"https:\/\/www.youtube.com\/watch?v=0WYgYLLS5y4\"\n\t\t\ttarget=\"_blank\" rel=\"noopener noreferrer\" \t\t>\n\t\t\t<img loading=\"lazy\" decoding=\"async\" src=\"https:\/\/i0.wp.com\/tmfwarszawa.pl\/wp-content\/uploads\/2017\/08\/TVPPolonia_TMF_2015.png?fit=1200%2C460&amp;ssl=1\" width=\"1200\" height=\"460\" srcset=\"https:\/\/i0.wp.com\/tmfwarszawa.pl\/wp-content\/uploads\/2017\/08\/TVPPolonia_TMF_2015.png?w=1200&amp;ssl=1 1200w, https:\/\/i0.wp.com\/tmfwarszawa.pl\/wp-content\/uploads\/2017\/08\/TVPPolonia_TMF_2015.png?resize=300%2C115&amp;ssl=1 300w, https:\/\/i0.wp.com\/tmfwarszawa.pl\/wp-content\/uploads\/2017\/08\/TVPPolonia_TMF_2015.png?resize=768%2C294&amp;ssl=1 768w, https:\/\/i0.wp.com\/tmfwarszawa.pl\/wp-content\/uploads\/2017\/08\/TVPPolonia_TMF_2015.png?resize=1024%2C393&amp;ssl=1 1024w\" alt=\"\" \t\tclass=\"so-widget-image\"\/>\n\t<\/a><\/div>\n\n<\/div><\/div><div id=\"panel-294-1-0-4\" class=\"so-panel widget widget_sow-image\" data-index=\"5\" ><div\n\t\t\t\n\t\t\tclass=\"so-widget-sow-image so-widget-sow-image-default-dbf295114b96-294\"\n\t\t\t\n\t\t>\n<div class=\"sow-image-container\">\n\t\t\t<a href=\"http:\/\/wyborcza.pl\/1,75478,18358922,polskie-nastolatki-wrocily-z-konkursow-fizycznych-w-indiach.html\"\n\t\t\ttarget=\"_blank\" rel=\"noopener noreferrer\" \t\t>\n\t\t\t<img loading=\"lazy\" decoding=\"async\" src=\"https:\/\/i0.wp.com\/tmfwarszawa.pl\/wp-content\/uploads\/2017\/08\/wyborcza_TMF_2015.png?fit=1200%2C461&amp;ssl=1\" width=\"1200\" height=\"461\" srcset=\"https:\/\/i0.wp.com\/tmfwarszawa.pl\/wp-content\/uploads\/2017\/08\/wyborcza_TMF_2015.png?w=1200&amp;ssl=1 1200w, https:\/\/i0.wp.com\/tmfwarszawa.pl\/wp-content\/uploads\/2017\/08\/wyborcza_TMF_2015.png?resize=300%2C115&amp;ssl=1 300w, https:\/\/i0.wp.com\/tmfwarszawa.pl\/wp-content\/uploads\/2017\/08\/wyborcza_TMF_2015.png?resize=768%2C295&amp;ssl=1 768w, https:\/\/i0.wp.com\/tmfwarszawa.pl\/wp-content\/uploads\/2017\/08\/wyborcza_TMF_2015.png?resize=1024%2C393&amp;ssl=1 1024w\" alt=\"\" \t\tclass=\"so-widget-image\"\/>\n\t<\/a><\/div>\n\n<\/div><\/div><div id=\"panel-294-1-0-5\" class=\"so-panel widget widget_sow-image\" data-index=\"6\" ><div\n\t\t\t\n\t\t\tclass=\"so-widget-sow-image so-widget-sow-image-default-dbf295114b96-294\"\n\t\t\t\n\t\t>\n<div class=\"sow-image-container\">\n\t\t\t<a href=\"http:\/\/wawalove.pl\/Miedzynarodowy-sukces-warszawskich-licealistow-a19120\"\n\t\t\ttarget=\"_blank\" rel=\"noopener noreferrer\" \t\t>\n\t\t\t<img loading=\"lazy\" decoding=\"async\" src=\"https:\/\/i0.wp.com\/tmfwarszawa.pl\/wp-content\/uploads\/2017\/08\/wawa_love_TMF.png?fit=1376%2C537&amp;ssl=1\" width=\"1376\" height=\"537\" srcset=\"https:\/\/i0.wp.com\/tmfwarszawa.pl\/wp-content\/uploads\/2017\/08\/wawa_love_TMF.png?w=1376&amp;ssl=1 1376w, https:\/\/i0.wp.com\/tmfwarszawa.pl\/wp-content\/uploads\/2017\/08\/wawa_love_TMF.png?resize=300%2C117&amp;ssl=1 300w, https:\/\/i0.wp.com\/tmfwarszawa.pl\/wp-content\/uploads\/2017\/08\/wawa_love_TMF.png?resize=768%2C300&amp;ssl=1 768w, https:\/\/i0.wp.com\/tmfwarszawa.pl\/wp-content\/uploads\/2017\/08\/wawa_love_TMF.png?resize=1024%2C400&amp;ssl=1 1024w, https:\/\/i0.wp.com\/tmfwarszawa.pl\/wp-content\/uploads\/2017\/08\/wawa_love_TMF.png?w=1296&amp;ssl=1 1296w\" alt=\"\" \t\tclass=\"so-widget-image\"\/>\n\t<\/a><\/div>\n\n<\/div><\/div><div id=\"panel-294-1-0-6\" class=\"so-panel widget widget_sow-image\" data-index=\"7\" ><div\n\t\t\t\n\t\t\tclass=\"so-widget-sow-image so-widget-sow-image-default-dbf295114b96-294\"\n\t\t\t\n\t\t>\n<div class=\"sow-image-container\">\n\t\t\t<a href=\"http:\/\/edukacja.warszawa.pl\/dla-ucznia-i-rodzica\/konkursy-i-olimpiady\/8468-miedzynarodowy-sukces-warszawskich-uczniow-w-turnieju\" target=\"_blank\" rel=\"noopener noreferrer\" class=\"broken_link\">\n\t\t\t<img loading=\"lazy\" decoding=\"async\" src=\"https:\/\/i0.wp.com\/tmfwarszawa.pl\/wp-content\/uploads\/2017\/08\/Miasto_TMF_2015.png?fit=1200%2C460&amp;ssl=1\" width=\"1200\" height=\"460\" srcset=\"https:\/\/i0.wp.com\/tmfwarszawa.pl\/wp-content\/uploads\/2017\/08\/Miasto_TMF_2015.png?w=1200&amp;ssl=1 1200w, https:\/\/i0.wp.com\/tmfwarszawa.pl\/wp-content\/uploads\/2017\/08\/Miasto_TMF_2015.png?resize=300%2C115&amp;ssl=1 300w, https:\/\/i0.wp.com\/tmfwarszawa.pl\/wp-content\/uploads\/2017\/08\/Miasto_TMF_2015.png?resize=768%2C294&amp;ssl=1 768w, https:\/\/i0.wp.com\/tmfwarszawa.pl\/wp-content\/uploads\/2017\/08\/Miasto_TMF_2015.png?resize=1024%2C393&amp;ssl=1 1024w\" alt=\"\" \t\tclass=\"so-widget-image\"\/>\n\t<\/a><\/div>\n\n<\/div><\/div><div id=\"panel-294-1-0-7\" class=\"so-panel widget widget_sow-image\" data-index=\"8\" ><div\n\t\t\t\n\t\t\tclass=\"so-widget-sow-image so-widget-sow-image-default-dbf295114b96-294\"\n\t\t\t\n\t\t>\n<div class=\"sow-image-container\">\n\t\t\t<a href=\"http:\/\/www.pragapld.waw.pl\/drugie-miejsce-polakow-w-miedzynarodowym-turnieju-mlodych-fizykow.html\" target=\"_blank\" rel=\"noopener noreferrer\" class=\"broken_link\">\n\t\t\t<img loading=\"lazy\" decoding=\"async\" src=\"https:\/\/i0.wp.com\/tmfwarszawa.pl\/wp-content\/uploads\/2017\/08\/PragaPoludnie_TMF_2015.png?fit=1200%2C460&amp;ssl=1\" width=\"1200\" height=\"460\" srcset=\"https:\/\/i0.wp.com\/tmfwarszawa.pl\/wp-content\/uploads\/2017\/08\/PragaPoludnie_TMF_2015.png?w=1200&amp;ssl=1 1200w, https:\/\/i0.wp.com\/tmfwarszawa.pl\/wp-content\/uploads\/2017\/08\/PragaPoludnie_TMF_2015.png?resize=300%2C115&amp;ssl=1 300w, https:\/\/i0.wp.com\/tmfwarszawa.pl\/wp-content\/uploads\/2017\/08\/PragaPoludnie_TMF_2015.png?resize=768%2C294&amp;ssl=1 768w, https:\/\/i0.wp.com\/tmfwarszawa.pl\/wp-content\/uploads\/2017\/08\/PragaPoludnie_TMF_2015.png?resize=1024%2C393&amp;ssl=1 1024w\" alt=\"\" \t\tclass=\"so-widget-image\"\/>\n\t<\/a><\/div>\n\n<\/div><\/div><div id=\"panel-294-1-0-8\" class=\"so-panel widget widget_sow-image\" data-index=\"9\" ><div\n\t\t\t\n\t\t\tclass=\"so-widget-sow-image so-widget-sow-image-default-dbf295114b96-294\"\n\t\t\t\n\t\t>\n<div class=\"sow-image-container\">\n\t\t\t<a href=\"http:\/\/www.wykop.pl\/link\/2655343\/polskie-nastolatki-wrocily-z-konkursow-fizycznych-w-azji-z-medalami\/\"\n\t\t\ttarget=\"_blank\" rel=\"noopener noreferrer\" \t\t>\n\t\t\t<img loading=\"lazy\" decoding=\"async\" src=\"https:\/\/i0.wp.com\/tmfwarszawa.pl\/wp-content\/uploads\/2017\/08\/wykop_TMF_2015.png?fit=1200%2C460&amp;ssl=1\" width=\"1200\" height=\"460\" srcset=\"https:\/\/i0.wp.com\/tmfwarszawa.pl\/wp-content\/uploads\/2017\/08\/wykop_TMF_2015.png?w=1200&amp;ssl=1 1200w, https:\/\/i0.wp.com\/tmfwarszawa.pl\/wp-content\/uploads\/2017\/08\/wykop_TMF_2015.png?resize=300%2C115&amp;ssl=1 300w, https:\/\/i0.wp.com\/tmfwarszawa.pl\/wp-content\/uploads\/2017\/08\/wykop_TMF_2015.png?resize=768%2C294&amp;ssl=1 768w, https:\/\/i0.wp.com\/tmfwarszawa.pl\/wp-content\/uploads\/2017\/08\/wykop_TMF_2015.png?resize=1024%2C393&amp;ssl=1 1024w\" alt=\"\" \t\tclass=\"so-widget-image\"\/>\n\t<\/a><\/div>\n\n<\/div><\/div><div id=\"panel-294-1-0-9\" class=\"so-panel widget widget_sow-image panel-last-child\" data-index=\"10\" ><div\n\t\t\t\n\t\t\tclass=\"so-widget-sow-image so-widget-sow-image-default-dbf295114b96-294\"\n\t\t\t\n\t\t>\n<div class=\"sow-image-container\">\n\t\t\t<a href=\"http:\/\/www.manager.co.th\/Science\/ViewNews.aspx?NewsID=9580000075323\"\n\t\t\ttarget=\"_blank\" rel=\"noopener noreferrer\" \t\t>\n\t\t\t<img loading=\"lazy\" decoding=\"async\" src=\"https:\/\/i0.wp.com\/tmfwarszawa.pl\/wp-content\/uploads\/2017\/08\/Science_Technology_TMF_2015.png?fit=1200%2C460&amp;ssl=1\" width=\"1200\" height=\"460\" srcset=\"https:\/\/i0.wp.com\/tmfwarszawa.pl\/wp-content\/uploads\/2017\/08\/Science_Technology_TMF_2015.png?w=1200&amp;ssl=1 1200w, https:\/\/i0.wp.com\/tmfwarszawa.pl\/wp-content\/uploads\/2017\/08\/Science_Technology_TMF_2015.png?resize=300%2C115&amp;ssl=1 300w, https:\/\/i0.wp.com\/tmfwarszawa.pl\/wp-content\/uploads\/2017\/08\/Science_Technology_TMF_2015.png?resize=768%2C294&amp;ssl=1 768w, https:\/\/i0.wp.com\/tmfwarszawa.pl\/wp-content\/uploads\/2017\/08\/Science_Technology_TMF_2015.png?resize=1024%2C393&amp;ssl=1 1024w\" alt=\"\" \t\tclass=\"so-widget-image\"\/>\n\t<\/a><\/div>\n\n<\/div><\/div><\/div><\/div><\/div>","protected":false},"excerpt":{"rendered":"<p>Ostatni rok zaowocowa\u0142 wieloma sukcesami, kt\u00f3re zosta\u0142y zauwa\u017cone przez nasza krajowa jak i zagraniczne media.\u00a0<\/p>\n","protected":false},"author":1,"featured_media":0,"parent":275,"menu_order":0,"comment_status":"closed","ping_status":"closed","template":"","meta":{"jetpack_post_was_ever_published":false,"footnotes":""},"class_list":["post-294","page","type-page","status-publish","hentry"],"jetpack_sharing_enabled":true,"jetpack_shortlink":"https:\/\/wp.me\/P4R8YU-4K","jetpack-related-posts":[],"jetpack_likes_enabled":true,"_links":{"self":[{"href":"https:\/\/tmfwarszawa.pl\/index.php\/wp-json\/wp\/v2\/pages\/294","targetHints":{"allow":["GET"]}}],"collection":[{"href":"https:\/\/tmfwarszawa.pl\/index.php\/wp-json\/wp\/v2\/pages"}],"about":[{"href":"https:\/\/tmfwarszawa.pl\/index.php\/wp-json\/wp\/v2\/types\/page"}],"author":[{"embeddable":true,"href":"https:\/\/tmfwarszawa.pl\/index.php\/wp-json\/wp\/v2\/users\/1"}],"replies":[{"embeddable":true,"href":"https:\/\/tmfwarszawa.pl\/index.php\/wp-json\/wp\/v2\/comments?post=294"}],"version-history":[{"count":14,"href":"https:\/\/tmfwarszawa.pl\/index.php\/wp-json\/wp\/v2\/pages\/294\/revisions"}],"predecessor-version":[{"id":1579,"href":"https:\/\/tmfwarszawa.pl\/index.php\/wp-json\/wp\/v2\/pages\/294\/revisions\/1579"}],"up":[{"embeddable":true,"href":"https:\/\/tmfwarszawa.pl\/index.php\/wp-json\/wp\/v2\/pages\/275"}],"wp:attachment":[{"href":"https:\/\/tmfwarszawa.pl\/index.php\/wp-json\/wp\/v2\/media?parent=294"}],"curies":[{"name":"wp","href":"https:\/\/api.w.org\/{rel}","templated":true}]}}