{"id":335,"date":"2017-08-05T10:06:33","date_gmt":"2017-08-05T10:06:33","guid":{"rendered":"http:\/\/tmfwarszawa.pl\/?page_id=335"},"modified":"2017-08-05T10:06:33","modified_gmt":"2017-08-05T10:06:33","slug":"sklad-druzyny-2016","status":"publish","type":"page","link":"https:\/\/tmfwarszawa.pl\/index.php\/archiwum\/sklad-druzyny-2016\/","title":{"rendered":"Sk\u0142ad dru\u017cyny 2016"},"content":{"rendered":"<h3>Sk\u0142ad reprezentacji:<\/h3>\n<p>Izabella \u017bebrowska (kapitan)<br \/>\nAnna Buchman<br \/>\nJakub Pazio<br \/>\nJakub Ogonowski<br \/>\nPawe\u0142 Galas<br \/>\nJan Frybes (rez)<br \/>\nEdyta Gierasimiuk (res)<br \/>\nLublana Szrom (rez)<\/p>\n<h3>Opiekun dru\u017cyny:<\/h3>\n<p>\u0141ukasz G\u0142adczuk<\/p>\n<p><strong>Afiliacja dru\u017cyny:<\/strong><\/p>\n<p><a href=\"https:\/\/web.archive.org\/web\/20160610165745\/http:\/\/fenix.club\/\">Klub Naukowy Fenix<\/a> <\/p>\n","protected":false},"excerpt":{"rendered":"<p>Sk\u0142ad reprezentacji: Izabella \u017bebrowska (kapitan) Anna Buchman Jakub Pazio Jakub Ogonowski Pawe\u0142 Galas Jan Frybes (rez) Edyta Gierasimiuk (res) Lublana Szrom (rez) Opiekun dru\u017cyny: \u0141ukasz G\u0142adczuk Afiliacja dru\u017cyny: Klub Naukowy Fenix<\/p>\n","protected":false},"author":1,"featured_media":0,"parent":15,"menu_order":0,"comment_status":"closed","ping_status":"closed","template":"","meta":{"jetpack_post_was_ever_published":false,"footnotes":""},"class_list":["post-335","page","type-page","status-publish","hentry"],"jetpack_sharing_enabled":true,"jetpack_shortlink":"https:\/\/wp.me\/P4R8YU-5p","jetpack-related-posts":[],"jetpack_likes_enabled":true,"_links":{"self":[{"href":"https:\/\/tmfwarszawa.pl\/index.php\/wp-json\/wp\/v2\/pages\/335","targetHints":{"allow":["GET"]}}],"collection":[{"href":"https:\/\/tmfwarszawa.pl\/index.php\/wp-json\/wp\/v2\/pages"}],"about":[{"href":"https:\/\/tmfwarszawa.pl\/index.php\/wp-json\/wp\/v2\/types\/page"}],"author":[{"embeddable":true,"href":"https:\/\/tmfwarszawa.pl\/index.php\/wp-json\/wp\/v2\/users\/1"}],"replies":[{"embeddable":true,"href":"https:\/\/tmfwarszawa.pl\/index.php\/wp-json\/wp\/v2\/comments?post=335"}],"version-history":[{"count":1,"href":"https:\/\/tmfwarszawa.pl\/index.php\/wp-json\/wp\/v2\/pages\/335\/revisions"}],"predecessor-version":[{"id":336,"href":"https:\/\/tmfwarszawa.pl\/index.php\/wp-json\/wp\/v2\/pages\/335\/revisions\/336"}],"up":[{"embeddable":true,"href":"https:\/\/tmfwarszawa.pl\/index.php\/wp-json\/wp\/v2\/pages\/15"}],"wp:attachment":[{"href":"https:\/\/tmfwarszawa.pl\/index.php\/wp-json\/wp\/v2\/media?parent=335"}],"curies":[{"name":"wp","href":"https:\/\/api.w.org\/{rel}","templated":true}]}}