{"id":350,"date":"2017-08-05T10:16:54","date_gmt":"2017-08-05T10:16:54","guid":{"rendered":"http:\/\/tmfwarszawa.pl\/?page_id=350"},"modified":"2018-08-05T11:32:16","modified_gmt":"2018-08-05T11:32:16","slug":"sklad-druzyny-2017","status":"publish","type":"page","link":"https:\/\/tmfwarszawa.pl\/index.php\/archiwum\/sklad-druzyny-2017\/","title":{"rendered":"Sk\u0142ad dru\u017cyny 2017"},"content":{"rendered":"<div id=\"pl-350\"  class=\"panel-layout\" ><div id=\"pg-350-0\"  class=\"panel-grid panel-no-style\" ><div id=\"pgc-350-0-0\"  class=\"panel-grid-cell\" ><div id=\"panel-350-0-0-0\" class=\"so-panel widget widget_sow-image panel-first-child\" data-index=\"0\" ><div\n\t\t\t\n\t\t\tclass=\"so-widget-sow-image so-widget-sow-image-default-dbf295114b96-350\"\n\t\t\t\n\t\t>\n<div class=\"sow-image-container\">\n\t\t<img loading=\"lazy\" decoding=\"async\" src=\"https:\/\/i0.wp.com\/tmfwarszawa.pl\/wp-content\/uploads\/2017\/08\/IYPT2017.jpg?fit=800%2C531&amp;ssl=1\" width=\"800\" height=\"531\" srcset=\"https:\/\/i0.wp.com\/tmfwarszawa.pl\/wp-content\/uploads\/2017\/08\/IYPT2017.jpg?w=800&amp;ssl=1 800w, https:\/\/i0.wp.com\/tmfwarszawa.pl\/wp-content\/uploads\/2017\/08\/IYPT2017.jpg?resize=300%2C199&amp;ssl=1 300w, https:\/\/i0.wp.com\/tmfwarszawa.pl\/wp-content\/uploads\/2017\/08\/IYPT2017.jpg?resize=768%2C510&amp;ssl=1 768w, https:\/\/i0.wp.com\/tmfwarszawa.pl\/wp-content\/uploads\/2017\/08\/IYPT2017.jpg?resize=272%2C182&amp;ssl=1 272w\" alt=\"\" \t\tclass=\"so-widget-image\"\/>\n\t<\/div>\n\n<\/div><\/div><div id=\"panel-350-0-0-1\" class=\"so-panel widget widget_sow-editor panel-last-child\" data-index=\"1\" ><div\n\t\t\t\n\t\t\tclass=\"so-widget-sow-editor so-widget-sow-editor-base\"\n\t\t\t\n\t\t>\n<div class=\"siteorigin-widget-tinymce textwidget\">\n\t<h3>Sk\u0142ad reprezentacji:<\/h3>\n<p>Marcin Augustynowicz (kapitan)<br \/> Adam Grzela<br \/> Filip Kubacki<br \/> Micha\u0142 Kubacki<br \/> Bart\u0142omiej Lewandowski<\/p>\n<h3>Opiekun dru\u017cyny:<\/h3>\n<p>\u0141ukasz G\u0142adczuk<br \/> Radost Waszkiewicz<\/p>\n<p><strong>Afiliacja dru\u017cyny:<\/strong><\/p>\n<p><a href=\"https:\/\/web.archive.org\/web\/20160610165745\/http:\/\/fenix.club\/\">Klub Naukowy Fenix<\/a><\/p>\n<\/div>\n<\/div><\/div><\/div><\/div><\/div>","protected":false},"excerpt":{"rendered":"<p>Sk\u0142ad reprezentacji: Marcin Augustynowicz (kapitan) Adam Grzela Filip Kubacki Micha\u0142 Kubacki Bart\u0142omiej Lewandowski Opiekun dru\u017cyny: \u0141ukasz G\u0142adczuk Radost Waszkiewicz Afiliacja dru\u017cyny: Klub Naukowy Fenix<\/p>\n","protected":false},"author":1,"featured_media":0,"parent":15,"menu_order":0,"comment_status":"closed","ping_status":"closed","template":"","meta":{"jetpack_post_was_ever_published":false,"footnotes":""},"class_list":["post-350","page","type-page","status-publish","hentry"],"jetpack_sharing_enabled":true,"jetpack_shortlink":"https:\/\/wp.me\/P4R8YU-5E","jetpack-related-posts":[],"jetpack_likes_enabled":true,"_links":{"self":[{"href":"https:\/\/tmfwarszawa.pl\/index.php\/wp-json\/wp\/v2\/pages\/350","targetHints":{"allow":["GET"]}}],"collection":[{"href":"https:\/\/tmfwarszawa.pl\/index.php\/wp-json\/wp\/v2\/pages"}],"about":[{"href":"https:\/\/tmfwarszawa.pl\/index.php\/wp-json\/wp\/v2\/types\/page"}],"author":[{"embeddable":true,"href":"https:\/\/tmfwarszawa.pl\/index.php\/wp-json\/wp\/v2\/users\/1"}],"replies":[{"embeddable":true,"href":"https:\/\/tmfwarszawa.pl\/index.php\/wp-json\/wp\/v2\/comments?post=350"}],"version-history":[{"count":11,"href":"https:\/\/tmfwarszawa.pl\/index.php\/wp-json\/wp\/v2\/pages\/350\/revisions"}],"predecessor-version":[{"id":1470,"href":"https:\/\/tmfwarszawa.pl\/index.php\/wp-json\/wp\/v2\/pages\/350\/revisions\/1470"}],"up":[{"embeddable":true,"href":"https:\/\/tmfwarszawa.pl\/index.php\/wp-json\/wp\/v2\/pages\/15"}],"wp:attachment":[{"href":"https:\/\/tmfwarszawa.pl\/index.php\/wp-json\/wp\/v2\/media?parent=350"}],"curies":[{"name":"wp","href":"https:\/\/api.w.org\/{rel}","templated":true}]}}