{"id":353,"date":"2017-08-05T10:19:58","date_gmt":"2017-08-05T10:19:58","guid":{"rendered":"http:\/\/tmfwarszawa.pl\/?page_id=353"},"modified":"2019-02-09T23:00:03","modified_gmt":"2019-02-09T23:00:03","slug":"zadania-2017-pol","status":"publish","type":"page","link":"https:\/\/tmfwarszawa.pl\/index.php\/archiwum\/sklad-druzyny-2017\/zadania-2017-pol\/","title":{"rendered":"Zadania 2017 (pol)"},"content":{"rendered":"<p><strong>1. Wymy\u015bl sam<\/strong><br \/>\nZbuduj bierne urz\u0105dzenie, kt\u00f3re zapewni bezpieczne l\u0105dowanie surowego jajka kurzego na twardej powierzchni z wysoko\u015bci 2.5 m. Urz\u0105dzenie musi spada\u0107 razem z jajkiem. Jaki jest najmniejszy mo\u017cliwy rozmiar urz\u0105dzenia?<\/p>\n<p><strong>2. Tr\u0105bka z balonu<\/strong><br \/>\nProst\u0105 tr\u0105bk\u0119 mo\u017cna zbudowa\u0107 naci\u0105gaj\u0105c balon na otw\u00f3r\u00a0ma\u0142ego naczynia lub\u00a0kubka z rurk\u0105\u00a0przechodz\u0105c\u0105 przez\u00a0jego dno (patrz\u00a0rysunek). D\u017awi\u0119k mo\u017cna uzyska\u0107 dmuchaj\u0105c przez ma\u0142\u0105<br \/>\ndziurk\u0119 zrobion\u0105 w \u015bciance naczynia. Zbadaj, jak istotne\u00a0parametry wp\u0142ywaj\u0105 na wytwarzany d\u017awi\u0119k.<\/p>\n<p><strong>3. Jedno-soczewkowy teleskop<\/strong><br \/>\nTeleskop mo\u017cna zbudowa\u0107 u\u017cywaj\u0105c jednej soczewki, je\u015bli\u00a0zamiast okularu zostanie u\u017cyta przes\u0142ona z ma\u0142ym otworem.\u00a0Jak parametry soczewki i otworu wp\u0142ywaj\u0105 na uzyskany\u00a0obraz (np. powi\u0119kszenie, ostro\u015b\u0107 i jasno\u015b\u0107)?<\/p>\n<p><strong>4. Magnetyczne wzg\u00f3rza<\/strong><br \/>\nNiewielka ilo\u015b\u0107 magnetycznej cieczy (z ang. ferrofluid)\u00a0umieszczonej w niejednorodnym polu magnetycznym\u00a0tworzy figury przypominaj\u0105ce wzg\u00f3rza. Zbadaj, jak\u00a0w\u0142a\u015bciwo\u015bci powsta\u0142ych struktur zale\u017c\u0105 od istotnych\u00a0parametr\u00f3w uk\u0142adu.<\/p>\n<p><strong>5. Gwiazdy Leidenfrost\u2019a<\/strong><br \/>\nEfekt Leidenfrost\u2019a polega na tym, \u017ce kropla wody\u00a0umieszczona na gor\u0105cej powierzchni mo\u017ce si\u0119 na niej\u00a0utrzymywa\u0107 przez kilka minut. W pewnych warunkach taka\u00a0kropla oscyluje tworz\u0105c kszta\u0142ty przypominaj\u0105ce gwiazdy.Wzbud\u017a r\u00f3\u017cne mody drga\u0144\u00a0i zbadaj je.<\/p>\n<p><strong>6. Szybki \u0142a\u0144cuch<\/strong><br \/>\n\u0141a\u0144cuch sk\u0142adaj\u0105cy si\u0119\u00a0z naprzemiennie odchylonych\u00a0od kierunku pionowego\u00a0drewnianych pr\u0119t\u00f3w\u00a0po\u0142\u0105czonych dwiema linkami\u00a0(patrz rysunek) jest zawieszony\u00a0pionowo. Po puszczeniu,\u00a0\u0142a\u0144cuch ten porusza si\u0119\u00a0szybciej, gdy spada na poziom\u0105\u00a0powierzchni\u0119, ni\u017c spadaj\u0105c z tej\u00a0samej wysoko\u015bci swobodnie.\u00a0Wyja\u015bnij to zjawisko i zbadaj\u00a0istotne parametry wp\u0142ywaj\u0105ce\u00a0na ruch \u0142a\u0144cucha.<\/p>\n<p><strong>7. Spiralne fale<\/strong><br \/>\nSpiralne fale oraz inne rodzaje falowych figur mo\u017cna\u00a0zaobserwowa\u0107 na cienkiej warstwie cieczy przep\u0142ywaj\u0105cej\u00a0po obracaj\u0105cym si\u0119 dysku. Zbadaj te falowe figury.<\/p>\n<p><strong>8. Obrazowanie g\u0119sto\u015bci<\/strong><br \/>\nFotografia Schlierena jest cz\u0119sto u\u017cywana do uwidaczniania\u00a0r\u00f3\u017cnic g\u0119sto\u015bci w gazie. Zbuduj uk\u0142ad Schlierena i zbadaj\u00a0dok\u0142adno\u015b\u0107 pomiaru r\u00f3\u017cnic g\u0119sto\u015bci.<\/p>\n<p><strong>9. Pi\u0142ka w rurze<\/strong><br \/>\nSzczelna przezroczysta rurka z ma\u0142\u0105 kulk\u0105 w \u015brodku jest\u00a0wype\u0142niona ciecz\u0105. Rurka jest odchylona od pionu, a jej\u00a0dolny koniec umocowany na osi silnika tak, \u017ce rurka porusza\u00a0si\u0119 po powierzchni sto\u017cka. Zbadaj ruch kulki w rurce\u00a0w zale\u017cno\u015bci od istotnych parametr\u00f3w uk\u0142adu.<\/p>\n<p><strong>10. Rozdzielanie szkie\u0142ek<\/strong><br \/>\nCienk\u0105 warstw\u0119 wody wprowad\u017a pomi\u0119dzy dwie szklane\u00a0p\u0142ytki i spr\u00f3buj je rozdzieli\u0107. Zbadaj parametry wp\u0142ywaj\u0105ce\u00a0na si\u0142\u0119 potrzebn\u0105 do rozdzielenia tych p\u0142ytek.<\/p>\n<p><strong>11. Higrometr w\u0142osowy<\/strong><br \/>\nProsty higrometr mo\u017ce zosta\u0107 zbudowany przy u\u017cyciu\u00a0ludzkich w\u0142os\u00f3w. Zbadaj jego dok\u0142adno\u015b\u0107 i czas reakcji\u00a0w zale\u017cno\u015bci od istotnych parametr\u00f3w uk\u0142adu.<\/p>\n<p><strong>12. \u017byroskop torsyjny<\/strong><br \/>\nUmocuj o\u015b ko\u0142a do sztywnej skr\u0119tnie\u00a0linki wisz\u0105cej pionowo (patrz\u00a0rysunek). Skr\u0119\u0107 link\u0119 i rozkr\u0119\u0107 ko\u0142o.\u00a0Zbadaj dynamik\u0119 tego uk\u0142adu.<\/p>\n<p><strong>13. Rezonuj\u0105cy kieliszek<\/strong><br \/>\nKieliszek do wina cz\u0119\u015bciowo\u00a0wype\u0142niony ciecz\u0105 mo\u017ce rezonowa\u0107\u00a0z d\u017awi\u0119kiem pochodz\u0105cym z g\u0142o\u015bnika.\u00a0Zbadaj jak zjawisko zale\u017cy od\u00a0r\u00f3\u017cnych parametr\u00f3w.<\/p>\n<p><strong>14. Gee-Haw Whammy Diddle<\/strong><br \/>\nGee-haw whammy diddle jest mechaniczn\u0105 zabawk\u0105\u00a0sk\u0142adaj\u0105c\u0105 si\u0119 z dw\u00f3ch drewnianych patyk\u00f3w &#8211; jednego\u00a0g\u0142adkiego i drugiego z wyci\u0119ciami oraz \u015bmig\u0142em na ko\u0144cu.\u00a0Gdy g\u0142adki patyk jest przeci\u0105gany po wci\u0119ciach drugiego,\u00a0\u015bmig\u0142o zaczyna si\u0119 obraca\u0107. Wyja\u015bnij to zjawisko i zbadaj\u00a0zale\u017cno\u015b\u0107 od istotnych parametr\u00f3w uk\u0142adu.<\/p>\n<p><strong>15. Ugotowane jajko<\/strong><br \/>\nZaproponuj nieinwazyjn\u0105 metod\u0119 sprawdzenia stopnia\u00a0ugotowania jajka kurzego. Zbadaj czu\u0142o\u015b\u0107 tej metody.<\/p>\n<p><strong>16. Synchronizuj\u0105ce si\u0119 metronomy<\/strong><br \/>\nKilka mechanicznych metronom\u00f3w ustawiono obok siebie\u00a0i uruchomiono z losow\u0105 faz\u0105 pocz\u0105tkow\u0105. W pewnych\u00a0warunkach, ju\u017c po kilku minutach, metronomy wychylaj\u0105 si\u0119\u00a0synchronicznie. Zbadaj to zjawisko.<\/p>\n<p><strong>17. Bazooka pr\u00f3\u017cniowa<\/strong><br \/>\n\u201eBazook\u0119 pr\u00f3\u017cniow\u0105\u201d mo\u017cna zbudowa\u0107 z plastikowej rury,\u00a0lekkiego pocisku i odkurzacza. Zbuduj takie urz\u0105dzenie\u00a0i usprawnij tak, by pr\u0119dko\u015b\u0107 pocisku by\u0142a najwi\u0119ksza.<\/p>\n<p style=\"text-align: right;\"><a href=\"http:\/\/tmfwarszawa.pl\/wp-content\/uploads\/2017\/08\/Problemy_2017_1.pdf\" target=\"_blank\" rel=\"noopener\">Pobierz pdf.<\/a><\/p>\n","protected":false},"excerpt":{"rendered":"<p>1. Wymy\u015bl sam Zbuduj bierne urz\u0105dzenie, kt\u00f3re zapewni bezpieczne l\u0105dowanie surowego jajka kurzego na twardej powierzchni z wysoko\u015bci 2.5 m. Urz\u0105dzenie musi spada\u0107 razem z jajkiem. Jaki jest najmniejszy mo\u017cliwy rozmiar urz\u0105dzenia? 2. Tr\u0105bka z balonu Prost\u0105 tr\u0105bk\u0119 mo\u017cna zbudowa\u0107 naci\u0105gaj\u0105c balon na otw\u00f3r\u00a0ma\u0142ego naczynia lub\u00a0kubka z rurk\u0105\u00a0przechodz\u0105c\u0105 przez\u00a0jego dno (patrz\u00a0rysunek). D\u017awi\u0119k mo\u017cna uzyska\u0107 dmuchaj\u0105c [&hellip;]<\/p>\n","protected":false},"author":1,"featured_media":0,"parent":350,"menu_order":0,"comment_status":"closed","ping_status":"closed","template":"","meta":{"jetpack_post_was_ever_published":false,"footnotes":""},"class_list":["post-353","page","type-page","status-publish","hentry"],"jetpack_sharing_enabled":true,"jetpack_shortlink":"https:\/\/wp.me\/P4R8YU-5H","jetpack-related-posts":[],"jetpack_likes_enabled":true,"_links":{"self":[{"href":"https:\/\/tmfwarszawa.pl\/index.php\/wp-json\/wp\/v2\/pages\/353","targetHints":{"allow":["GET"]}}],"collection":[{"href":"https:\/\/tmfwarszawa.pl\/index.php\/wp-json\/wp\/v2\/pages"}],"about":[{"href":"https:\/\/tmfwarszawa.pl\/index.php\/wp-json\/wp\/v2\/types\/page"}],"author":[{"embeddable":true,"href":"https:\/\/tmfwarszawa.pl\/index.php\/wp-json\/wp\/v2\/users\/1"}],"replies":[{"embeddable":true,"href":"https:\/\/tmfwarszawa.pl\/index.php\/wp-json\/wp\/v2\/comments?post=353"}],"version-history":[{"count":5,"href":"https:\/\/tmfwarszawa.pl\/index.php\/wp-json\/wp\/v2\/pages\/353\/revisions"}],"predecessor-version":[{"id":1588,"href":"https:\/\/tmfwarszawa.pl\/index.php\/wp-json\/wp\/v2\/pages\/353\/revisions\/1588"}],"up":[{"embeddable":true,"href":"https:\/\/tmfwarszawa.pl\/index.php\/wp-json\/wp\/v2\/pages\/350"}],"wp:attachment":[{"href":"https:\/\/tmfwarszawa.pl\/index.php\/wp-json\/wp\/v2\/media?parent=353"}],"curies":[{"name":"wp","href":"https:\/\/api.w.org\/{rel}","templated":true}]}}