{"id":359,"date":"2017-08-05T10:22:22","date_gmt":"2017-08-05T10:22:22","guid":{"rendered":"http:\/\/tmfwarszawa.pl\/?page_id=359"},"modified":"2017-08-05T10:31:08","modified_gmt":"2017-08-05T10:31:08","slug":"wyniki-2017","status":"publish","type":"page","link":"https:\/\/tmfwarszawa.pl\/index.php\/archiwum\/sklad-druzyny-2017\/wyniki-2017\/","title":{"rendered":"Wyniki 2017"},"content":{"rendered":"<h3>Etap korespondencyjny (25 stycznia)<\/h3>\n<p>Do zawod\u00f3w p\u00f3\u0142fina\u0142owych Turnieju M\u0142odych Fizyk\u00f3w zosta\u0142y zakwalifikowane dru\u017cyny:<\/p>\n<p><strong>okr\u0119g Warszawski (4 marca):<\/strong><\/p>\n<ul>\n<li>Klub Naukowy Fenix w Warszawie,<\/li>\n<li>IV Liceum Og\u00f3lnokszta\u0142c\u0105ce im. Tadeusza Ko\u015bciuszki w Toruniu,<\/li>\n<li>VIII Liceum Og\u00f3lnokszta\u0142c\u0105ce im. KEN w Gda\u0144sku,<\/li>\n<li>Liceum Og\u00f3lnokszta\u0142c\u0105ce im. Ziemi Kujawskiej we W\u0142oc\u0142awku,<\/li>\n<\/ul>\n<p><strong>okr\u0119g Wroc\u0142awski (11 marca):<\/strong><\/p>\n<ul>\n<li>Klub Amator\u00f3w Odkrywc\u00f3w Nauki w Bieczu,<\/li>\n<li>Zesp\u00f3\u0142 Szk\u00f3\u0142 Og\u00f3lnokszta\u0142c\u0105cych Nr 5 we Wroc\u0142awiu,<\/li>\n<li>V Liceum Og\u00f3lnokszta\u0142c\u0105ce im. Augusta Witkowskiego w Krakowie,<\/li>\n<li>Zesp\u00f3\u0142 Szk\u00f3\u0142 Nr 6 im. Jana III Sobieskiego w Krakowie<\/li>\n<\/ul>\n<h3><strong>P\u00f3\u0142fina\u0142y<\/strong><\/h3>\n<p><strong>Wyniki w Warszawie (4 marca):<\/strong><\/p>\n<p>I miejsce \u2013\u00a0<strong>Klub Naukowy Fenix, Warszawa,<\/strong><\/p>\n<p>II miejsce \u2013\u00a0<strong>Klub Naukowy Fizyk\u00f3w w Toruniu<\/strong>,<\/p>\n<p>III miejsce \u2013 Klub Naukowy Nikiel w Gda\u0144sku,<\/p>\n<p>IV miejsce \u2013 Liceum Og\u00f3lnokszta\u0142c\u0105ce im. Ziemi Kujawskiej we W\u0142oc\u0142awku,<\/p>\n<p><strong>Wyniki we Wroc\u0142awiu (11 marca):<\/strong><\/p>\n<p>I miejsce \u2013\u00a0<strong>V Liceum Og\u00f3lnokszta\u0142c\u0105ce im. Augusta Witkowskiego, Krak\u00f3w,<\/strong><\/p>\n<p>II miejsce \u2013\u00a0<strong>Zesp\u00f3\u0142 Szk\u00f3\u0142 Og\u00f3lnokszta\u0142c\u0105cych Nr 5, Wroc\u0142aw,<\/strong><\/p>\n<p>III miejsce \u2013 Klub Amator\u00f3w Odkrywc\u00f3w Nauki w Bieczu,<\/p>\n<p>IV miejsce \u2013\u00a0Zesp\u00f3\u0142 Szk\u00f3\u0142 Nr 6 im. Jana III Sobieskiego w Jastrz\u0119biu \u2013 Zdroju.<\/p>\n<h3>Fina\u0142y TMF<\/h3>\n<p>W zawodach fina\u0142owych Turnieju M\u0142odych Fizyk\u00f3w 2016 zwyci\u0119\u017cy\u0142a dru\u017cyna\u00a0<strong>Klubu Naukowego Fenix\u00a0<\/strong>w sk\u0142adzie:\u00a0Marcin Augustynowicz\u00a0(kapitan), Bart\u0142omiej Lewandowski, Filip Kubacki, Micha\u0142 Kubacki, Adam Grzela.<span id=\"more-174\"><\/span><\/p>\n<p><strong>Wyniki:<\/strong><\/p>\n<p>1.\u00a0Klub Naukowy Fenix, Warszawa \u2013\u00a0<strong>91.0 pkt,<\/strong><\/p>\n<p>2.\u00a0V Liceum Og\u00f3lnokszta\u0142c\u0105ce im. A. Witkowskiego w Krakowie \u2013\u00a0<strong>84.4 pkt,<\/strong><\/p>\n<p>3.\u00a0Klub Naukowy Nikiel w Gda\u0144sku \u2013\u00a0<strong>83.7 pkt,<\/strong><\/p>\n<p>4. Zesp\u00f3\u0142 Szk\u00f3\u0142 Og\u00f3lnokszta\u0142c\u0105cych Nr 5 we Wroc\u0142awiu \u2013\u00a0<strong>83.0 pkt,<\/strong><\/p>\n<p>5.\u00a0Klub Naukowy Fizyk\u00f3w w Toruniu \u2013\u00a0<strong>76.7\u00a0pkt.<\/strong><\/p>\n<h3>Fina\u0142y mi\u0119dzynarodowe<\/h3>\n<p>Fina\u0142y IYPT odby\u0142y si\u0119 w dniach 4 &#8211; 12 Lipca w Singapurze.\u00a0Dru\u017cyna z Polski reprezentowana przez cz\u0142onk\u00f3w Klubu Naukowego Fenix zdoby\u0142a\u00a0<b>z\u0142oty medal<\/b>\u00a0i zaj\u0119\u0142a 3 miejsce w \u015bcis\u0142ych fina\u0142ach Mi\u0119dzynarodowego Turnieju M\u0142odych Fizyk\u00f3w. szczeg\u00f3\u0142owe wyniki s\u0105 dost\u0119pne\u00a0<a href=\"http:\/\/results.iypt.org\/IYPT2015\/\">tutaj<\/a>. <\/p>\n","protected":false},"excerpt":{"rendered":"<p>Etap korespondencyjny (25 stycznia) Do zawod\u00f3w p\u00f3\u0142fina\u0142owych Turnieju M\u0142odych Fizyk\u00f3w zosta\u0142y zakwalifikowane dru\u017cyny: okr\u0119g Warszawski (4 marca): Klub Naukowy Fenix w Warszawie, IV Liceum Og\u00f3lnokszta\u0142c\u0105ce im. Tadeusza Ko\u015bciuszki w Toruniu, VIII Liceum Og\u00f3lnokszta\u0142c\u0105ce im. KEN w Gda\u0144sku, Liceum Og\u00f3lnokszta\u0142c\u0105ce im. Ziemi Kujawskiej we W\u0142oc\u0142awku, okr\u0119g Wroc\u0142awski (11 marca): Klub Amator\u00f3w Odkrywc\u00f3w Nauki w Bieczu, Zesp\u00f3\u0142 [&hellip;]<\/p>\n","protected":false},"author":1,"featured_media":0,"parent":350,"menu_order":0,"comment_status":"closed","ping_status":"closed","template":"","meta":{"jetpack_post_was_ever_published":false,"footnotes":""},"class_list":["post-359","page","type-page","status-publish","hentry"],"jetpack_sharing_enabled":true,"jetpack_shortlink":"https:\/\/wp.me\/P4R8YU-5N","jetpack-related-posts":[],"jetpack_likes_enabled":true,"_links":{"self":[{"href":"https:\/\/tmfwarszawa.pl\/index.php\/wp-json\/wp\/v2\/pages\/359","targetHints":{"allow":["GET"]}}],"collection":[{"href":"https:\/\/tmfwarszawa.pl\/index.php\/wp-json\/wp\/v2\/pages"}],"about":[{"href":"https:\/\/tmfwarszawa.pl\/index.php\/wp-json\/wp\/v2\/types\/page"}],"author":[{"embeddable":true,"href":"https:\/\/tmfwarszawa.pl\/index.php\/wp-json\/wp\/v2\/users\/1"}],"replies":[{"embeddable":true,"href":"https:\/\/tmfwarszawa.pl\/index.php\/wp-json\/wp\/v2\/comments?post=359"}],"version-history":[{"count":3,"href":"https:\/\/tmfwarszawa.pl\/index.php\/wp-json\/wp\/v2\/pages\/359\/revisions"}],"predecessor-version":[{"id":370,"href":"https:\/\/tmfwarszawa.pl\/index.php\/wp-json\/wp\/v2\/pages\/359\/revisions\/370"}],"up":[{"embeddable":true,"href":"https:\/\/tmfwarszawa.pl\/index.php\/wp-json\/wp\/v2\/pages\/350"}],"wp:attachment":[{"href":"https:\/\/tmfwarszawa.pl\/index.php\/wp-json\/wp\/v2\/media?parent=359"}],"curies":[{"name":"wp","href":"https:\/\/api.w.org\/{rel}","templated":true}]}}