{"id":5,"date":"2017-08-03T08:36:15","date_gmt":"2017-08-03T08:36:15","guid":{"rendered":"http:\/\/46.41.149.137\/tmfwarszawa\/?page_id=5"},"modified":"2023-08-25T23:44:10","modified_gmt":"2023-08-25T23:44:10","slug":"o-turnieju","status":"publish","type":"page","link":"https:\/\/tmfwarszawa.pl\/index.php\/o-turnieju\/","title":{"rendered":"O Turnieju"},"content":{"rendered":"<div id=\"pl-5\"  class=\"panel-layout\" ><div id=\"pg-5-0\"  class=\"panel-grid panel-no-style\" ><div id=\"pgc-5-0-0\"  class=\"panel-grid-cell\" ><div id=\"panel-5-0-0-0\" class=\"so-panel widget widget_sow-editor panel-first-child panel-last-child\" data-index=\"0\" ><div\n\t\t\t\n\t\t\tclass=\"so-widget-sow-editor so-widget-sow-editor-base\"\n\t\t\t\n\t\t><h3 class=\"widget-title\">Mi\u0119dzynarodowy Turniej M\u0142odych Fizyk\u00f3w<\/h3>\n<div class=\"siteorigin-widget-tinymce textwidget\">\n\t<p class=\"widget-title\" style=\"text-align: justify; text-justify: inter-word;\">Mi\u0119dzynarodowy Turniej M\u0142odych Fizyk\u00f3w (IYPT) to najwi\u0119ksze i najbardziej wp\u0142ywowe coroczne \u015bwiatowe mistrzostwa w fizyce. Co roku w zawodach uczestniczy tysi\u0105ce licealist\u00f3w z ca\u0142ego \u015bwiata, a przygotowania i przebieg zawod\u00f3w przyci\u0105ga uwag\u0119 najwa\u017cniejszych firm, o\u015brodk\u00f3w badawczych i medi\u00f3w. Przedmiotem zawod\u00f3w jest 17 nieegzaminacyjnych problem\u00f3w badawczych og\u0142aszanych na rok przed fina\u0142ami mi\u0119dzynarodowymi. Przygotowuj\u0105c opracowania uczestnicy w zespo\u0142ach maksymalnie 5 osobowych mog\u0105 korzysta\u0107 ze wszystkich dost\u0119pnych \u017ar\u00f3de\u0142. Wyniki ich pracy s\u0105 konfrontowane z wiedz\u0105 innych dru\u017cyn w tak zwanych walkach fizycznych, kt\u00f3rym przygl\u0105daj\u0105 si\u0119 i oceniaj\u0105 eksperci.<\/p>\n<\/div>\n<\/div><\/div><\/div><div id=\"pgc-5-0-1\"  class=\"panel-grid-cell\" ><div id=\"panel-5-0-1-0\" class=\"so-panel widget widget_sow-editor panel-first-child panel-last-child\" data-index=\"1\" ><div\n\t\t\t\n\t\t\tclass=\"so-widget-sow-editor so-widget-sow-editor-base\"\n\t\t\t\n\t\t>\n<div class=\"siteorigin-widget-tinymce textwidget\">\n\t<iframe loading=\"lazy\"  id=\"_ytid_91542\"  width=\"648\" height=\"365\"  data-origwidth=\"648\" data-origheight=\"365\" src=\"https:\/\/www.youtube.com\/embed\/O51W8D-qeiA?enablejsapi=1&autoplay=0&cc_load_policy=0&cc_lang_pref=&iv_load_policy=3&loop=0&modestbranding=0&rel=0&fs=1&playsinline=0&autohide=2&theme=dark&color=red&controls=1&\" class=\"__youtube_prefs__  no-lazyload\" title=\"YouTube player\"  allow=\"fullscreen; accelerometer; autoplay; clipboard-write; encrypted-media; gyroscope; picture-in-picture\" allowfullscreen data-no-lazy=\"1\" data-skipgform_ajax_framebjll=\"\"><\/iframe>\n<\/div>\n<\/div><\/div><\/div><\/div><div id=\"pg-5-1\"  class=\"panel-grid panel-no-style\" ><div id=\"pgc-5-1-0\"  class=\"panel-grid-cell\" ><div id=\"panel-5-1-0-0\" class=\"so-panel widget widget_sow-editor panel-first-child panel-last-child\" data-index=\"2\" ><div\n\t\t\t\n\t\t\tclass=\"so-widget-sow-editor so-widget-sow-editor-base\"\n\t\t\t\n\t\t>\n<div class=\"siteorigin-widget-tinymce textwidget\">\n\t<iframe loading=\"lazy\"  id=\"_ytid_87018\"  width=\"648\" height=\"486\"  data-origwidth=\"648\" data-origheight=\"486\" src=\"https:\/\/www.youtube.com\/embed\/YLUYDSfBeoE?enablejsapi=1&autoplay=0&cc_load_policy=0&cc_lang_pref=&iv_load_policy=3&loop=0&modestbranding=0&rel=0&fs=1&playsinline=0&autohide=2&theme=dark&color=red&controls=1&\" class=\"__youtube_prefs__  no-lazyload\" title=\"YouTube player\"  allow=\"fullscreen; accelerometer; autoplay; clipboard-write; encrypted-media; gyroscope; picture-in-picture\" allowfullscreen data-no-lazy=\"1\" data-skipgform_ajax_framebjll=\"\"><\/iframe>\n<\/div>\n<\/div><\/div><\/div><div id=\"pgc-5-1-1\"  class=\"panel-grid-cell\" ><div id=\"panel-5-1-1-0\" class=\"so-panel widget widget_sow-editor panel-first-child panel-last-child\" data-index=\"3\" ><div\n\t\t\t\n\t\t\tclass=\"so-widget-sow-editor so-widget-sow-editor-base\"\n\t\t\t\n\t\t><h3 class=\"widget-title\">Zadania<\/h3>\n<div class=\"siteorigin-widget-tinymce textwidget\">\n\t<p class=\"widget-title\" style=\"text-align: justify; text-justify: inter-word;\">Zaganianie stawiane przed uczestnikami mog\u0105 dotyczy\u0107 wszystkich dziedzin fizyki. Zazwyczaj dotycz\u0105 one zjawisk, kt\u00f3rych zaobserwowanie nie wymaga specjalistycznej aparatury badawczej, a podstawowe do\u015bwiadczania mo\u017cna wykona\u0107 w domu. Przyk\u0142adem takiego zadani mo\u017ce by\u0107 \"17. Czekoladowa histereza\" z 2014 roku. Zadanie polega\u0142o na zbadaniu, dlaczego czekolada kupiona w sklepie jest twarda i \u0142adnie si\u0119 \u0142amie, natomiast gdy taka czekolada si\u0119 roztopi i wr\u00f3ci do temperatury pokojowej, jest ju\u017c bardziej elastyczna i mo\u017ce nawet mniej smaczna. Zupe\u0142nie innym problemem jest zadanie \"11. P\u0142aski przep\u0142yw\" z 2012 roku. W zadaniu nale\u017ca\u0142o pomi\u0119dzy dwie r\u00f3wnoleg\u0142e p\u0142yty wla\u0107 lepk\u0105 ciecz (np. gliceryn\u0119) a nast\u0119pnie przez otw\u00f3r w jednej z nich wt\u0142oczy\u0107 mniej lepk\u0105 ciecz (np. wod\u0119). W rezultacie powstawa\u0142a niestabilno\u015b\u0107, kt\u00f3r\u0105 nale\u017ca\u0142o zbada\u0107 i wyja\u015bni\u0107.<\/p>\n<\/div>\n<\/div><\/div><\/div><\/div><div id=\"pg-5-2\"  class=\"panel-grid panel-no-style\" ><div id=\"pgc-5-2-0\"  class=\"panel-grid-cell\" ><div id=\"panel-5-2-0-0\" class=\"so-panel widget widget_sow-editor panel-first-child panel-last-child\" data-index=\"4\" ><div\n\t\t\t\n\t\t\tclass=\"so-widget-sow-editor so-widget-sow-editor-base\"\n\t\t\t\n\t\t><h3 class=\"widget-title\">Walka fizyczna<\/h3>\n<div class=\"siteorigin-widget-tinymce textwidget\">\n\t<p class=\"widget-title\" style=\"text-align: justify; text-justify: inter-word;\">Zawody Turnieju M\u0142odych Fizyk\u00f3w s\u0105 rozgrywane w formie walki fizyk\u00f3w. Ka\u017cdej z dru\u017cyn bior\u0105cych udzia\u0142 w walce przyporz\u0105dkowana zostaje jedna z r\u00f3l: referenta, oponenta albo recenzenta. W pierwszej kolejno\u015bci oponent wyzywa dru\u017cyn\u0119 referenta z jednego z 17 zada\u0144. Referent mo\u017ce przyj\u0105\u0107 lub odrzuci\u0107 wyzwanie, przy czym za odrzucenie wi\u0119cej ni\u017c trzech zada\u0144 regulamin przewiduje kary punktowe. Rozwi\u0105zanie przyj\u0119tego wyzwania jest przedstawiane w postaci 10 minutowej prezentacji. Oponent mo\u017ce zada\u0107 pytania, wyg\u0142osi\u0107 krytyczn\u0105 ocen\u0119 przedstawionego podej\u015bcia do problemu, a nast\u0119pnie nawi\u0105zuje pog\u0142\u0119bion\u0105 dyskusj\u0119 z referentem. Wszystkiemu bacznie przygl\u0105da si\u0119 trzecia dru\u017cyna (recenzent), kt\u00f3ra po zako\u0144czonej dyskusji ma mo\u017cliwo\u015b\u0107 zadania dodatkowych pyta\u0144 i przedstawienia recenzji do tej pory ogl\u0105danej prezentacji. Jury ocenia umiej\u0119tno\u015bci ka\u017cdej z dru\u017cyn w skali od 1 do 10, po czym zespo\u0142y zamieniaj\u0105 sie rolami.<\/p>\n<\/div>\n<\/div><\/div><\/div><div id=\"pgc-5-2-1\"  class=\"panel-grid-cell\" ><div id=\"panel-5-2-1-0\" class=\"so-panel widget widget_sow-image panel-first-child panel-last-child\" data-index=\"5\" ><div\n\t\t\t\n\t\t\tclass=\"so-widget-sow-image so-widget-sow-image-default-8b5b6f678277-5\"\n\t\t\t\n\t\t>\n<div class=\"sow-image-container\">\n\t\t<img loading=\"lazy\" decoding=\"async\" src=\"https:\/\/i0.wp.com\/tmfwarszawa.pl\/wp-content\/uploads\/2017\/08\/O_turnieju_image1.png?fit=337%2C237&amp;ssl=1\" width=\"337\" height=\"237\" srcset=\"https:\/\/i0.wp.com\/tmfwarszawa.pl\/wp-content\/uploads\/2017\/08\/O_turnieju_image1.png?w=337&amp;ssl=1 337w, https:\/\/i0.wp.com\/tmfwarszawa.pl\/wp-content\/uploads\/2017\/08\/O_turnieju_image1.png?resize=300%2C211&amp;ssl=1 300w\" alt=\"\" \t\tclass=\"so-widget-image\"\/>\n\t<\/div>\n\n<\/div><\/div><\/div><\/div><\/div>","protected":false},"excerpt":{"rendered":"<p>Mi\u0119dzynarodowy Turniej M\u0142odych Fizyk\u00f3w (IYPT) to najwi\u0119ksze i najbardziej wp\u0142ywowe coroczne \u015bwiatowe mistrzostwa w fizyce. Co roku w zawodach uczestniczy tysi\u0105ce licealist\u00f3w z ca\u0142ego \u015bwiata, a przygotowania i przebieg zawod\u00f3w przyci\u0105ga uwag\u0119 najwa\u017cniejszych firm, o\u015brodk\u00f3w badawczych i medi\u00f3w. Przedmiotem zawod\u00f3w jest 17 nieegzaminacyjnych problem\u00f3w badawczych og\u0142aszanych na rok przed fina\u0142ami mi\u0119dzynarodowymi. Przygotowuj\u0105c opracowania uczestnicy w [&hellip;]<\/p>\n","protected":false},"author":1,"featured_media":0,"parent":0,"menu_order":0,"comment_status":"closed","ping_status":"closed","template":"page-fullwidth.php","meta":{"jetpack_post_was_ever_published":false,"footnotes":""},"class_list":["post-5","page","type-page","status-publish","hentry"],"jetpack_sharing_enabled":true,"jetpack_shortlink":"https:\/\/wp.me\/P4R8YU-5","jetpack-related-posts":[],"jetpack_likes_enabled":true,"_links":{"self":[{"href":"https:\/\/tmfwarszawa.pl\/index.php\/wp-json\/wp\/v2\/pages\/5","targetHints":{"allow":["GET"]}}],"collection":[{"href":"https:\/\/tmfwarszawa.pl\/index.php\/wp-json\/wp\/v2\/pages"}],"about":[{"href":"https:\/\/tmfwarszawa.pl\/index.php\/wp-json\/wp\/v2\/types\/page"}],"author":[{"embeddable":true,"href":"https:\/\/tmfwarszawa.pl\/index.php\/wp-json\/wp\/v2\/users\/1"}],"replies":[{"embeddable":true,"href":"https:\/\/tmfwarszawa.pl\/index.php\/wp-json\/wp\/v2\/comments?post=5"}],"version-history":[{"count":19,"href":"https:\/\/tmfwarszawa.pl\/index.php\/wp-json\/wp\/v2\/pages\/5\/revisions"}],"predecessor-version":[{"id":2247,"href":"https:\/\/tmfwarszawa.pl\/index.php\/wp-json\/wp\/v2\/pages\/5\/revisions\/2247"}],"wp:attachment":[{"href":"https:\/\/tmfwarszawa.pl\/index.php\/wp-json\/wp\/v2\/media?parent=5"}],"curies":[{"name":"wp","href":"https:\/\/api.w.org\/{rel}","templated":true}]}}