{"id":93,"date":"2017-08-03T10:24:02","date_gmt":"2017-08-03T10:24:02","guid":{"rendered":"http:\/\/46.41.149.137\/tmfwarszawa\/?page_id=93"},"modified":"2018-01-21T21:12:51","modified_gmt":"2018-01-21T21:12:51","slug":"terminarz-2018","status":"publish","type":"page","link":"https:\/\/tmfwarszawa.pl\/index.php\/terminarz-2018\/","title":{"rendered":"Terminarz 2018"},"content":{"rendered":"<h3>Etap korespondencyjny<\/h3>\n<p>Prace na etap korespondencyjny nale\u017cy wys\u0142a\u0107 do p\u00f3\u0142nocy\u00a0<strong>15 stycznia<\/strong>\u00a0Wi\u0119cej informacji na temat przygotowania prac i sposobu dostarczenia ich do komitet\u00f3w okr\u0119gowych znajduje si\u0119 na stronie\u00a0<a href=\"http:\/\/tmf.org.pl\" target=\"_blank\" rel=\"noopener\">Polskiego TMF.<\/a><\/p>\n<h3>P\u00f3\u0142fina\u0142y<\/h3>\n<p>Warszawa:\u00a0<strong>10 marca o godz. 9:00<\/strong>\u00a0w Warszawie (Instytut Fizyki Polskiej Akademii Nauk)<br \/>\nWroc\u0142aw:\u00a0<strong>17 marca o godz. 10:00<\/strong>\u00a0w Warszawie (Instytut Fizyki Do\u015bwiadczalnej Uniwersytetu Wroc\u0142awskiego)<\/p>\n<h3>Fina\u0142y og\u00f3lnopolskie<\/h3>\n<p>Fina\u0142 Turnieju zostanie rozegrany w dniu\u00a0<strong>14 kwietnia\u00a0<\/strong>w Warszawie (Instytut Fizyki Polskiej Akademii Nauk).<\/p>\n<h3>Fina\u0142y\u00a0mi\u0119dzynarodowe<\/h3>\n<p>Tegoroczne zawody mi\u0119dzynarodowe odb\u0119d\u0105 si\u0119 w Chinach\u00a0w Pekinie\u00a0w dniach <b>19 lipca &#8211; 26 lipca<\/b> <\/p>\n","protected":false},"excerpt":{"rendered":"<p>Etap korespondencyjny Prace na etap korespondencyjny nale\u017cy wys\u0142a\u0107 do p\u00f3\u0142nocy\u00a015 stycznia\u00a0Wi\u0119cej informacji na temat przygotowania prac i sposobu dostarczenia ich do komitet\u00f3w okr\u0119gowych znajduje si\u0119 na stronie\u00a0Polskiego TMF. P\u00f3\u0142fina\u0142y Warszawa:\u00a010 marca o godz. 9:00\u00a0w Warszawie (Instytut Fizyki Polskiej Akademii Nauk) Wroc\u0142aw:\u00a017 marca o godz. 10:00\u00a0w Warszawie (Instytut Fizyki Do\u015bwiadczalnej Uniwersytetu Wroc\u0142awskiego) Fina\u0142y og\u00f3lnopolskie Fina\u0142 Turnieju [&hellip;]<\/p>\n","protected":false},"author":1,"featured_media":0,"parent":0,"menu_order":0,"comment_status":"closed","ping_status":"closed","template":"","meta":{"jetpack_post_was_ever_published":false,"footnotes":""},"class_list":["post-93","page","type-page","status-publish","hentry"],"jetpack_sharing_enabled":true,"jetpack_shortlink":"https:\/\/wp.me\/P4R8YU-1v","jetpack-related-posts":[],"jetpack_likes_enabled":true,"_links":{"self":[{"href":"https:\/\/tmfwarszawa.pl\/index.php\/wp-json\/wp\/v2\/pages\/93","targetHints":{"allow":["GET"]}}],"collection":[{"href":"https:\/\/tmfwarszawa.pl\/index.php\/wp-json\/wp\/v2\/pages"}],"about":[{"href":"https:\/\/tmfwarszawa.pl\/index.php\/wp-json\/wp\/v2\/types\/page"}],"author":[{"embeddable":true,"href":"https:\/\/tmfwarszawa.pl\/index.php\/wp-json\/wp\/v2\/users\/1"}],"replies":[{"embeddable":true,"href":"https:\/\/tmfwarszawa.pl\/index.php\/wp-json\/wp\/v2\/comments?post=93"}],"version-history":[{"count":6,"href":"https:\/\/tmfwarszawa.pl\/index.php\/wp-json\/wp\/v2\/pages\/93\/revisions"}],"predecessor-version":[{"id":1402,"href":"https:\/\/tmfwarszawa.pl\/index.php\/wp-json\/wp\/v2\/pages\/93\/revisions\/1402"}],"wp:attachment":[{"href":"https:\/\/tmfwarszawa.pl\/index.php\/wp-json\/wp\/v2\/media?parent=93"}],"curies":[{"name":"wp","href":"https:\/\/api.w.org\/{rel}","templated":true}]}}